{"id":4678,"date":"2022-01-24T10:29:28","date_gmt":"2022-01-24T08:29:28","guid":{"rendered":"https:\/\/hmei.hmzrinyi.hu\/?page_id=4678"},"modified":"2022-03-01T19:09:22","modified_gmt":"2022-03-01T17:09:22","slug":"flottakezeles","status":"publish","type":"page","link":"https:\/\/hmei.hu\/en\/szolgaltatasok\/flottakezeles\/","title":{"rendered":"Motor Vehicle Operation Department"},"content":{"rendered":"<section class=\"ls     fejlec is\"\n         id=\"fejlec-cimlap\"\n\t\t\t>\n\t<h6 class=\"d-none\">fejlec-cimlap<\/h6>\n\t\t<div class=\"container-fluid\">\n\t\t<div class=\"row\">\n\t\t\t<div class=\"col-xs-12 col-12 coverimg is\" >\n\t\n<div class=\"rellax\" data-rellax-speed=\"-4\"><img decoding=\"async\" class=\"asyncImage\" data-src=\"https:\/\/hmei.hu\/wp-content\/uploads\/2022\/01\/cover_5.jpg\" src=\"https:\/\/hmei.hu\/wp-content\/uploads\/2022\/02\/cover_5_small.jpg\"><\/div><\/div><!-- .col-* -->\n\t\t<\/div>\n\n\t<\/div>\n<\/section>\n<aside class=\"shortcode-widget-area\"><div id=\"custom_html-10\" class=\"widget_text widget widget_custom_html\"><h3 class=\"widget-title\">Szolg\u00e1ltat\u00e1s Slider<\/h3><div class=\"textwidget custom-html-widget\"><div class=\"cs cs2 is\" id=\"fejlec-iconslider\">\r\n    <div class=\"container\">\r\n    <div class=\"row\">\r\n    <div class=\"col-xs-12 col-12 fejlec-slider-ikonok\">\r\n        \r\n    <div class=\"owl-carousel owl-loaded owl-drag owl-theme\" data-items=\"5\" data-loop=\"false\" data-nav=\"true\" data-dots=\"false\" data-center=\"false\" data-autoplay=\"false\" data-responsive-lg=\"5\" data-responsive-md=\"4\" data-responsive-sm=\"3\" data-responsive-xs=\"1\" data-margin=\"2\">\r\n    \r\n    <span class=\"ingatlan\" data-index=\"0\">\r\n        <a lang=\"en-GB\" class=\"en\"  data-info=\"Real Estate\" href=\"\/en\/szolgaltatasok\/ingatlan\/\" target=\"_self\">\r\n            <img decoding=\"async\" src=\"\/wp-content\/uploads\/2022\/01\/luft-icon.png\" alt=\"\/\/www.hmei.hu\/wp-content\/uploads\/2022\/01\/luft-icon.png\">\r\n        <\/a>\r\n        <a lang=\"hu\" class=\"hu\" data-info=\"Ingatlan\" href=\"\/en\/szolgaltatasok\/ingatlan\/\" target=\"_self\" >\r\n            <img decoding=\"async\" src=\"\/wp-content\/uploads\/2022\/01\/luft-icon.png\" alt=\"\/\/www.hmei.hu\/wp-content\/uploads\/2022\/01\/luft-icon.png\">\r\n        <\/a>\r\n    <\/span>\r\n        \r\n    <span class=\"it\" data-index=\"1\">\r\n        <a lang=\"en-GB\" class=\"en\" data-info=\"IT\" href=\"\/en\/szolgaltatasok\/informatika\/\" target=\"_self\">\r\n            <img decoding=\"async\" src=\"\/wp-content\/uploads\/2022\/01\/luft-icon.png\" alt=\"\/\/www.hmei.hu\/wp-content\/uploads\/2022\/01\/luft-icon.png\">\r\n        <\/a>\r\n        <a lang=\"hu\" class=\"hu\" data-info=\"Informatika\" href=\"\/en\/szolgaltatasok\/informatika\/\" target=\"_self\">\r\n            <img decoding=\"async\" src=\"\/wp-content\/uploads\/2022\/01\/luft-icon.png\" alt=\"\/\/www.hmei.hu\/wp-content\/uploads\/2022\/01\/luft-icon.png\">\r\n        <\/a>\r\n    <\/span>\r\n        \r\n    <span class=\"orzes\" data-index=\"2\">\r\n        <a lang=\"en-GB\" class=\"en\" data-info=\"Security and protection\" href=\"\/en\/szolgaltatasok\/orzes-vedelem\/\" target=\"_self\">\r\n            <img decoding=\"async\" src=\"\/wp-content\/uploads\/2022\/01\/luft-icon.png\" alt=\"\/\/www.hmei.hu\/wp-content\/uploads\/2022\/01\/luft-icon.png\">\r\n        <\/a>\r\n        <a lang=\"hu\" class=\"hu\" data-info=\"\u0150rz\u00e9s-\u200bv\u00e9delemm\" href=\"\/en\/szolgaltatasok\/orzes-vedelem\/\" target=\"_self\">\r\n            <img decoding=\"async\" src=\"\/wp-content\/uploads\/2022\/01\/luft-icon.png\" alt=\"\/\/www.hmei.hu\/wp-content\/uploads\/2022\/01\/luft-icon.png\">\r\n        <\/a>\r\n    <\/span>\r\n        \r\n    <span class=\"ruhazat\" data-index=\"3\">\r\n        <a lang=\"en-GB\" class=\"en\" data-info=\"Textile industry\" href=\"\/en\/szolgaltatasok\/textilipar\/\" target=\"_self\">\r\n            <img decoding=\"async\" src=\"\/wp-content\/uploads\/2022\/01\/luft-icon.png\" alt=\"\/\/www.hmei.hu\/wp-content\/uploads\/2022\/01\/luft-icon.png\">\r\n        <\/a>\r\n        <a lang=\"hu\" class=\"hu\" data-info=\"Textilipar\" href=\"\/en\/szolgaltatasok\/textilipar\/\" target=\"_self\">\r\n            <img decoding=\"async\" src=\"\/wp-content\/uploads\/2022\/01\/luft-icon.png\" alt=\"\/\/www.hmei.hu\/wp-content\/uploads\/2022\/01\/luft-icon.png\">\r\n        <\/a>\r\n    <\/span>\r\n        \r\n    <span class=\"dron\" data-index=\"4\">\r\n        <a lang=\"en-GB\" class=\"en\" data-info=\"Aeronaitics\" href=\"\/en\/szolgaltatasok\/repules\/\" target=\"_self\">\r\n            <img decoding=\"async\" src=\"\/wp-content\/uploads\/2022\/01\/luft-icon.png\" alt=\"\/\/www.hmei.hu\/wp-content\/uploads\/2022\/01\/luft-icon.png\">\r\n        <\/a>\r\n        <a lang=\"hu\" class=\"hu\" data-info=\"Rep\u00fcl\u00e9s\" href=\"\/en\/szolgaltatasok\/repules\/\" target=\"_self\">\r\n            <img decoding=\"async\" src=\"\/wp-content\/uploads\/2022\/01\/luft-icon.png\" alt=\"\/\/www.hmei.hu\/wp-content\/uploads\/2022\/01\/luft-icon.png\">\r\n        <\/a>\r\n    <\/span>\r\n        \r\n    <span class=\"flotta\" data-index=\"5\">\r\n        <a lang=\"en-GB\" class=\"en\" data-info=\"Fleet management\" href=\"\/en\/szolgaltatasok\/flottakezeles\/\" target=\"_self\">\r\n            <img decoding=\"async\" src=\"\/wp-content\/uploads\/2022\/01\/luft-icon.png\" alt=\"\/wp-content\/uploads\/2022\/01\/luft-icon.png\">\r\n        <\/a>\r\n        <a lang=\"hu\" class=\"hu\" data-info=\"Flotta\u00adkezel\u00e9s\" href=\"\/en\/szolgaltatasok\/flottakezeles\/\" target=\"_self\">\r\n            <img decoding=\"async\" src=\"\/wp-content\/uploads\/2022\/01\/luft-icon.png\" alt=\"\/wp-content\/uploads\/2022\/01\/luft-icon.png\">\r\n        <\/a>\r\n    <\/span><\/div><\/div><\/div><\/div><\/div><\/div><\/div><\/aside>\n\n<section class=\"ls     fejlec-cimsor\"\n         id=\"belso-lista\"\n\t\t\t>\n\t<h6 class=\"d-none\">Bels\u0151 oldal f\u0151c\u00edm sor<\/h6>\n\t\t<div class=\"container\">\n\t\t<div class=\"row\">\n\t\t\t<div class=\"col-xs-12 col-12\" >\n\t\t<h1 class=\"special-heading text-left\">\n\t\t<span class=\"\">\n\t\tFLEET MANAGEMENT\t<\/span>\n\t<\/h1>\n<p><a href=\"..\/..\/\">HOME<\/a> <span class=\"elv\">\/<\/span> <a href=\"..\/\">SERVICES<\/a> <span class=\"elv\">\/<\/span> <em>FLEET MANAGEMENT<\/em><\/p><\/div><!-- .col-* -->\n\t\t<\/div>\n\n\t<\/div>\n<\/section>\n\n<section class=\"ls     nyitoblokk-hosszuszoveg-balikon is\"\n         id=\"fbl_1\"\n\t\t\t>\n\t<h6 class=\"d-none\">Tartalom<\/h6>\n\t\t<div class=\"container\">\n\t\t<div class=\"row\">\n\t\t\t<div class=\"col-xs-12 col-12 col-lg-1 blokk-szamozas\" >\n\t\t<h4 class=\"special-heading text-center\">\n\t\t<span class=\"text-uppercase\">\n\t\tL<br>T<br>I\t<\/span>\n\t<\/h4>\n<\/div><!-- .col-* -->\n<div class=\"col-xs-12 col-12 col-lg-3 ikon-oszlop\" >\n\t\n<span class=\"flotta iconcont\" ><img decoding=\"async\" src=\"\/\/hmei.hu\/wp-content\/uploads\/2022\/01\/luft-icon.png\" alt=\"\/\/hmei.hu\/wp-content\/uploads\/2022\/01\/luft-icon.png\" \/><img decoding=\"async\" src=\"\/\/hmei.hu\/wp-content\/uploads\/2022\/01\/luft-icon.png\" alt=\"\/\/hmei.hu\/wp-content\/uploads\/2022\/01\/luft-icon.png\" \/>\n<\/span>\t<h2 class=\"special-heading text-center\">\n\t\t<span class=\"\">\n\t\tMotor Vehicle Operation Department\t<\/span>\n\t<\/h2>\n\n<div class=\"soci\"><div class=\"rellax-cont\"><div class=\"rellax\" data-rellax-speed=\"-4\" data-rellax-min=\"0\"><span class=\"rellax-incont\"><span class=\"social-icons\">\n\t\t\t<a href=\"https:\/\/www.youtube.com\/channel\/UC4Lmxoh6tvJIV6ctnCaED7A\"\n\t\t   class=\"fa fa-youtube-play\">\n\n\t\t\t\t\t\t<span>HM EI Zrt. YouTube csatorn\u00e1ja <\/span>\t\t<\/a>\n\n\n\t\t<\/span>\n\n<\/span><\/div><\/div><\/div>\n<div class=\"srevonal-b\"><\/div><\/div><!-- .col-* -->\n<div class=\"col-xs-12 col-12 col-lg-6 nyitoblokk-tartalom\" >\n\t\t<h2 class=\"special-heading text-left\">\n\t\t<span class=\"\">\n\t\tMOTOR VEHICLE REPAIRS, OPERATION AND LEASING\t<\/span>\n\t<\/h2>\n\n<a name=\"G\u00e9pj\u00e1rm\u0171-\u00fczemeltet\u00e9si Oszt\u00e1ly\"><\/a>\t<h3 class=\"special-heading text-left\">\n\t\t<span class=\"big\">\n\t\tMotor Vehicle Operation Department\t<\/span>\n\t<\/h3>\n<p>A HM EI Zrt. has the capacity to operate and repair automobiles of any make and model.\nBesides repairing and maintaining our company\u2019s motor vehicles, the Motor Vehicle Operations Department offers leasing and fleet management services.<\/p><img decoding=\"async\" src=\"\/\/hmei.hu\/wp-content\/uploads\/2022\/02\/hmei_flottakezeles_02.jpg\" alt=\"\/\/hmei.hu\/wp-content\/uploads\/2022\/02\/hmei_flottakezeles_02.jpg\" \/>\n\t<div class=\"fw-divider-space\" style=\"margin-top: 10px;\"><\/div>\n<p>In our garage in Salg\u00f3tarj\u00e1ni \u00fat we have equipment to repair vehicles below 3.5 tons and trained professionals to service vehicles and to transport, repair and manage the insurance claims of vehicles that had accidents or are out of commission.<\/p><p>We use our diagnostic device to conduct repairs under and beyond guarantee period for Skoda, Volkswagen, Seat and Suzuki motor vehicles.<\/p><\/div><!-- .col-* -->\n<div class=\"col-xs-12 col-12 col-lg-3 imagehasab\" >\n\t\n<div id=\"content-height\"><div id=\"content-anchor\"><\/div><div id=\"sticky\"><div class=\"h-para asyncImage\" data-src=\"https:\/\/hmei.hu\/wp-content\/uploads\/2022\/01\/cover_5.jpg\" style=\"background-image: url('https:\/\/hmei.hu\/wp-content\/uploads\/2022\/02\/cover_5_small.jpg');\"><\/div><\/div><\/div><div id=\"content-end-anchor\"><\/div><\/div><!-- .col-* -->\n\t\t<\/div>\n\n\t<\/div>\n<\/section>","protected":false},"excerpt":{"rendered":"<p>fejlec-cimlap Szolg\u00e1ltat\u00e1s Slider Bels\u0151 oldal f\u0151c\u00edm sor Flottakezel\u00e9s C\u00edmlap \/ Szolg\u00e1ltat\u00e1sok \/ Flottakezel\u00e9s Tartalom LTI Flottakezel\u00e9s \u2014 G\u00e9pj\u00e1rm\u0171jav\u00edt\u00e1s, \u00fczemeltet\u00e9s \u00e9s b\u00e9rbead\u00e1s HM EI Zrt. YouTube csatorn\u00e1ja G\u00e9pj\u00e1rm\u0171-\u00fczemeltet\u00e9si Oszt\u00e1ly A HM EI Zrt. minden t\u00edpus\u00fa szem\u00e9lyg\u00e9pj\u00e1rm\u0171 \u00fczemeltet\u00e9s\u00e9re, jav\u00edt\u00e1s\u00e1ra felk\u00e9sz\u00fclt. A G\u00e9pj\u00e1rm\u0171-\u00fczemeltet\u00e9si Oszt\u00e1ly a T\u00e1rsas\u00e1g saj\u00e1t g\u00e9pj\u00e1rm\u0171parkj\u00e1nak jav\u00edt\u00e1s\u00e1n, fenntart\u00e1s\u00e1n fel\u00fcl b\u00e9rleti \u00e9s flottakezel\u00e9si szolg\u00e1ltat\u00e1st is biztos\u00edt. A [&hellip;]<\/p>\n","protected":false},"author":24,"featured_media":0,"parent":3936,"menu_order":0,"comment_status":"closed","ping_status":"closed","template":"page-templates\/full-width.php","meta":{"footnotes":""},"class_list":["post-4678","page","type-page","status-publish","hentry"],"_links":{"self":[{"href":"https:\/\/hmei.hu\/en\/wp-json\/wp\/v2\/pages\/4678","targetHints":{"allow":["GET"]}}],"collection":[{"href":"https:\/\/hmei.hu\/en\/wp-json\/wp\/v2\/pages"}],"about":[{"href":"https:\/\/hmei.hu\/en\/wp-json\/wp\/v2\/types\/page"}],"author":[{"embeddable":true,"href":"https:\/\/hmei.hu\/en\/wp-json\/wp\/v2\/users\/24"}],"replies":[{"embeddable":true,"href":"https:\/\/hmei.hu\/en\/wp-json\/wp\/v2\/comments?post=4678"}],"version-history":[{"count":46,"href":"https:\/\/hmei.hu\/en\/wp-json\/wp\/v2\/pages\/4678\/revisions"}],"predecessor-version":[{"id":6515,"href":"https:\/\/hmei.hu\/en\/wp-json\/wp\/v2\/pages\/4678\/revisions\/6515"}],"up":[{"embeddable":true,"href":"https:\/\/hmei.hu\/en\/wp-json\/wp\/v2\/pages\/3936"}],"wp:attachment":[{"href":"https:\/\/hmei.hu\/en\/wp-json\/wp\/v2\/media?parent=4678"}],"curies":[{"name":"wp","href":"https:\/\/api.w.org\/{rel}","templated":true}]}}