{"id":4710,"date":"2022-01-24T12:05:55","date_gmt":"2022-01-24T10:05:55","guid":{"rendered":"https:\/\/hmei.hmzrinyi.hu\/?page_id=4710"},"modified":"2022-04-12T20:24:26","modified_gmt":"2022-04-12T18:24:26","slug":"orzes-vedelem","status":"publish","type":"page","link":"https:\/\/hmei.hu\/en\/szolgaltatasok\/orzes-vedelem\/","title":{"rendered":"SECURITY AND PROPERTY PROTECTION \u2014 ASSET PROTECTION, SECURING EVENTS"},"content":{"rendered":"<section class=\"ls     fejlec is\"\n         id=\"fejlec-cimlap\"\n\t\t\t>\n\t<h6 class=\"d-none\">fejlec-cimlap<\/h6>\n\t\t<div class=\"container-fluid\">\n\t\t<div class=\"row\">\n\t\t\t<div class=\"col-xs-12 col-12 coverimg is\" >\n\t\n<div class=\"rellax\" data-rellax-speed=\"-4\"><img decoding=\"async\" class=\"asyncImage\" data-src=\"\/wp-content\/uploads\/2022\/01\/cover_9.jpg\" src=\"\/wp-content\/uploads\/2022\/02\/cover_9_small.jpg\"><\/div><\/div><!-- .col-* -->\n\t\t<\/div>\n\n\t<\/div>\n<\/section>\n<aside class=\"shortcode-widget-area\"><div id=\"custom_html-10\" class=\"widget_text widget widget_custom_html\"><h3 class=\"widget-title\">Szolg\u00e1ltat\u00e1s Slider<\/h3><div class=\"textwidget custom-html-widget\"><div class=\"cs cs2 is\" id=\"fejlec-iconslider\">\r\n    <div class=\"container\">\r\n    <div class=\"row\">\r\n    <div class=\"col-xs-12 col-12 fejlec-slider-ikonok\">\r\n        \r\n    <div class=\"owl-carousel owl-loaded owl-drag owl-theme\" data-items=\"5\" data-loop=\"false\" data-nav=\"true\" data-dots=\"false\" data-center=\"false\" data-autoplay=\"false\" data-responsive-lg=\"5\" data-responsive-md=\"4\" data-responsive-sm=\"3\" data-responsive-xs=\"1\" data-margin=\"2\">\r\n    \r\n    <span class=\"ingatlan\" data-index=\"0\">\r\n        <a lang=\"en-GB\" class=\"en\"  data-info=\"Real Estate\" href=\"\/en\/szolgaltatasok\/ingatlan\/\" target=\"_self\">\r\n            <img decoding=\"async\" src=\"\/wp-content\/uploads\/2022\/01\/luft-icon.png\" alt=\"\/\/www.hmei.hu\/wp-content\/uploads\/2022\/01\/luft-icon.png\">\r\n        <\/a>\r\n        <a lang=\"hu\" class=\"hu\" data-info=\"Ingatlan\" href=\"\/en\/szolgaltatasok\/ingatlan\/\" target=\"_self\" >\r\n            <img decoding=\"async\" src=\"\/wp-content\/uploads\/2022\/01\/luft-icon.png\" alt=\"\/\/www.hmei.hu\/wp-content\/uploads\/2022\/01\/luft-icon.png\">\r\n        <\/a>\r\n    <\/span>\r\n        \r\n    <span class=\"it\" data-index=\"1\">\r\n        <a lang=\"en-GB\" class=\"en\" data-info=\"IT\" href=\"\/en\/szolgaltatasok\/informatika\/\" target=\"_self\">\r\n            <img decoding=\"async\" src=\"\/wp-content\/uploads\/2022\/01\/luft-icon.png\" alt=\"\/\/www.hmei.hu\/wp-content\/uploads\/2022\/01\/luft-icon.png\">\r\n        <\/a>\r\n        <a lang=\"hu\" class=\"hu\" data-info=\"Informatika\" href=\"\/en\/szolgaltatasok\/informatika\/\" target=\"_self\">\r\n            <img decoding=\"async\" src=\"\/wp-content\/uploads\/2022\/01\/luft-icon.png\" alt=\"\/\/www.hmei.hu\/wp-content\/uploads\/2022\/01\/luft-icon.png\">\r\n        <\/a>\r\n    <\/span>\r\n        \r\n    <span class=\"orzes\" data-index=\"2\">\r\n        <a lang=\"en-GB\" class=\"en\" data-info=\"Security and protection\" href=\"\/en\/szolgaltatasok\/orzes-vedelem\/\" target=\"_self\">\r\n            <img decoding=\"async\" src=\"\/wp-content\/uploads\/2022\/01\/luft-icon.png\" alt=\"\/\/www.hmei.hu\/wp-content\/uploads\/2022\/01\/luft-icon.png\">\r\n        <\/a>\r\n        <a lang=\"hu\" class=\"hu\" data-info=\"\u0150rz\u00e9s-\u200bv\u00e9delemm\" href=\"\/en\/szolgaltatasok\/orzes-vedelem\/\" target=\"_self\">\r\n            <img decoding=\"async\" src=\"\/wp-content\/uploads\/2022\/01\/luft-icon.png\" alt=\"\/\/www.hmei.hu\/wp-content\/uploads\/2022\/01\/luft-icon.png\">\r\n        <\/a>\r\n    <\/span>\r\n        \r\n    <span class=\"ruhazat\" data-index=\"3\">\r\n        <a lang=\"en-GB\" class=\"en\" data-info=\"Textile industry\" href=\"\/en\/szolgaltatasok\/textilipar\/\" target=\"_self\">\r\n            <img decoding=\"async\" src=\"\/wp-content\/uploads\/2022\/01\/luft-icon.png\" alt=\"\/\/www.hmei.hu\/wp-content\/uploads\/2022\/01\/luft-icon.png\">\r\n        <\/a>\r\n        <a lang=\"hu\" class=\"hu\" data-info=\"Textilipar\" href=\"\/en\/szolgaltatasok\/textilipar\/\" target=\"_self\">\r\n            <img decoding=\"async\" src=\"\/wp-content\/uploads\/2022\/01\/luft-icon.png\" alt=\"\/\/www.hmei.hu\/wp-content\/uploads\/2022\/01\/luft-icon.png\">\r\n        <\/a>\r\n    <\/span>\r\n        \r\n    <span class=\"dron\" data-index=\"4\">\r\n        <a lang=\"en-GB\" class=\"en\" data-info=\"Aeronaitics\" href=\"\/en\/szolgaltatasok\/repules\/\" target=\"_self\">\r\n            <img decoding=\"async\" src=\"\/wp-content\/uploads\/2022\/01\/luft-icon.png\" alt=\"\/\/www.hmei.hu\/wp-content\/uploads\/2022\/01\/luft-icon.png\">\r\n        <\/a>\r\n        <a lang=\"hu\" class=\"hu\" data-info=\"Rep\u00fcl\u00e9s\" href=\"\/en\/szolgaltatasok\/repules\/\" target=\"_self\">\r\n            <img decoding=\"async\" src=\"\/wp-content\/uploads\/2022\/01\/luft-icon.png\" alt=\"\/\/www.hmei.hu\/wp-content\/uploads\/2022\/01\/luft-icon.png\">\r\n        <\/a>\r\n    <\/span>\r\n        \r\n    <span class=\"flotta\" data-index=\"5\">\r\n        <a lang=\"en-GB\" class=\"en\" data-info=\"Fleet management\" href=\"\/en\/szolgaltatasok\/flottakezeles\/\" target=\"_self\">\r\n            <img decoding=\"async\" src=\"\/wp-content\/uploads\/2022\/01\/luft-icon.png\" alt=\"\/wp-content\/uploads\/2022\/01\/luft-icon.png\">\r\n        <\/a>\r\n        <a lang=\"hu\" class=\"hu\" data-info=\"Flotta\u00adkezel\u00e9s\" href=\"\/en\/szolgaltatasok\/flottakezeles\/\" target=\"_self\">\r\n            <img decoding=\"async\" src=\"\/wp-content\/uploads\/2022\/01\/luft-icon.png\" alt=\"\/wp-content\/uploads\/2022\/01\/luft-icon.png\">\r\n        <\/a>\r\n    <\/span><\/div><\/div><\/div><\/div><\/div><\/div><\/div><\/aside>\n\n<section class=\"ls     fejlec-cimsor\"\n         id=\"belso-lista\"\n\t\t\t>\n\t<h6 class=\"d-none\">Bels\u0151 oldal f\u0151c\u00edm sor<\/h6>\n\t\t<div class=\"container\">\n\t\t<div class=\"row\">\n\t\t\t<div class=\"col-xs-12 col-12\" >\n\t\t<h1 class=\"special-heading text-left\">\n\t\t<span class=\"\">\n\t\tSECURITY AND PROPERTY PROTECTION\t<\/span>\n\t<\/h1>\n<p><a href=\"..\/..\/\">HOME<\/a> <span class=\"elv\">\/<\/span> <a href=\"..\/\">SERVICES<\/a> <span class=\"elv\">\/<\/span> <em>SECURITY AND PROPERTY PROTECTION<\/em><\/p><\/div><!-- .col-* -->\n\t\t<\/div>\n\n\t<\/div>\n<\/section>\n\n<section class=\"ls     nyitoblokk-hosszuszoveg-balikon is\"\n         id=\"fbl_1\"\n\t\t\t>\n\t<h6 class=\"d-none\">Tartalom<\/h6>\n\t\t<div class=\"container\">\n\t\t<div class=\"row\">\n\t\t\t<div class=\"col-xs-12 col-12 col-lg-1 blokk-szamozas\" >\n\t\t<h4 class=\"special-heading text-center\">\n\t\t<span class=\"text-uppercase\">\n\t\t\u0150<br>V<br>I\t<\/span>\n\t<\/h4>\n<\/div><!-- .col-* -->\n<div class=\"col-xs-12 col-12 col-lg-3 ikon-oszlop\" >\n\t\n<span class=\"orzes iconcont\"><img decoding=\"async\" src=\"\/\/hmei.hu\/wp-content\/uploads\/2022\/01\/luft-icon.png\" alt=\"\/\/hmei.hu\/wp-content\/uploads\/2022\/01\/luft-icon.png\" \/><img decoding=\"async\" src=\"\/\/hmei.hu\/wp-content\/uploads\/2022\/01\/luft-icon.png\" alt=\"\/\/hmei.hu\/wp-content\/uploads\/2022\/01\/luft-icon.png\" \/>\n<\/span>\t<h2 class=\"special-heading text-center\">\n\t\t<span class=\"\">\n\t\tSECURITY AND PROPERTY PROTECTION\t<\/span>\n\t<\/h2>\n\n<div class=\"soci\"><div class=\"rellax-cont\"><div id=\"rellaxline\" class=\"rellax\" data-rellax-speed=\"-10\" data-rellax-min=\"0\"><span class=\"rellax-incont\">        <div class=\"icon-box hero-bg text-left\">\n                        <a href=\"#kapcsolat\">\n                                <div class=\"icon-styled fs-20 round bg-maincolor\">\n                    <i class=\"fa fa-podcast\"><\/i>                <\/div>\n                            <\/a>\n                                                    <\/div><!-- .icon-box -->\n        \n<\/span><\/div><\/div><\/div>\n<div class=\"srevonal-b\"><\/div><\/div><!-- .col-* -->\n<div class=\"col-xs-12 col-12 col-lg-6 nyitoblokk-tartalom rellaxmax rmnec\" >\n\t\t<h2 class=\"special-heading text-left\">\n\t\t<span class=\"\">\n\t\tSECURITY AND PROPERTY PROTECTION\t<\/span>\n\t<\/h2>\n\t<h3 class=\"special-heading text-left\">\n\t\t<span class=\"\">\n\t\tSecurity and property protection\n\nOur company has been present on the market of security and property protection service providers since 2003 due to being highly prepared and having well-trained employees and state-of-the-art technology. \t<\/span>\n\t<\/h3>\n\n\t<div class=\"fw-divider-space\" style=\"margin-top: 50px;\"><\/div>\n<aside class=\"shortcode-widget-area\"><div id=\"custom_html-12\" class=\"widget_text widget widget_custom_html\"><div class=\"widget-title-holder\"><div class=\"widget-title\">SliderOrzes<\/div><\/div><div class=\"textwidget custom-html-widget\"><div class=\"insb swiper-container\"><div class=\"swiper-wrapper\"><div class=\"swiper-slide\">\r\n\t\t\t\r\n\t\t\t<div class=\"owl-item\">\r\n\t\t\t\t<div class=\"container image-with-list\">\r\n    \t\t\t\t<div class=\"row\">\r\n\t\t\t\t\t\t\r\n        \t\t\t\t<div class=\"imgbl col-md-4\">\r\n\t\t\t\t\t\t\t<div class=\"imgblcont\">\r\n\t\t\t\t\t\t\t \t<img decoding=\"async\" src=\"\/wp-content\/uploads\/2022\/01\/minta_v7.jpg\" alt=\"HM EI \u0150rz\u00e9s-v\u00e9delem \u2014 Rendezv\u00e9nybiztos\u00edt\u00e1s\">\r\n\t\t\t\t\t\t\t<\/div>\r\n\t\t\t\t\t\t<\/div>\r\n        \t\t\t\t<div class=\"col-md-4 right-column\">\r\n\t\t\t\t\t\t\t<a href=\"\/en\/szolgaltatasok\/orzes-vedelem\/#Rendezv\u00e9nybiztos\u00edt\u00e1s\">Securing events<\/a>\r\n\t\t\t\t\t\t<\/div>\r\n    \t\t\t\t<\/div>\r\n\t\t\t\t<\/div>\r\n\t\t\t<\/div>\r\n\t\t\t\r\n\t<\/div><div class=\"swiper-slide\">\r\n\t\r\n\t\t\t<div class=\"owl-item\">\r\n\t\t\t\t<div class=\"container image-with-list\">\r\n\t\t\t\t\t<div class=\"row\">\r\n\t\t\t\t\t\t\r\n\t\t\t\t\t\t<div class=\"imgbl col-md-4\">\r\n\t\t\t\t\t\t\t<div class=\"imgblcont\">\r\n\t\t\t\t\t\t\t\t<img decoding=\"async\" src=\"\/wp-content\/uploads\/2022\/02\/orzes-vedelem_fegyveres-biztonsagi-or-kepzes_001_m.jpg\" alt=\"HM EI \u0150rz\u00e9s-v\u00e9delem \u2014 Fegyveres biztons\u00e1gi \u0151r k\u00e9pz\u00e9s\">\r\n\t\t\t\t\t\t\t<\/div>\r\n\t\t\t\t\t\t<\/div>\r\n\t\t\t\t\t\t<div class=\"col-md-4 right-column\">\r\n\t\t\t\t\t\t\t<a href=\"\/en\/szolgaltatasok\/orzes-vedelem\/#Fegyveres biztons\u00e1gi \u0151r k\u00e9pz\u00e9s\">Training armed security guards<\/a>\r\n\t\t\t\t\t\t<\/div>\r\n\t\t\t\t\t<\/div>\r\n\t\t\t\t<\/div>\r\n\t\t\t<\/div>\r\n\t\t\t\r\n\t<\/div><div class=\"swiper-slide\">\r\n\t\r\n\t\t\t<div class=\"owl-item\">\r\n\t\t\t\t<div class=\"container image-with-list\">\r\n    \t\t\t\t<div class=\"row\">\r\n\t\t\t\t\t\t\r\n\t\t\t\t\t\t<div class=\"imgbl col-md-4\">\r\n\t\t\t\t\t\t\t<div class=\"imgblcont\">\r\n\t\t\t\t\t\t\t\t<img decoding=\"async\" src=\"\/wp-content\/uploads\/2022\/02\/orzes-vedelem_specialis-feladatok_001_m.jpg\" alt=\"HM EI \u0150rz\u00e9s-v\u00e9delem \u2014 Speci\u00e1lis feladatok\">\r\n\t\t\t\t\t\t\t<\/div>\r\n\t\t\t\t\t\t<\/div>\r\n\t\t\t\t\t\t<div class=\"col-md-4 right-column\">\r\n\t\t\t\t\t\t\t<a href=\"\/en\/szolgaltatasok\/orzes-vedelem\/#Speci\u00e1lis feladatok\">Special tasks<\/a>\r\n\t\t\t\t\t\t<\/div>\r\n\t\t\t\t\t<\/div>\r\n\t\t\t\t<\/div>\r\n\t\t\t<\/div>\r\n\r\n\t<\/div><div class=\"swiper-slide\">\r\n\t\t\t\r\n\t\t\t<div class=\"owl-item\">\r\n\t\t\t\t<div class=\"container image-with-list\">\r\n    \t\t\t\t<div class=\"row\">\r\n\t\t\t\t\t\t\r\n\t        \t\t\t<div class=\"imgbl col-md-4\">\r\n\t\t\t\t\t\t\t<div class=\"imgblcont\">\r\n    \t                    \t<img decoding=\"async\" src=\"\/wp-content\/uploads\/2022\/02\/minta_v50.jpg\" alt=\"HM EI \u0150rz\u00e9s-v\u00e9delem \u2014 \u00c9l\u0151er\u0151s \u0151rz\u00e9s-v\u00e9delem\">\r\n\t\t\t\t\t\t\t<\/div>\r\n\t\t\t\t\t\t<\/div>\r\n        \t\t\t\t<div class=\"col-md-4 right-column\">\r\n\t\t\t\t\t\t\t<a href=\"\/en\/szolgaltatasok\/orzes-vedelem\/#\u00c9l\u0151er\u0151s \u0151rz\u00e9s-v\u00e9delem\">Live-guarding<\/a>\r\n\t\t\t\t\t\t<\/div>\r\n    \t\t\t\t<\/div>\r\n\t\t\t\t<\/div>\r\n\t\t\t<\/div>\r\n\t\r\n\t<\/div><div class=\"swiper-slide\">\r\n\t\t\t\r\n\t\t\t<div class=\"owl-item\">\r\n\t\t\t\t<div class=\"container image-with-list\">\r\n    \t\t\t\t<div class=\"row\">\r\n\t\t\t\t\t\t\r\n\t        \t\t\t<div class=\"imgbl col-md-4\">\r\n\t\t\t\t\t\t\t<div class=\"imgblcont\">\r\n    \t                    \t<img decoding=\"async\" src=\"\/wp-content\/uploads\/2022\/02\/orzes-vedelem_fegyveres-szallitmanykiseres_001_m.jpg\" alt=\"HM EI \u0150rz\u00e9s-v\u00e9delem \u2014 Fegyveres sz\u00e1ll\u00edtm\u00e1nyk\u00eds\u00e9r\u00e9s\">\r\n\t\t\t\t\t\t\t<\/div>\r\n\t\t\t\t\t\t<\/div>\r\n        \t\t\t\t<div class=\"col-md-4 right-column\">\r\n\t\t\t\t\t\t\t<a href=\"\/en\/szolgaltatasok\/orzes-vedelem\/#Fegyveres sz\u00e1ll\u00edtm\u00e1nyk\u00eds\u00e9r\u00e9s\">Armed cargo escort<\/a>\r\n\t\t\t\t\t\t<\/div>\r\n    \t\t\t\t<\/div>\r\n\t\t\t\t<\/div>\r\n\t\t\t<\/div>\r\n\t\t\t\r\n\t\t<\/div>\r\n\t<\/div>\r\n\t<div class=\"swiper-button-next\" tabindex=\"0\" role=\"button\" aria-label=\"K\u00f6vetkez\u0151\" aria-disabled=\"false\"><\/div> \r\n\t<div class=\"swiper-button-prev\" tabindex=\"0\" role=\"button\" aria-label=\"El\u0151z\u0151\" aria-disabled=\"false\"><\/div>\r\n<\/div>\r\n<div class=\"clearfix\"><\/div><\/div><\/div><\/aside>\n<ul><li>HM EI Zrt. is one of the biggest property protection enterprises in Hungary.<\/li><li>We provide property protection services with approximately 3100 employees.<\/li><li>We protect the Ministry of Defence, the Hungarian Defence Forces and several top priority assets and corporations.<\/li><li>Our activities are carried out in accordance with the law, strictly upholding lawfulness and with responsibility.<\/li><\/ul>\n<a name=\"Fegyveres biztons\u00e1gi \u0151r k\u00e9pz\u00e9s\"><\/a>\t<h3 class=\"special-heading text-left\">\n\t\t<span class=\"big\">\n\t\tServices\t<\/span>\n\t<\/h3>\n<img decoding=\"async\" src=\"\/\/hmei.hu\/wp-content\/uploads\/2022\/02\/orzes-vedelem_fegyveres-szallitmanykiseres_001_m.jpg\" alt=\"\/\/hmei.hu\/wp-content\/uploads\/2022\/02\/orzes-vedelem_fegyveres-szallitmanykiseres_001_m.jpg\" \/><p>Top-quality service is guaranteed by<\/p><ul><li>continuous training courses provided for our armed security guards by our company;<\/li><li>our executives who have several years of experience, having worked for the Defence Ministry, the Hungarian Defence Forces and law enforcement;<\/li><li>state-of-the-art equipment provided for property protection services;<\/li><li>our integrated control system which is used in accordance with regulations and is developed continuously to maintain the high standards of our services and the maximum satisfaction of our clientele;<\/li><li>a 24-hour dispatch service that supports our services.<\/li><\/ul>\n<a name=\"\u00c9l\u0151er\u0151s \u0151rz\u00e9s-v\u00e9delem\"><\/a>\t<h4 class=\"special-heading text-left\">\n\t\t<span class=\"\">\n\t\tTHE MAIN TYPES OF OUR LIVE-GUARDING SERVICE\t<\/span>\n\t<\/h4>\n<img decoding=\"async\" src=\"\/\/hmei.hu\/wp-content\/uploads\/2022\/02\/hmei_orzes-vedelem_eloeros_02.jpg\" alt=\"\/\/hmei.hu\/wp-content\/uploads\/2022\/02\/hmei_orzes-vedelem_eloeros_02.jpg\" \/><ul><li>property protection<\/li><li>armed property protection<\/li><li>armed security<\/li><\/ul><p>If requested, guard patrols can be reinforced with trained canine patrol.<\/p>\n<a name=\"Speci\u00e1lis feladatok\"><\/a><a name=\"Rendezv\u00e9nybiztos\u00edt\u00e1s\"><\/a><a name=\"Fegyveres sz\u00e1ll\u00edtm\u00e1nyk\u00eds\u00e9r\u00e9s\"><\/a>\t<h4 class=\"special-heading text-left\">\n\t\t<span class=\"\">\n\t\tADDITIONAL SERVICES\t<\/span>\n\t<\/h4>\n<ul><li>armed cargo escort<\/li><li>securing events<\/li><li>executing special tasks (supporting the voluntary reservist system, participation in disaster management tasks)<\/li><\/ul><p>Our security guards, who are on duty in the facilities of the Hungarian Defence Forces, are also voluntary reservists within the Hungarian Defence Forces.<\/p><p>We constantly monitor market needs in order to adapt to the demands of the times, and strive for renewal, using the latest methods and expanding our clientele.<\/p><\/div><!-- .col-* -->\n<div class=\"col-xs-12 col-12 col-lg-3 imagehasab\" >\n\t\n<div id=\"content-height\"><div id=\"content-anchor\"><\/div><div id=\"sticky\"><div class=\"h-para asyncImage\" data-src=\"\/wp-content\/uploads\/2022\/01\/cover_9.jpg\" style=\")\"><\/div><\/div><\/div><div id=\"content-end-anchor\"><\/div><\/div><!-- .col-* -->\n\t\t<\/div>\n\n\t<\/div>\n<\/section>","protected":false},"excerpt":{"rendered":"<p>fejlec-cimlap Szolg\u00e1ltat\u00e1s Slider Bels\u0151 oldal f\u0151c\u00edm sor \u0150rz\u00e9s-v\u00e9delem C\u00edmlap \/ Szolg\u00e1ltat\u00e1sok \/ \u0150rz\u00e9s-v\u00e9delem Tartalom \u0150VI \u0150rz\u00e9s-v\u00e9delem \u2014 Objektumv\u00e9delem, rendezv\u00e9nybiztos\u00edt\u00e1s \u0150rz\u00e9s-v\u00e9delem T\u00e1rsas\u00e1gunk 2003 \u00f3ta magas szint\u0171 felk\u00e9sz\u00fclts\u00e9ggel, j\u00f3l kik\u00e9pzett munkat\u00e1rsakkal \u00e9s korszer\u0171 technikai eszk\u00f6z\u00f6kkel van jelen az \u0151rz\u00e9s-v\u00e9delmi szolg\u00e1ltat\u00e1s piac\u00e1n. SliderOrzes Rendezv\u00e9ny&shy;biztos\u00edt\u00e1s Fegyveres biztons\u00e1gi \u0151r k\u00e9pz\u00e9s Speci\u00e1lis feladatok \u00c9l\u0151er\u0151s \u0151rz\u00e9s-&#8203;v\u00e9delem Fegyveres sz\u00e1ll\u00edtm\u00e1ny&shy;k\u00eds\u00e9r\u00e9s A HM EI Zrt. [&hellip;]<\/p>\n","protected":false},"author":24,"featured_media":0,"parent":3936,"menu_order":0,"comment_status":"closed","ping_status":"closed","template":"page-templates\/full-width.php","meta":{"footnotes":""},"class_list":["post-4710","page","type-page","status-publish","hentry"],"_links":{"self":[{"href":"https:\/\/hmei.hu\/en\/wp-json\/wp\/v2\/pages\/4710","targetHints":{"allow":["GET"]}}],"collection":[{"href":"https:\/\/hmei.hu\/en\/wp-json\/wp\/v2\/pages"}],"about":[{"href":"https:\/\/hmei.hu\/en\/wp-json\/wp\/v2\/types\/page"}],"author":[{"embeddable":true,"href":"https:\/\/hmei.hu\/en\/wp-json\/wp\/v2\/users\/24"}],"replies":[{"embeddable":true,"href":"https:\/\/hmei.hu\/en\/wp-json\/wp\/v2\/comments?post=4710"}],"version-history":[{"count":64,"href":"https:\/\/hmei.hu\/en\/wp-json\/wp\/v2\/pages\/4710\/revisions"}],"predecessor-version":[{"id":6633,"href":"https:\/\/hmei.hu\/en\/wp-json\/wp\/v2\/pages\/4710\/revisions\/6633"}],"up":[{"embeddable":true,"href":"https:\/\/hmei.hu\/en\/wp-json\/wp\/v2\/pages\/3936"}],"wp:attachment":[{"href":"https:\/\/hmei.hu\/en\/wp-json\/wp\/v2\/media?parent=4710"}],"curies":[{"name":"wp","href":"https:\/\/api.w.org\/{rel}","templated":true}]}}