{"id":4882,"date":"2022-01-26T14:10:57","date_gmt":"2022-01-26T12:10:57","guid":{"rendered":"https:\/\/hmei.hmzrinyi.hu\/?page_id=4882"},"modified":"2024-04-23T08:02:07","modified_gmt":"2024-04-23T06:02:07","slug":"textilipar","status":"publish","type":"page","link":"https:\/\/hmei.hu\/en\/szolgaltatasok\/textilipar\/","title":{"rendered":"TEXTILE INDUSTRY \u2014 MANUFACTURING AND DEVELOPMENT"},"content":{"rendered":"<section class=\"ls     fejlec is\"\n         id=\"fejlec-cimlap\"\n\t\t\t>\n\t<h6 class=\"d-none\">Fejl\u00e9c IS<\/h6>\n\t\t<div class=\"container-fluid\">\n\t\t<div class=\"row\">\n\t\t\t<div class=\"col-xs-12 col-12 coverimg is\" >\n\t\n<div class=\"rellax\" data-rellax-speed=\"-4\"><img decoding=\"async\" class=\"asyncImage\" data-src=\"https:\/\/hmei.hu\/wp-content\/uploads\/2022\/02\/hmei_textilipar_v001.jpg\" src=\"https:\/\/hmei.hu\/wp-content\/uploads\/2022\/02\/hmei_textilipar_v001_small.jpg\"><\/div><\/div><!-- .col-* -->\n\t\t<\/div>\n\n\t<\/div>\n<\/section>\n<aside class=\"shortcode-widget-area\"><div id=\"custom_html-10\" class=\"widget_text widget widget_custom_html\"><h3 class=\"widget-title\">Szolg\u00e1ltat\u00e1s Slider<\/h3><div class=\"textwidget custom-html-widget\"><div class=\"cs cs2 is\" id=\"fejlec-iconslider\">\r\n    <div class=\"container\">\r\n    <div class=\"row\">\r\n    <div class=\"col-xs-12 col-12 fejlec-slider-ikonok\">\r\n        \r\n    <div class=\"owl-carousel owl-loaded owl-drag owl-theme\" data-items=\"5\" data-loop=\"false\" data-nav=\"true\" data-dots=\"false\" data-center=\"false\" data-autoplay=\"false\" data-responsive-lg=\"5\" data-responsive-md=\"4\" data-responsive-sm=\"3\" data-responsive-xs=\"1\" data-margin=\"2\">\r\n    \r\n    <span class=\"ingatlan\" data-index=\"0\">\r\n        <a lang=\"en-GB\" class=\"en\"  data-info=\"Real Estate\" href=\"\/en\/szolgaltatasok\/ingatlan\/\" target=\"_self\">\r\n            <img decoding=\"async\" src=\"\/wp-content\/uploads\/2022\/01\/luft-icon.png\" alt=\"\/\/www.hmei.hu\/wp-content\/uploads\/2022\/01\/luft-icon.png\">\r\n        <\/a>\r\n        <a lang=\"hu\" class=\"hu\" data-info=\"Ingatlan\" href=\"\/en\/szolgaltatasok\/ingatlan\/\" target=\"_self\" >\r\n            <img decoding=\"async\" src=\"\/wp-content\/uploads\/2022\/01\/luft-icon.png\" alt=\"\/\/www.hmei.hu\/wp-content\/uploads\/2022\/01\/luft-icon.png\">\r\n        <\/a>\r\n    <\/span>\r\n        \r\n    <span class=\"it\" data-index=\"1\">\r\n        <a lang=\"en-GB\" class=\"en\" data-info=\"IT\" href=\"\/en\/szolgaltatasok\/informatika\/\" target=\"_self\">\r\n            <img decoding=\"async\" src=\"\/wp-content\/uploads\/2022\/01\/luft-icon.png\" alt=\"\/\/www.hmei.hu\/wp-content\/uploads\/2022\/01\/luft-icon.png\">\r\n        <\/a>\r\n        <a lang=\"hu\" class=\"hu\" data-info=\"Informatika\" href=\"\/en\/szolgaltatasok\/informatika\/\" target=\"_self\">\r\n            <img decoding=\"async\" src=\"\/wp-content\/uploads\/2022\/01\/luft-icon.png\" alt=\"\/\/www.hmei.hu\/wp-content\/uploads\/2022\/01\/luft-icon.png\">\r\n        <\/a>\r\n    <\/span>\r\n        \r\n    <span class=\"orzes\" data-index=\"2\">\r\n        <a lang=\"en-GB\" class=\"en\" data-info=\"Security and protection\" href=\"\/en\/szolgaltatasok\/orzes-vedelem\/\" target=\"_self\">\r\n            <img decoding=\"async\" src=\"\/wp-content\/uploads\/2022\/01\/luft-icon.png\" alt=\"\/\/www.hmei.hu\/wp-content\/uploads\/2022\/01\/luft-icon.png\">\r\n        <\/a>\r\n        <a lang=\"hu\" class=\"hu\" data-info=\"\u0150rz\u00e9s-\u200bv\u00e9delemm\" href=\"\/en\/szolgaltatasok\/orzes-vedelem\/\" target=\"_self\">\r\n            <img decoding=\"async\" src=\"\/wp-content\/uploads\/2022\/01\/luft-icon.png\" alt=\"\/\/www.hmei.hu\/wp-content\/uploads\/2022\/01\/luft-icon.png\">\r\n        <\/a>\r\n    <\/span>\r\n        \r\n    <span class=\"ruhazat\" data-index=\"3\">\r\n        <a lang=\"en-GB\" class=\"en\" data-info=\"Textile industry\" href=\"\/en\/szolgaltatasok\/textilipar\/\" target=\"_self\">\r\n            <img decoding=\"async\" src=\"\/wp-content\/uploads\/2022\/01\/luft-icon.png\" alt=\"\/\/www.hmei.hu\/wp-content\/uploads\/2022\/01\/luft-icon.png\">\r\n        <\/a>\r\n        <a lang=\"hu\" class=\"hu\" data-info=\"Textilipar\" href=\"\/en\/szolgaltatasok\/textilipar\/\" target=\"_self\">\r\n            <img decoding=\"async\" src=\"\/wp-content\/uploads\/2022\/01\/luft-icon.png\" alt=\"\/\/www.hmei.hu\/wp-content\/uploads\/2022\/01\/luft-icon.png\">\r\n        <\/a>\r\n    <\/span>\r\n        \r\n    <span class=\"dron\" data-index=\"4\">\r\n        <a lang=\"en-GB\" class=\"en\" data-info=\"Aeronaitics\" href=\"\/en\/szolgaltatasok\/repules\/\" target=\"_self\">\r\n            <img decoding=\"async\" src=\"\/wp-content\/uploads\/2022\/01\/luft-icon.png\" alt=\"\/\/www.hmei.hu\/wp-content\/uploads\/2022\/01\/luft-icon.png\">\r\n        <\/a>\r\n        <a lang=\"hu\" class=\"hu\" data-info=\"Rep\u00fcl\u00e9s\" href=\"\/en\/szolgaltatasok\/repules\/\" target=\"_self\">\r\n            <img decoding=\"async\" src=\"\/wp-content\/uploads\/2022\/01\/luft-icon.png\" alt=\"\/\/www.hmei.hu\/wp-content\/uploads\/2022\/01\/luft-icon.png\">\r\n        <\/a>\r\n    <\/span>\r\n        \r\n    <span class=\"flotta\" data-index=\"5\">\r\n        <a lang=\"en-GB\" class=\"en\" data-info=\"Fleet management\" href=\"\/en\/szolgaltatasok\/flottakezeles\/\" target=\"_self\">\r\n            <img decoding=\"async\" src=\"\/wp-content\/uploads\/2022\/01\/luft-icon.png\" alt=\"\/wp-content\/uploads\/2022\/01\/luft-icon.png\">\r\n        <\/a>\r\n        <a lang=\"hu\" class=\"hu\" data-info=\"Flotta\u00adkezel\u00e9s\" href=\"\/en\/szolgaltatasok\/flottakezeles\/\" target=\"_self\">\r\n            <img decoding=\"async\" src=\"\/wp-content\/uploads\/2022\/01\/luft-icon.png\" alt=\"\/wp-content\/uploads\/2022\/01\/luft-icon.png\">\r\n        <\/a>\r\n    <\/span><\/div><\/div><\/div><\/div><\/div><\/div><\/div><\/aside>\n\n<section class=\"ls     fejlec-cimsor\"\n         id=\"belso-lista\"\n\t\t\t>\n\t<h6 class=\"d-none\">Bels\u0151 oldal f\u0151c\u00edm sor<\/h6>\n\t\t<div class=\"container\">\n\t\t<div class=\"row\">\n\t\t\t<div class=\"col-xs-12 col-12\" >\n\t\t<h1 class=\"special-heading text-left\">\n\t\t<span class=\"\">\n\t\tTEXTILE INDUSTRY\t<\/span>\n\t<\/h1>\n<p><a href=\"..\/..\/\">HOME<\/a> <span class=\"elv\">\/<\/span> <a href=\"..\/\">SERVICES<\/a> <span class=\"elv\">\/<\/span> <em>TEXTILE INDUSTRY<\/em><\/p><\/div><!-- .col-* -->\n\t\t<\/div>\n\n\t<\/div>\n<\/section>\n\n<section class=\"ls     nyitoblokk-hosszuszoveg-balikon is\"\n         id=\"fbl_1\"\n\t\t\t>\n\t<h6 class=\"d-none\">Tartalom<\/h6>\n\t\t<div class=\"container\">\n\t\t<div class=\"row\">\n\t\t\t<div class=\"col-xs-12 col-12 col-lg-1 blokk-szamozas\" >\n\t\t<h4 class=\"special-heading text-center\">\n\t\t<span class=\"text-uppercase\">\n\t\tL<br>T<br>I\t<\/span>\n\t<\/h4>\n<\/div><!-- .col-* -->\n<div class=\"col-xs-12 col-12 col-lg-3 ikon-oszlop\" >\n\t\n<span class=\"ruhazat iconcont\" ><img decoding=\"async\" src=\"\/\/hmei.hu\/wp-content\/uploads\/2022\/01\/luft-icon.png\" alt=\"\/\/hmei.hu\/wp-content\/uploads\/2022\/01\/luft-icon.png\" \/><img decoding=\"async\" src=\"\/\/hmei.hu\/wp-content\/uploads\/2022\/01\/luft-icon.png\" alt=\"\/\/hmei.hu\/wp-content\/uploads\/2022\/01\/luft-icon.png\" \/>\n<\/span>\t<h2 class=\"special-heading text-center\">\n\t\t<span class=\"\">\n\t\tTEXTILE INDUSTRY \u2014 MANUFACTURING AND DEVELOPMENT\t<\/span>\n\t<\/h2>\n\n<div class=\"soci\"><div class=\"rellax-cont\"><div class=\"rellax\" data-rellax-speed=\"-4\" data-rellax-min=\"0\"><span class=\"rellax-incont\"><span class=\"social-icons\">\n\t\t\t<a href=\"https:\/\/www.youtube.com\/channel\/UC4Lmxoh6tvJIV6ctnCaED7A\"\n\t\t   class=\"fa fa-youtube-play\">\n\n\t\t\t\t\t\t<span>HM EI Zrt. YouTube csatorn\u00e1ja <\/span>\t\t<\/a>\n\n\n\t\t<\/span>\n\n<\/span><\/div><\/div><\/div>\n<div class=\"srevonal-b\"><\/div><\/div><!-- .col-* -->\n<div class=\"col-xs-12 col-12 col-lg-6 nyitoblokk-tartalom\" >\n\t\t<h2 class=\"special-heading text-left\">\n\t\t<span class=\"\">\n\t\tTEXTILE INDUSTRY \u2014 MANUFACTURING AND DEVELOPMENT\t<\/span>\n\t<\/h2>\n\t<h3 class=\"special-heading text-left\">\n\t\t<span class=\"thin\">\n\t\tHM EI Zrt. has one of the largest textile industry capacities among Hungarian enterprises.\t<\/span>\n\t<\/h3>\n\n\t<div class=\"fw-divider-space\" style=\"margin-top: 50px;\"><\/div>\n<aside class=\"shortcode-widget-area\"><div id=\"custom_html-15\" class=\"widget_text widget widget_custom_html\"><div class=\"widget-title-holder\"><div class=\"widget-title\">SliderTextil<\/div><\/div><div class=\"textwidget custom-html-widget\"><div class=\"insb swiper-container\"><div class=\"swiper-wrapper\"><div class=\"swiper-slide\">\r\n\t\t\t\r\n\t\t\t<div class=\"owl-item\">\r\n\t\t\t\t<div class=\"container image-with-list\">\r\n    \t\t\t\t<div class=\"row\">\r\n\t\t\t\t\t\t\r\n        \t\t\t\t<div class=\"imgbl col-md-4\">\r\n\t\t\t\t\t\t\t<div class=\"imgblcont\">\r\n\t\t\t\t\t\t\t \t<img decoding=\"async\" src=\"\/wp-content\/uploads\/2022\/01\/minta_v22.jpg\" alt=\"HM EI Textilipar \u2014 4 telephely, k\u00f6zel 250 dolgoz\u00f3\">\r\n\t\t\t\t\t\t\t<\/div>\r\n\t\t\t\t\t\t<\/div>\r\n        \t\t\t\t<div class=\"col-md-4 right-column\">\r\n\t\t\t\t\t\t\t<a href=\"\/en\/szolgaltatasok\/textilipar\/#4 telephely, k\u00f6zel 250 dolgoz\u00f3\">Several employees in numerous sites countrywide<\/a>\r\n\t\t\t\t\t\t<\/div>\r\n    \t\t\t\t<\/div>\r\n\t\t\t\t<\/div>\r\n\t\t\t<\/div>\r\n\t\t\t\r\n\t<\/div><div class=\"swiper-slide\">\r\n\t\r\n\t\t\t<div class=\"owl-item\">\r\n\t\t\t\t<div class=\"container image-with-list\">\r\n    \t\t\t\t<div class=\"row\">\r\n\t\t\t\t\t\t\r\n        \t\t\t\t<div class=\"imgbl col-md-4\">\r\n\t\t\t\t\t\t\t<div class=\"imgblcont\">\r\n\t\t\t\t\t\t\t \t<img decoding=\"async\" src=\"\/wp-content\/uploads\/2022\/01\/minta_v25.jpg\" alt=\"HM EI Textilipar \u2014 Modern g\u00e9ppark\">\r\n\t\t\t\t\t\t\t<\/div>\r\n\t\t\t\t\t\t<\/div>\r\n        \t\t\t\t<div class=\"col-md-4 right-column\">\r\n\t\t\t\t\t\t\t<a href=\"\/en\/szolgaltatasok\/textilipar\/#Modern g\u00e9ppark\">Modern machinery<\/a>\r\n\t\t\t\t\t\t<\/div>\r\n    \t\t\t\t<\/div>\r\n\t\t\t\t<\/div>\r\n\t\t\t<\/div>\r\n\t\t\t\r\n\t<\/div><div class=\"swiper-slide\">\r\n\t\r\n\t\t\t<div class=\"owl-item\">\r\n\t\t\t\t<div class=\"container image-with-list\">\r\n    \t\t\t\t<div class=\"row\">\r\n\t\t\t\t\t\t\r\n        \t\t\t\t<div class=\"imgbl col-md-4\">\r\n\t\t\t\t\t\t\t<div class=\"imgblcont\">\r\n\t\t\t\t\t\t\t \t<img decoding=\"async\" src=\"\/wp-content\/uploads\/2022\/01\/minta_v23.jpg\" alt=\"HM EI Textilipar \u2014 Kiemelt term\u00e9kek\">\r\n\t\t\t\t\t\t\t<\/div>\r\n\t\t\t\t\t\t<\/div>\r\n        \t\t\t\t<div class=\"col-md-4 right-column\">\r\n\t\t\t\t\t\t\t<a href=\"\/en\/szolgaltatasok\/textilipar\/#Kiemelt term\u00e9kek\">Top products<\/a>\r\n\t\t\t\t\t\t<\/div>\r\n    \t\t\t\t<\/div>\r\n\t\t\t\t<\/div>\r\n\t\t\t<\/div>\r\n\t\t\t\t\t\t\r\n\t\t<\/div>\r\n\t<\/div>\r\n\t<div class=\"swiper-button-next\" tabindex=\"0\" role=\"button\" aria-label=\"K\u00f6vetkez\u0151\" aria-disabled=\"false\"><\/div> \r\n\t<div class=\"swiper-button-prev\" tabindex=\"0\" role=\"button\" aria-label=\"El\u0151z\u0151\" aria-disabled=\"false\"><\/div>\r\n<\/div>\r\n<div class=\"clearfix\"><\/div><\/div><\/div><\/aside>\n<p>Our textile industry plant has been taking part in the manufacture and development of clothing since 2015. <\/p><p>Our main profile is manufacturing and developing military clothing; however, we are able to make textile products for other market participants as well.<\/p><p>Our textile industry plant has staff who are trained in product development and do all the tasks that manufacture requires: planning, selecting and procuring materials, making sewing patterns, serial production and the complex preparation of the manufacturing process.<\/p>\n<a name=\"4 telephely, k\u00f6zel 250 dolgoz\u00f3\"><\/a>\t<h3 class=\"special-heading text-left\">\n\t\t<span class=\"big\">\n\t\tCurrently we manufacture our products in 4 facilities with a staff of about 250 people.\t<\/span>\n\t<\/h3>\n<img decoding=\"async\" src=\"\/\/hmei.hu\/wp-content\/uploads\/2022\/01\/minta_v22.jpg\" alt=\"\/\/hmei.hu\/wp-content\/uploads\/2022\/01\/minta_v22.jpg\" \/>\t<h4 class=\"special-heading text-left\">\n\t\t<span class=\"thin\">\n\t\tOUR SITES\t<\/span>\n\t<\/h4>\n<ul><li>T\u00e1borfalva<\/li><li>Kisk\u0151r\u00f6s<\/li><li>Kis\u00fajsz\u00e1ll\u00e1s<\/li><li>Budapest<\/li><\/ul>\n<a name=\"Modern g\u00e9ppark\"><\/a><p>We possess modern machinery for manufacture. In our tailoring department we have been using an automatic cutting machine since 2018, and as a result, our tailoring capacities have multiplied.<\/p><img decoding=\"async\" src=\"\/\/hmei.hu\/wp-content\/uploads\/2022\/01\/minta_v25.jpg\" alt=\"\/\/hmei.hu\/wp-content\/uploads\/2022\/01\/minta_v25.jpg\" \/><p>In addition to manufacturing fighting orders and pullovers, we are capable of making rainwear with welding technology. In our plants we continuously manufacture raincoats, rain ponchos and softshell jackets.<\/p><p>We have a separate facility for making hats and caps where we await orders for service caps and baseball caps since we have the expertise and machinery for their manufacture.<\/p>\n<a name=\"Kiemelt term\u00e9kek\"><\/a><p>Besides manufacturing clothing, our directorate cooperates in the development of military personal equipment and the manufacture of accessories as well.<\/p>\t<h3 class=\"special-heading text-left\">\n\t\t<span class=\"big\">\n\t\tTop products\t<\/span>\n\t<\/h3>\n<img decoding=\"async\" src=\"\/\/hmei.hu\/wp-content\/uploads\/2022\/01\/minta_v23.jpg\" alt=\"\/\/hmei.hu\/wp-content\/uploads\/2022\/01\/minta_v23.jpg\" \/><ul><li>Combat vests<\/li><li>Tactical belts<\/li><li>Canvas belts<\/li><li>Mag pouches (single magazine pouches, double magazine pouches, pistol magazine pouches)<\/li><li>General purpose pouches<\/li><li>Radio pouches<\/li><li>Key holders<\/li><li>Hand grenade pouches<\/li><li>Fighting orders<\/li><li>Caps and hats<\/li><li>Rainwear<\/li><li>Polar pullovers<\/li><li>Baselayers<\/li><li>T-shirts<\/li><li>Polar caps, head scarves, headgear<\/li><li>Softshell jackets<\/li><li>Warm clothing<\/li><li>Cadet clothing<\/li><\/ul><p>In order to provide military personal equipment, we participate in the development of backpacks and hydration packs manufactured in Hungary.<\/p><p>We take part in the manufacture of military clothing for casual and social occasions, and we also make suggestions based on our professional experience and knowledge.<\/p><p>Future plan: manufacturing sportswear and outdoor clothing, and supplying retailers and wholesalers.<\/p><\/div><!-- .col-* -->\n<div class=\"col-xs-12 col-12 col-lg-3 imagehasab\" >\n\t\n<div id=\"content-height\"><div id=\"content-anchor\"><\/div><div id=\"sticky\"><div class=\"h-para asyncImage\" data-src=\"https:\/\/hmei.hu\/wp-content\/uploads\/2022\/02\/hmei_textilipar_v001.jpg\" style=\"background-image: url('https:\/\/hmei.hu\/wp-content\/uploads\/2022\/02\/hmei_textilipar_v001_small.jpg');\"><\/div><\/div><\/div><div id=\"content-end-anchor\"><\/div><\/div><!-- .col-* -->\n\t\t<\/div>\n\n\t<\/div>\n<\/section>","protected":false},"excerpt":{"rendered":"<p>Fejl\u00e9c IS Szolg\u00e1ltat\u00e1s Slider Bels\u0151 oldal f\u0151c\u00edm sor Textilipar C\u00edmlap \/ Szolg\u00e1ltat\u00e1sok \/ Textilipar Tartalom LTI Textilipar \u2014 Gy\u00e1rt\u00e1s \u00e9s fejleszt\u00e9s HM EI Zrt. YouTube csatorn\u00e1ja Logisztikai \u00e9s Textilipari Igazgat\u00f3s\u00e1g A HM EI Zrt. az egyik legnagyobb hazai textilipari kapacit\u00e1ssal rendelkez\u0151 v\u00e1llalkoz\u00e1s. SliderTextil Orsz\u00e1gosan t\u00f6bb telephelyen sz\u00e1mos dolgoz\u00f3 Modern g\u00e9ppark Kiemelt term\u00e9kek A Textilipari \u00dczem [&hellip;]<\/p>\n","protected":false},"author":24,"featured_media":0,"parent":3936,"menu_order":0,"comment_status":"closed","ping_status":"closed","template":"page-templates\/full-width.php","meta":{"footnotes":""},"class_list":["post-4882","page","type-page","status-publish","hentry"],"_links":{"self":[{"href":"https:\/\/hmei.hu\/en\/wp-json\/wp\/v2\/pages\/4882","targetHints":{"allow":["GET"]}}],"collection":[{"href":"https:\/\/hmei.hu\/en\/wp-json\/wp\/v2\/pages"}],"about":[{"href":"https:\/\/hmei.hu\/en\/wp-json\/wp\/v2\/types\/page"}],"author":[{"embeddable":true,"href":"https:\/\/hmei.hu\/en\/wp-json\/wp\/v2\/users\/24"}],"replies":[{"embeddable":true,"href":"https:\/\/hmei.hu\/en\/wp-json\/wp\/v2\/comments?post=4882"}],"version-history":[{"count":51,"href":"https:\/\/hmei.hu\/en\/wp-json\/wp\/v2\/pages\/4882\/revisions"}],"predecessor-version":[{"id":6833,"href":"https:\/\/hmei.hu\/en\/wp-json\/wp\/v2\/pages\/4882\/revisions\/6833"}],"up":[{"embeddable":true,"href":"https:\/\/hmei.hu\/en\/wp-json\/wp\/v2\/pages\/3936"}],"wp:attachment":[{"href":"https:\/\/hmei.hu\/en\/wp-json\/wp\/v2\/media?parent=4882"}],"curies":[{"name":"wp","href":"https:\/\/api.w.org\/{rel}","templated":true}]}}