{"id":4892,"date":"2022-01-26T14:38:44","date_gmt":"2022-01-26T12:38:44","guid":{"rendered":"https:\/\/hmei.hmzrinyi.hu\/?page_id=4892"},"modified":"2025-08-28T11:23:37","modified_gmt":"2025-08-28T09:23:37","slug":"kapcsolat","status":"publish","type":"page","link":"https:\/\/hmei.hu\/en\/kapcsolat\/","title":{"rendered":"CONTACT US"},"content":{"rendered":"<section class=\"ls     fejlec is\"\n         id=\"fejlec-cimlap\"\n\t\t\t>\n\t<h6 class=\"d-none\">Fejl\u00e9c IS<\/h6>\n\t\t<div class=\"container-fluid\">\n\t\t<div class=\"row\">\n\t\t\t<div class=\"col-xs-12 col-12 coverimg is\" >\n\t\n<div class=\"rellax\" data-rellax-speed=\"-4\"><img decoding=\"async\" class=\"asyncImage\" data-src=\"\/wp-content\/uploads\/2022\/02\/hmei-epulet_02_sz.jpg\" src=\"\/wp-content\/uploads\/2022\/02\/hmei-epulet_02_small.jpg\"><\/div><\/div><!-- .col-* -->\n\t\t<\/div>\n\n\t<\/div>\n<\/section>\n<aside class=\"shortcode-widget-area\"><div id=\"custom_html-10\" class=\"widget_text widget widget_custom_html\"><h3 class=\"widget-title\">Szolg\u00e1ltat\u00e1s Slider<\/h3><div class=\"textwidget custom-html-widget\"><div class=\"cs cs2 is\" id=\"fejlec-iconslider\">\r\n    <div class=\"container\">\r\n    <div class=\"row\">\r\n    <div class=\"col-xs-12 col-12 fejlec-slider-ikonok\">\r\n        \r\n    <div class=\"owl-carousel owl-loaded owl-drag owl-theme\" data-items=\"5\" data-loop=\"false\" data-nav=\"true\" data-dots=\"false\" data-center=\"false\" data-autoplay=\"false\" data-responsive-lg=\"5\" data-responsive-md=\"4\" data-responsive-sm=\"3\" data-responsive-xs=\"1\" data-margin=\"2\">\r\n    \r\n    <span class=\"ingatlan\" data-index=\"0\">\r\n        <a lang=\"en-GB\" class=\"en\"  data-info=\"Real Estate\" href=\"\/en\/szolgaltatasok\/ingatlan\/\" target=\"_self\">\r\n            <img decoding=\"async\" src=\"\/wp-content\/uploads\/2022\/01\/luft-icon.png\" alt=\"\/\/www.hmei.hu\/wp-content\/uploads\/2022\/01\/luft-icon.png\">\r\n        <\/a>\r\n        <a lang=\"hu\" class=\"hu\" data-info=\"Ingatlan\" href=\"\/en\/szolgaltatasok\/ingatlan\/\" target=\"_self\" >\r\n            <img decoding=\"async\" src=\"\/wp-content\/uploads\/2022\/01\/luft-icon.png\" alt=\"\/\/www.hmei.hu\/wp-content\/uploads\/2022\/01\/luft-icon.png\">\r\n        <\/a>\r\n    <\/span>\r\n        \r\n    <span class=\"it\" data-index=\"1\">\r\n        <a lang=\"en-GB\" class=\"en\" data-info=\"IT\" href=\"\/en\/szolgaltatasok\/informatika\/\" target=\"_self\">\r\n            <img decoding=\"async\" src=\"\/wp-content\/uploads\/2022\/01\/luft-icon.png\" alt=\"\/\/www.hmei.hu\/wp-content\/uploads\/2022\/01\/luft-icon.png\">\r\n        <\/a>\r\n        <a lang=\"hu\" class=\"hu\" data-info=\"Informatika\" href=\"\/en\/szolgaltatasok\/informatika\/\" target=\"_self\">\r\n            <img decoding=\"async\" src=\"\/wp-content\/uploads\/2022\/01\/luft-icon.png\" alt=\"\/\/www.hmei.hu\/wp-content\/uploads\/2022\/01\/luft-icon.png\">\r\n        <\/a>\r\n    <\/span>\r\n        \r\n    <span class=\"orzes\" data-index=\"2\">\r\n        <a lang=\"en-GB\" class=\"en\" data-info=\"Security and protection\" href=\"\/en\/szolgaltatasok\/orzes-vedelem\/\" target=\"_self\">\r\n            <img decoding=\"async\" src=\"\/wp-content\/uploads\/2022\/01\/luft-icon.png\" alt=\"\/\/www.hmei.hu\/wp-content\/uploads\/2022\/01\/luft-icon.png\">\r\n        <\/a>\r\n        <a lang=\"hu\" class=\"hu\" data-info=\"\u0150rz\u00e9s-\u200bv\u00e9delemm\" href=\"\/en\/szolgaltatasok\/orzes-vedelem\/\" target=\"_self\">\r\n            <img decoding=\"async\" src=\"\/wp-content\/uploads\/2022\/01\/luft-icon.png\" alt=\"\/\/www.hmei.hu\/wp-content\/uploads\/2022\/01\/luft-icon.png\">\r\n        <\/a>\r\n    <\/span>\r\n        \r\n    <span class=\"ruhazat\" data-index=\"3\">\r\n        <a lang=\"en-GB\" class=\"en\" data-info=\"Textile industry\" href=\"\/en\/szolgaltatasok\/textilipar\/\" target=\"_self\">\r\n            <img decoding=\"async\" src=\"\/wp-content\/uploads\/2022\/01\/luft-icon.png\" alt=\"\/\/www.hmei.hu\/wp-content\/uploads\/2022\/01\/luft-icon.png\">\r\n        <\/a>\r\n        <a lang=\"hu\" class=\"hu\" data-info=\"Textilipar\" href=\"\/en\/szolgaltatasok\/textilipar\/\" target=\"_self\">\r\n            <img decoding=\"async\" src=\"\/wp-content\/uploads\/2022\/01\/luft-icon.png\" alt=\"\/\/www.hmei.hu\/wp-content\/uploads\/2022\/01\/luft-icon.png\">\r\n        <\/a>\r\n    <\/span>\r\n        \r\n    <span class=\"dron\" data-index=\"4\">\r\n        <a lang=\"en-GB\" class=\"en\" data-info=\"Aeronaitics\" href=\"\/en\/szolgaltatasok\/repules\/\" target=\"_self\">\r\n            <img decoding=\"async\" src=\"\/wp-content\/uploads\/2022\/01\/luft-icon.png\" alt=\"\/\/www.hmei.hu\/wp-content\/uploads\/2022\/01\/luft-icon.png\">\r\n        <\/a>\r\n        <a lang=\"hu\" class=\"hu\" data-info=\"Rep\u00fcl\u00e9s\" href=\"\/en\/szolgaltatasok\/repules\/\" target=\"_self\">\r\n            <img decoding=\"async\" src=\"\/wp-content\/uploads\/2022\/01\/luft-icon.png\" alt=\"\/\/www.hmei.hu\/wp-content\/uploads\/2022\/01\/luft-icon.png\">\r\n        <\/a>\r\n    <\/span>\r\n        \r\n    <span class=\"flotta\" data-index=\"5\">\r\n        <a lang=\"en-GB\" class=\"en\" data-info=\"Fleet management\" href=\"\/en\/szolgaltatasok\/flottakezeles\/\" target=\"_self\">\r\n            <img decoding=\"async\" src=\"\/wp-content\/uploads\/2022\/01\/luft-icon.png\" alt=\"\/wp-content\/uploads\/2022\/01\/luft-icon.png\">\r\n        <\/a>\r\n        <a lang=\"hu\" class=\"hu\" data-info=\"Flotta\u00adkezel\u00e9s\" href=\"\/en\/szolgaltatasok\/flottakezeles\/\" target=\"_self\">\r\n            <img decoding=\"async\" src=\"\/wp-content\/uploads\/2022\/01\/luft-icon.png\" alt=\"\/wp-content\/uploads\/2022\/01\/luft-icon.png\">\r\n        <\/a>\r\n    <\/span><\/div><\/div><\/div><\/div><\/div><\/div><\/div><\/aside>\n\n<section class=\"ls     fejlec-cimsor\"\n         id=\"belso-lista\"\n\t\t\t>\n\t<h6 class=\"d-none\">Bels\u0151 oldal f\u0151c\u00edm sor<\/h6>\n\t\t<div class=\"container\">\n\t\t<div class=\"row\">\n\t\t\t<div class=\"col-xs-12 col-12\" >\n\t\t<h1 class=\"special-heading text-left\">\n\t\t<span class=\"\">\n\t\tCONTACT US\t<\/span>\n\t<\/h1>\n<p><a href=\"..\/\">HOME<\/a> <span class=\"elv\">\/<\/span> <a href=\"\/en\/bemutatkozas\/\">Introduction<\/a> <span class=\"elv\">\/<\/span> <em>CONTACT US<\/em><\/p><\/div><!-- .col-* -->\n\t\t<\/div>\n\n\t<\/div>\n<\/section>\n\n<section class=\"ls     fejlec-cimsor\"\n         id=\"belso-lista\"\n\t\t\t>\n\t<h6 class=\"d-none\">Home-introduction-contact felirat<\/h6>\n\t\t<div class=\"container\">\n\t\t<div class=\"row\">\n\t\t\t<div class=\"col-xs-12 col-12\" >\n\t<p><a href=\"..\/\">HOME<\/a> <span class=\"elv\">\/<\/span> <a href=\"\/en\/bemutatkozas\/\">Introduction<\/a> <span class=\"elv\">\/<\/span> <em>CONTACT US<\/em><\/p><\/div><!-- .col-* -->\n\t\t<\/div>\n\n\t<\/div>\n<\/section>\n\n<section class=\"ls     nyitoblokk-hosszuszoveg-balikon is\"\n         id=\"fbl_1\"\n\t\t\t>\n\t<h6 class=\"d-none\">Tartalom<\/h6>\n\t\t<div class=\"container\">\n\t\t<div class=\"row\">\n\t\t\t<div class=\"col-xs-12 col-12 col-lg-1 blokk-szamozas\" >\n\t\t<h4 class=\"special-heading text-center\">\n\t\t<span class=\"thin text-uppercase big\">\n\t\tH<br>M<br><br>E<br>I\t<\/span>\n\t<\/h4>\n<\/div><!-- .col-* -->\n<div class=\"col-xs-12 col-12 col-lg-3 ikon-oszlop\" >\n\t\n<span class=\"hmei iconcont\"><img decoding=\"async\" src=\"\/\/hmei.hu\/wp-content\/uploads\/2022\/01\/luft-icon.png\" alt=\"\/\/hmei.hu\/wp-content\/uploads\/2022\/01\/luft-icon.png\" \/><img decoding=\"async\" src=\"\/\/hmei.hu\/wp-content\/uploads\/2022\/01\/luft-icon.png\" alt=\"\/\/hmei.hu\/wp-content\/uploads\/2022\/01\/luft-icon.png\" \/>\n<\/span>\t<h2 class=\"special-heading text-center\">\n\t\t<span class=\"\">\n\t\tHM EI \u2014 Kapcsolat\t<\/span>\n\t<\/h2>\n\n<div class=\"soci\"><div class=\"rellax-cont\"><div class=\"rellax\" data-rellax-speed=\"-4\" data-rellax-min=\"0\"><span class=\"rellax-incont\"><span class=\"social-icons\">\n\t\t\t<a href=\"https:\/\/www.youtube.com\/channel\/UC4Lmxoh6tvJIV6ctnCaED7A\"\n\t\t   class=\"fa fa-youtube-play\">\n\n\t\t\t\t\t\t<span>HM EI Zrt. YouTube csatorn\u00e1ja <\/span>\t\t<\/a>\n\n\n\t\t<\/span>\n\n<\/span><\/div><\/div><\/div>\n<div class=\"srevonal-b\"><\/div><\/div><!-- .col-* -->\n<div class=\"col-xs-12 col-12 col-lg-6 nyitoblokk-tartalom hu\" >\n\t\t<h2 class=\"special-heading text-left\">\n\t\t<span class=\"\">\n\t\tHM Elektronikai, Logisztikai \u00e9s Vagyonkezel\u0151 Z\u00e1rtk\u00f6r\u0171en M\u0171k\u00f6d\u0151 R\u00e9szv\u00e9nyt\u00e1rsas\u00e1g\t<\/span>\n\t<\/h2>\n\t<h3 class=\"special-heading text-left\">\n\t\t<span class=\"big\">\n\t\tK\u00f6zpont\t<\/span>\n\t<\/h3>\n<ul class=\"kapcsinfo\"><li class=\"cim\">1101 Budapest, Salg\u00f3tarj\u00e1ni \u00fat 20.<\/li><li class=\"tel\">+36 1 431 2900<\/li><li class=\"fax\">+36 1 275 0972<\/li><li class=\"email\">hmei@hmei.hu<\/li><li class=\"level\">1581 Budapest P.O.B. 6<\/li><\/ul>\t<h3 class=\"special-heading text-left\">\n\t\t<span class=\"big\">\n\t\tVez\u00e9rigazgat\u00f3s\u00e1g\t<\/span>\n\t<\/h3>\n<ul class=\"kapcsinfo\"><li class=\"cim\">1101 Budapest, Salg\u00f3tarj\u00e1ni \u00fat 20.<\/li><li class=\"tel\">+36 1 431 2900<\/li><li class=\"fax\">+36 1 431 2901<\/li><li class=\"email\">vezerigazgatosag@hmei.hu<\/li><li class=\"level\">1581 Budapest P.O.B. 6<\/li><\/ul>\t<h3 class=\"special-heading text-left\">\n\t\t<span class=\"big\">\n\t\tHum\u00e1npolitikai Div\u00edzi\u00f3\t<\/span>\n\t<\/h3>\n<ul class=\"kapcsinfo\"><li class=\"cim\">1101 Budapest, Salg\u00f3tarj\u00e1ni \u00fat 20.<\/li><li class=\"tel\">+36 1 431 2900<\/li><li class=\"fax\">+36 1 275 0972<\/li><li class=\"email\">allas@hmei.hu<\/li><li class=\"level\">1581 Budapest P.O.B. 6<\/li><\/ul>\t<h3 class=\"special-heading text-left\">\n\t\t<span class=\"big\">\n\t\tIngatlan-&#8203;\u00fczemeltet\u00e9si Igazgat\u00f3s\u00e1g\t<\/span>\n\t<\/h3>\n<ul class=\"kapcsinfo\"><li class=\"cim\">1101 Budapest, Salg\u00f3tarj\u00e1ni \u00fat 18.<\/li><li class=\"tel\">+36 1 347 7700<\/li><li class=\"fax\">+36 1 347 7741<\/li><li class=\"email\">&#105;&#110;&#103;&#97;&#116;&#108;&#97;&#110;&#117;&#122;&#101;&#109;&#101;&#108;&#116;&#101;&#116;&#101;&#115;&#64;&#104;&#109;&#101;&#105;&#46;&#104;&#117;<\/li><li class=\"level\">1581 Budapest P.O.B. 6<\/li><\/ul>\t<h3 class=\"special-heading text-left\">\n\t\t<span class=\"big\">\n\t\tElektronikai \u00e9s Informatikai Igazgat\u00f3s\u00e1g\t<\/span>\n\t<\/h3>\n<ul class=\"kapcsinfo\"><li class=\"cim\">1101 Budapest, Salg\u00f3tarj\u00e1ni \u00fat 20.<\/li><li class=\"tel\">+36 1 431 2900<\/li><li class=\"fax\">+36 1 263 2282<\/li><li class=\"email\">informatikai.ig@hmei.hu<\/li><li class=\"level\">1581 Budapest P.O.B. 6<\/li><\/ul>\t<h3 class=\"special-heading text-left\">\n\t\t<span class=\"big\">\n\t\t\u0150rz\u00e9s-&#8203;v\u00e9delmi Igazgat\u00f3s\u00e1g\t<\/span>\n\t<\/h3>\n<ul class=\"kapcsinfo\"><li class=\"cim\">1101 Budapest, Salg\u00f3tarj\u00e1ni \u00fat 20.<\/li><li class=\"tel\">+36 1 431 2900<\/li><li class=\"fax\">+36 1 431 2975<\/li><li class=\"email\">orzesvedelem@hmei.hu<\/li><li class=\"level\">1581 Budapest P.O.B. 6<\/li><\/ul>\t<h3 class=\"special-heading text-left\">\n\t\t<span class=\"big\">\n\t\tTEXTILE INDUSTRY \u2014 MANUFACTURING AND DEVELOPMENT\t<\/span>\n\t<\/h3>\n<ul class=\"kapcsinfo\"><li class=\"cim\">1101 Budapest, Salg\u00f3tarj\u00e1ni \u00fat 20.<\/li><li class=\"tel\">+36 1 431 2900<\/li><li class=\"fax\">+36 1 347 7767<\/li><li class=\"email\">lti@hmei.hu<\/li><li class=\"level\">1581 Budapest P.O.B. 6<\/li><\/ul>\t<h3 class=\"special-heading text-left\">\n\t\t<span class=\"big\">\n\t\tAeronautics Division\t<\/span>\n\t<\/h3>\n<ul class=\"kapcsinfo\"><li class=\"cim\">1101 Budapest, Salg\u00f3tarj\u00e1ni \u00fat 20.<\/li><li class=\"tel\">+36 1 431 2900<\/li><li class=\"fax\">+36 1 431 2901<\/li><li class=\"email\">repulesidivizio@hmei.hu<\/li><li class=\"level\">1581 Budapest P.O.B. 6<\/li><\/ul><\/div><!-- .col-* -->\n<div class=\"col-xs-12 col-12 col-lg-6 nyitoblokk-tartalom en\" >\n\t\t<h2 class=\"special-heading text-left\">\n\t\t<span class=\"\">\n\t\tHM Elektronikai, Logisztikai \u00e9s Vagyonkezel\u0151 Z\u00e1rtk\u00f6r\u0171en M\u0171k\u00f6d\u0151 R\u00e9szv\u00e9nyt\u00e1rsas\u00e1g\t<\/span>\n\t<\/h2>\n\t<h3 class=\"special-heading text-left\">\n\t\t<span class=\"big\">\n\t\tK\u00f6zpont\t<\/span>\n\t<\/h3>\n<ul class=\"kapcsinfo\"><li class=\"cim\">1101 Budapest, Salg\u00f3tarj\u00e1ni \u00fat 20.<\/li><li class=\"tel\">+36 1 431 2900<\/li><li class=\"fax\">+36 1 275 0972<\/li><li class=\"email\">hmei@hmei.hu<\/li><li class=\"level\">1581 Budapest P.O.B. 6<\/li><\/ul><\/div><!-- .col-* -->\n<div class=\"col-xs-12 col-12 col-lg-3 imagehasab\" >\n\t\n<div id=\"content-height\"><div id=\"content-anchor\"><\/div><div id=\"sticky\"><div class=\"h-para asyncImage\" data-src=\"\/wp-content\/uploads\/2022\/02\/hmei-epulet_02_sz.jpg\" style=\"background-image: url('\/wp-content\/uploads\/2022\/02\/hmei-epulet_02_small.jpg');\"><\/div><\/div><\/div><div id=\"content-end-anchor\"><\/div><\/div><!-- .col-* -->\n\t\t<\/div>\n\n\t<\/div>\n<\/section>","protected":false},"excerpt":{"rendered":"<p>Fejl\u00e9c IS Szolg\u00e1ltat\u00e1s Slider Bels\u0151 oldal f\u0151c\u00edm sor Kapcsolat C\u00edmlap \/ Bemutatkoz\u00e1s \/ Kapcsolat Home-introduction-contact felirat C\u00edmlap \/ Bemutatkoz\u00e1s \/ Kapcsolat Tartalom HMEI HM EI \u2014 Kapcsolat HM EI Zrt. YouTube csatorn\u00e1ja HM Elektronikai, Logisztikai \u00e9s Vagyonkezel\u0151 Z\u00e1rtk\u00f6r\u0171en M\u0171k\u00f6d\u0151 R\u00e9szv\u00e9nyt\u00e1rsas\u00e1g K\u00f6zpont 1101 Budapest, Salg\u00f3tarj\u00e1ni \u00fat 20.+36 1 431 2900+36 1 275 0972hmei@hmei.hu1581 Budapest Pf. 6 [&hellip;]<\/p>\n","protected":false},"author":24,"featured_media":0,"parent":0,"menu_order":0,"comment_status":"closed","ping_status":"closed","template":"page-templates\/full-width.php","meta":{"footnotes":""},"class_list":["post-4892","page","type-page","status-publish","hentry"],"_links":{"self":[{"href":"https:\/\/hmei.hu\/en\/wp-json\/wp\/v2\/pages\/4892","targetHints":{"allow":["GET"]}}],"collection":[{"href":"https:\/\/hmei.hu\/en\/wp-json\/wp\/v2\/pages"}],"about":[{"href":"https:\/\/hmei.hu\/en\/wp-json\/wp\/v2\/types\/page"}],"author":[{"embeddable":true,"href":"https:\/\/hmei.hu\/en\/wp-json\/wp\/v2\/users\/24"}],"replies":[{"embeddable":true,"href":"https:\/\/hmei.hu\/en\/wp-json\/wp\/v2\/comments?post=4892"}],"version-history":[{"count":58,"href":"https:\/\/hmei.hu\/en\/wp-json\/wp\/v2\/pages\/4892\/revisions"}],"predecessor-version":[{"id":9031,"href":"https:\/\/hmei.hu\/en\/wp-json\/wp\/v2\/pages\/4892\/revisions\/9031"}],"wp:attachment":[{"href":"https:\/\/hmei.hu\/en\/wp-json\/wp\/v2\/media?parent=4892"}],"curies":[{"name":"wp","href":"https:\/\/api.w.org\/{rel}","templated":true}]}}