{"id":5018,"date":"2022-01-27T16:03:28","date_gmt":"2022-01-27T14:03:28","guid":{"rendered":"https:\/\/hmei.hmzrinyi.hu\/?page_id=5018"},"modified":"2024-05-31T09:44:32","modified_gmt":"2024-05-31T07:44:32","slug":"informatika","status":"publish","type":"page","link":"https:\/\/hmei.hu\/en\/szolgaltatasok\/informatika\/","title":{"rendered":"IT \u2014 DEVELOPMENT AND OPERATION"},"content":{"rendered":"<section class=\"ls     fejlec is\"\n         id=\"fejlec-cimlap\"\n\t\t\t>\n\t<h6 class=\"d-none\">fejlec-cimlap<\/h6>\n\t\t<div class=\"container-fluid\">\n\t\t<div class=\"row\">\n\t\t\t<div class=\"col-xs-12 col-12 coverimg is\" >\n\t\n<div class=\"rellax\" data-rellax-speed=\"-4\"><img decoding=\"async\" class=\"asyncImage\" data-src=\"\/wp-content\/uploads\/2022\/01\/cover_14.jpg\" src=\"\/wp-content\/uploads\/2022\/02\/cover_14_small.jpg\"><\/div><\/div><!-- .col-* -->\n\t\t<\/div>\n\n\t<\/div>\n<\/section>\n<aside class=\"shortcode-widget-area\"><div id=\"custom_html-10\" class=\"widget_text widget widget_custom_html\"><h3 class=\"widget-title\">Szolg\u00e1ltat\u00e1s Slider<\/h3><div class=\"textwidget custom-html-widget\"><div class=\"cs cs2 is\" id=\"fejlec-iconslider\">\r\n    <div class=\"container\">\r\n    <div class=\"row\">\r\n    <div class=\"col-xs-12 col-12 fejlec-slider-ikonok\">\r\n        \r\n    <div class=\"owl-carousel owl-loaded owl-drag owl-theme\" data-items=\"5\" data-loop=\"false\" data-nav=\"true\" data-dots=\"false\" data-center=\"false\" data-autoplay=\"false\" data-responsive-lg=\"5\" data-responsive-md=\"4\" data-responsive-sm=\"3\" data-responsive-xs=\"1\" data-margin=\"2\">\r\n    \r\n    <span class=\"ingatlan\" data-index=\"0\">\r\n        <a lang=\"en-GB\" class=\"en\"  data-info=\"Real Estate\" href=\"\/en\/szolgaltatasok\/ingatlan\/\" target=\"_self\">\r\n            <img decoding=\"async\" src=\"\/wp-content\/uploads\/2022\/01\/luft-icon.png\" alt=\"\/\/www.hmei.hu\/wp-content\/uploads\/2022\/01\/luft-icon.png\">\r\n        <\/a>\r\n        <a lang=\"hu\" class=\"hu\" data-info=\"Ingatlan\" href=\"\/en\/szolgaltatasok\/ingatlan\/\" target=\"_self\" >\r\n            <img decoding=\"async\" src=\"\/wp-content\/uploads\/2022\/01\/luft-icon.png\" alt=\"\/\/www.hmei.hu\/wp-content\/uploads\/2022\/01\/luft-icon.png\">\r\n        <\/a>\r\n    <\/span>\r\n        \r\n    <span class=\"it\" data-index=\"1\">\r\n        <a lang=\"en-GB\" class=\"en\" data-info=\"IT\" href=\"\/en\/szolgaltatasok\/informatika\/\" target=\"_self\">\r\n            <img decoding=\"async\" src=\"\/wp-content\/uploads\/2022\/01\/luft-icon.png\" alt=\"\/\/www.hmei.hu\/wp-content\/uploads\/2022\/01\/luft-icon.png\">\r\n        <\/a>\r\n        <a lang=\"hu\" class=\"hu\" data-info=\"Informatika\" href=\"\/en\/szolgaltatasok\/informatika\/\" target=\"_self\">\r\n            <img decoding=\"async\" src=\"\/wp-content\/uploads\/2022\/01\/luft-icon.png\" alt=\"\/\/www.hmei.hu\/wp-content\/uploads\/2022\/01\/luft-icon.png\">\r\n        <\/a>\r\n    <\/span>\r\n        \r\n    <span class=\"orzes\" data-index=\"2\">\r\n        <a lang=\"en-GB\" class=\"en\" data-info=\"Security and protection\" href=\"\/en\/szolgaltatasok\/orzes-vedelem\/\" target=\"_self\">\r\n            <img decoding=\"async\" src=\"\/wp-content\/uploads\/2022\/01\/luft-icon.png\" alt=\"\/\/www.hmei.hu\/wp-content\/uploads\/2022\/01\/luft-icon.png\">\r\n        <\/a>\r\n        <a lang=\"hu\" class=\"hu\" data-info=\"\u0150rz\u00e9s-\u200bv\u00e9delemm\" href=\"\/en\/szolgaltatasok\/orzes-vedelem\/\" target=\"_self\">\r\n            <img decoding=\"async\" src=\"\/wp-content\/uploads\/2022\/01\/luft-icon.png\" alt=\"\/\/www.hmei.hu\/wp-content\/uploads\/2022\/01\/luft-icon.png\">\r\n        <\/a>\r\n    <\/span>\r\n        \r\n    <span class=\"ruhazat\" data-index=\"3\">\r\n        <a lang=\"en-GB\" class=\"en\" data-info=\"Textile industry\" href=\"\/en\/szolgaltatasok\/textilipar\/\" target=\"_self\">\r\n            <img decoding=\"async\" src=\"\/wp-content\/uploads\/2022\/01\/luft-icon.png\" alt=\"\/\/www.hmei.hu\/wp-content\/uploads\/2022\/01\/luft-icon.png\">\r\n        <\/a>\r\n        <a lang=\"hu\" class=\"hu\" data-info=\"Textilipar\" href=\"\/en\/szolgaltatasok\/textilipar\/\" target=\"_self\">\r\n            <img decoding=\"async\" src=\"\/wp-content\/uploads\/2022\/01\/luft-icon.png\" alt=\"\/\/www.hmei.hu\/wp-content\/uploads\/2022\/01\/luft-icon.png\">\r\n        <\/a>\r\n    <\/span>\r\n        \r\n    <span class=\"dron\" data-index=\"4\">\r\n        <a lang=\"en-GB\" class=\"en\" data-info=\"Aeronaitics\" href=\"\/en\/szolgaltatasok\/repules\/\" target=\"_self\">\r\n            <img decoding=\"async\" src=\"\/wp-content\/uploads\/2022\/01\/luft-icon.png\" alt=\"\/\/www.hmei.hu\/wp-content\/uploads\/2022\/01\/luft-icon.png\">\r\n        <\/a>\r\n        <a lang=\"hu\" class=\"hu\" data-info=\"Rep\u00fcl\u00e9s\" href=\"\/en\/szolgaltatasok\/repules\/\" target=\"_self\">\r\n            <img decoding=\"async\" src=\"\/wp-content\/uploads\/2022\/01\/luft-icon.png\" alt=\"\/\/www.hmei.hu\/wp-content\/uploads\/2022\/01\/luft-icon.png\">\r\n        <\/a>\r\n    <\/span>\r\n        \r\n    <span class=\"flotta\" data-index=\"5\">\r\n        <a lang=\"en-GB\" class=\"en\" data-info=\"Fleet management\" href=\"\/en\/szolgaltatasok\/flottakezeles\/\" target=\"_self\">\r\n            <img decoding=\"async\" src=\"\/wp-content\/uploads\/2022\/01\/luft-icon.png\" alt=\"\/wp-content\/uploads\/2022\/01\/luft-icon.png\">\r\n        <\/a>\r\n        <a lang=\"hu\" class=\"hu\" data-info=\"Flotta\u00adkezel\u00e9s\" href=\"\/en\/szolgaltatasok\/flottakezeles\/\" target=\"_self\">\r\n            <img decoding=\"async\" src=\"\/wp-content\/uploads\/2022\/01\/luft-icon.png\" alt=\"\/wp-content\/uploads\/2022\/01\/luft-icon.png\">\r\n        <\/a>\r\n    <\/span><\/div><\/div><\/div><\/div><\/div><\/div><\/div><\/aside>\n\n<section class=\"ls     fejlec-cimsor\"\n         id=\"belso-lista\"\n\t\t\t>\n\t<h6 class=\"d-none\">Bels\u0151 oldal f\u0151c\u00edm sor<\/h6>\n\t\t<div class=\"container\">\n\t\t<div class=\"row\">\n\t\t\t<div class=\"col-xs-12 col-12\" >\n\t\t<h1 class=\"special-heading text-left\">\n\t\t<span class=\"\">\n\t\tIT DEVELOPMENT AND OPERATION\t<\/span>\n\t<\/h1>\n<p><a href=\"..\/..\/\">HOME<\/a> <span class=\"elv\">\/<\/span> <a href=\"..\/\">SERVICES<\/a> <span class=\"elv\">\/<\/span> <em>Informatika - Fejleszt\u00e9s, \u00fczemeltet\u00e9s<\/em><\/p><\/div><!-- .col-* -->\n\t\t<\/div>\n\n\t<\/div>\n<\/section>\n\n<section class=\"ls     nyitoblokk-hosszuszoveg-balikon is\"\n         id=\"fbl_1\"\n\t\t\t>\n\t<h6 class=\"d-none\">Tartalom<\/h6>\n\t\t<div class=\"container\">\n\t\t<div class=\"row\">\n\t\t\t<div class=\"col-xs-12 col-12 col-lg-1 blokk-szamozas\" >\n\t\t<h4 class=\"special-heading text-center\">\n\t\t<span class=\"text-uppercase\">\n\t\tE<br>I<br>I\t<\/span>\n\t<\/h4>\n<\/div><!-- .col-* -->\n<div class=\"col-xs-12 col-12 col-lg-3 ikon-oszlop\" >\n\t\n<span class=\"it iconcont\"><img decoding=\"async\" src=\"\/\/hmei.hu\/wp-content\/uploads\/2022\/01\/luft-icon.png\" alt=\"\/\/hmei.hu\/wp-content\/uploads\/2022\/01\/luft-icon.png\" \/><img decoding=\"async\" src=\"\/\/hmei.hu\/wp-content\/uploads\/2022\/01\/luft-icon.png\" alt=\"\/\/hmei.hu\/wp-content\/uploads\/2022\/01\/luft-icon.png\" \/>\n<\/span>\t<h2 class=\"special-heading text-center\">\n\t\t<span class=\"\">\n\t\tIT \u2014 DEVELOPMENT AND OPERATION\t<\/span>\n\t<\/h2>\n\n<div class=\"soci\"><div class=\"rellax-cont\"><div id=\"rellaxline\" class=\"rellax\" data-rellax-speed=\"-10\" data-rellax-min=\"0\"><span class=\"rellax-incont\"><span class=\"social-icons\">\n\t\t\t<a href=\"https:\/\/www.youtube.com\/channel\/UC4Lmxoh6tvJIV6ctnCaED7A\"\n\t\t   class=\"fa fa-youtube-play\">\n\n\t\t\t\t\t\t<span>HM EI Zrt. YouTube csatorn\u00e1ja <\/span>\t\t<\/a>\n\n\n\t\t<\/span>\n\n<\/span><\/div><\/div><\/div>\n<div class=\"srevonal-b\"><\/div><\/div><!-- .col-* -->\n<div class=\"col-xs-12 col-12 col-lg-6 nyitoblokk-tartalom rellaxmax rmnec\" >\n\t\t<h2 class=\"special-heading text-left\">\n\t\t<span class=\"\">\n\t\tIT ACTIVITY\t<\/span>\n\t<\/h2>\n\t<h3 class=\"special-heading text-left\">\n\t\t<span class=\"\">\n\t\tIT IS ONE OF  HM EI ZRT.\u2019S MAIN LINES OF BUSINESS. \t<\/span>\n\t<\/h3>\n\n\t<div class=\"fw-divider-space\" style=\"margin-top: 50px;\"><\/div>\n<aside class=\"shortcode-widget-area\"><div id=\"custom_html-13\" class=\"widget_text widget widget_custom_html\"><div class=\"widget-title-holder\"><div class=\"widget-title\">SliderInformatika<\/div><\/div><div class=\"textwidget custom-html-widget\"><div class=\"insb swiper-container\"><div class=\"swiper-wrapper\"><div class=\"swiper-slide\">\r\n\t\t\t\r\n\t\t\t<div class=\"owl-item\">\r\n\t\t\t\t<div class=\"container image-with-list\">\r\n    \t\t\t\t<div class=\"row\">\r\n\t\t\t\t\t\t\r\n        \t\t\t\t<div class=\"imgbl col-md-4\">\r\n\t\t\t\t\t\t\t<div class=\"imgblcont\">\r\n\t\t\t\t\t\t\t \t<img decoding=\"async\" src=\"\/wp-content\/uploads\/2022\/01\/minta_v9.jpg\" alt=\"HM EI Informatika \u2014 Alapinfrastrukt\u00fara biztos\u00edt\u00e1sa\">\r\n\t\t\t\t\t\t\t<\/div>\r\n\t\t\t\t\t\t<\/div>\r\n        \t\t\t\t<div class=\"col-md-4 right-column\">\r\n\t\t\t\t\t\t\t<a href=\"\/en\/szolgaltatasok\/informatika\/#Alapinfrastrukt\u00fara biztos\u00edt\u00e1sa\">Provision of basic IT infrastructure<\/a>\r\n\t\t\t\t\t\t<\/div>\r\n    \t\t\t\t<\/div>\r\n\t\t\t\t<\/div>\r\n\t\t\t<\/div>\r\n\t\t\t\r\n\t<\/div><div class=\"swiper-slide\">\r\n\t\r\n\t\t\t<div class=\"owl-item\">\r\n\t\t\t\t<div class=\"container image-with-list\">\r\n    \t\t\t\t<div class=\"row\">\r\n\t\t\t\t\t\t\r\n        \t\t\t\t<div class=\"imgbl col-md-4\">\r\n\t\t\t\t\t\t\t<div class=\"imgblcont\">\r\n\t\t\t\t\t\t\t \t<img decoding=\"async\" src=\"\/wp-content\/uploads\/2022\/01\/minta_v10.jpg\" alt=\"HM EI Informatika \u2014 F\u0151 technol\u00f3giai megold\u00e1sok\">\r\n\t\t\t\t\t\t\t<\/div>\r\n\t\t\t\t\t\t<\/div>\r\n        \t\t\t\t<div class=\"col-md-4 right-column\">\r\n\t\t\t\t\t\t\t<a href=\"\/en\/szolgaltatasok\/informatika\/#F\u0151 technol\u00f3giai megold\u00e1sok\">Main technological solutions<\/a>\r\n\t\t\t\t\t\t<\/div>\r\n    \t\t\t\t<\/div>\r\n\t\t\t\t<\/div>\r\n\t\t\t<\/div>\r\n\t\t\t\r\n\t<\/div><div class=\"swiper-slide\">\r\n\t\r\n\t\t\t<div class=\"owl-item\">\r\n\t\t\t\t<div class=\"container image-with-list\">\r\n\t\t\t\t\t<div class=\"row\">\r\n\t\t\t\t\t\t\r\n\t\t\t\t\t\t<div class=\"imgbl col-md-4\">\r\n\t\t\t\t\t\t\t<div class=\"imgblcont\">\r\n\t\t\t\t\t\t\t\t<img decoding=\"async\" src=\"\/wp-content\/uploads\/2022\/01\/minta_v12.jpg\" alt=\"HM EI Informatika \u2014 Szoftverfejleszt\u00e9s\">\r\n\t\t\t\t\t\t\t<\/div>\r\n\t\t\t\t\t\t<\/div>\r\n\t\t\t\t\t\t<div class=\"col-md-4 right-column\">\r\n\t\t\t\t\t\t\t<a href=\"\/en\/szolgaltatasok\/informatika\/#Szoftverfejleszt\u00e9s\">Software development<\/a>\r\n\t\t\t\t\t\t<\/div>\r\n\t\t\t\t\t<\/div>\r\n\t\t\t\t<\/div>\r\n\t\t\t<\/div>\r\n\t\t\t\r\n\t<\/div><div class=\"swiper-slide\">\r\n\t\r\n\t\t\t<div class=\"owl-item\">\r\n\t\t\t\t<div class=\"container image-with-list\">\r\n    \t\t\t\t<div class=\"row\">\r\n\t\t\t\t\t\t\r\n\t\t\t\t\t\t<div class=\"imgbl col-md-4\">\r\n\t\t\t\t\t\t\t<div class=\"imgblcont\">\r\n\t\t\t\t\t\t\t\t<img decoding=\"async\" src=\"\/wp-content\/uploads\/2022\/01\/minta_v8.jpg\" alt=\"HM EI Informatika \u2014 F\u0151bb tev\u00e9kenys\u00e9gi k\u00f6r\u00f6k\">\r\n\t\t\t\t\t\t\t<\/div>\r\n\t\t\t\t\t\t<\/div>\r\n\t\t\t\t\t\t<div class=\"col-md-4 right-column\">\r\n\t\t\t\t\t\t\t<a href=\"\/en\/szolgaltatasok\/informatika\/#F\u0151bb tev\u00e9kenys\u00e9gi k\u00f6r\u00f6k\">Main activities<\/a>\r\n\t\t\t\t\t\t<\/div>\r\n\t\t\t\t\t<\/div>\r\n\t\t\t\t<\/div>\r\n\t\t\t<\/div>\r\n\t\t\t\r\n\t\t<\/div>\r\n\t<\/div>\r\n\t<div class=\"swiper-button-next\" tabindex=\"0\" role=\"button\" aria-label=\"K\u00f6vetkez\u0151\" aria-disabled=\"false\"><\/div> \r\n\t<div class=\"swiper-button-prev\" tabindex=\"0\" role=\"button\" aria-label=\"El\u0151z\u0151\" aria-disabled=\"false\"><\/div>\r\n<\/div>\r\n<div class=\"clearfix\"><\/div><\/div><\/div><\/aside>\n<p>The mission of the Electronics and Informatics Directorate is to provide the Hungarian Defence Forces, the Ministry of Defence and other public bodies with reliable, secure and modern informatics solutions that aid the fulfilment of duties pertaining to maintaining the security of Hungary and our NATO membership. It is the aim of the Directorate to become a top informatics service provider for the Hungarian Defence Forces and the Ministry of Defence. Currently there era approximately 300 specialized employees, including engineers, IT specialists and software developers. The main profile of the Directorate: Provision of basic IT infrastructure, software development, and the development and operation of unique systems.<\/p>\n<a name=\"Alapinfrastrukt\u00fara biztos\u00edt\u00e1sa\"><\/a>\t<h3 class=\"special-heading text-left\">\n\t\t<span class=\"big\">\n\t\tProvision of basic IT infrastructure\t<\/span>\n\t<\/h3>\n<p>Our main duty is to do technical tasks related to the IT infrastructure of the Hungarian Defence Forces and the Ministry of Defence, complex and large systems or system parts, and individual infrastructure elements.<\/p><img decoding=\"async\" src=\"\/\/hmei.hu\/wp-content\/uploads\/2022\/01\/minta_v9.jpg\" alt=\"\/\/hmei.hu\/wp-content\/uploads\/2022\/01\/minta_v9.jpg\" \/><ul><li>establishment of new IT infrastructure<\/li><li>expansion, renewal and maintenance of existing IT infrastructure<\/li><li>operation of IT infrastructure<\/li><li>creation of IT security (virus protection, network protection, data protection)<\/li><li>carrying out tasks related to planning, implementation and operation (consultancy, ensuring standard procedures, security risk analysis, adhering to laws).<\/li><\/ul>\n<a name=\"F\u0151 technol\u00f3giai megold\u00e1sok\"><\/a>\t<h4 class=\"special-heading text-left\">\n\t\t<span class=\"\">\n\t\tMAIN TEHCNOLOGICAL SOLUTIONS\t<\/span>\n\t<\/h4>\n<p>Virtualization and data centre technologies<\/p><p>Local and long-range, software-based and traditional networks and network systems<\/p><p>Built-in security, extensive defence against espionage, destruction and sabotage via cyberspace thanks to secure and unique devices, configurations and secure system architectures that are in accordance with the Zero Trust Model of Security and the Cyber Kill Chain:<\/p><ul><li>use of EU and NATO certified products<li>Common Criteria and FIPS-certified products and configurations<\/li><li>configurations that have been reinforced in compliance with industry recommendations, best practice and unique demands<\/li><li>micro and macro segmentation, multilayer defence-in-depth strategy, passive and active reconnaissance, prevention, diversion, exclusion and blocking via border protection, inner and other defence tools, and solutions using AI, traditional detection, evaluation and intervention.<\/li><\/ul>\n<a name=\"Szoftverfejleszt\u00e9s\"><\/a>\t<h3 class=\"special-heading text-left\">\n\t\t<span class=\"big\">\n\t\tSoftware development\t<\/span>\n\t<\/h3>\n<p>At HM EI Zrt. the aim of our software-centred activity is to do tasks for the Hungarian Defence Forces which are related to the operation, operation support, development (planning, implementation, education) of the special software systems supervised by our company. Moreover, some of our special solutions cater to the needs of the Hungarian Law Enforcement and other fields of administration.<\/p><img decoding=\"async\" src=\"\/\/hmei.hu\/wp-content\/uploads\/2022\/01\/minta_v12.jpg\" alt=\"\/\/hmei.hu\/wp-content\/uploads\/2022\/01\/minta_v12.jpg\" \/>\n<a name=\"F\u0151bb tev\u00e9kenys\u00e9gi k\u00f6r\u00f6k\"><\/a>\t<h4 class=\"special-heading text-left\">\n\t\t<span class=\"\">\n\t\tMAIN ACTIVITIES\t<\/span>\n\t<\/h4>\n<ul><li>development and operation support of SAP based financial, accounting, management, HR, controlling, logistics and CG systems (HM KGIR)<\/li><li>development and operation support of HM-MH Reception System (HM KGIR \u00dcSZR Port\u00e1l)<\/li><li>operation of military simulation systems and MILES firing simulation tools<\/li><li>Development of command and control systems<\/li><li>MicroFocus IDOL-based text mining, search and analytics systems (Infovad\u00e1sz -Infohunter in English)<\/li><li>development of electronic records management and authentication systems for military (iEIR) and civilian purposes (Mondoc)<\/li><li>operation of software used during medical attendance in the HDF Medical Centre (MedWorkS, visualisation, management and controlling)<\/li><li>internal webpage design, portal development and other types of development for the Hungarian Defence Forces catering to their needs.<\/li><\/ul><\/div><!-- .col-* -->\n<div class=\"col-xs-12 col-12 col-lg-3 imagehasab\" >\n\t\n<div id=\"content-height\"><div id=\"content-anchor\"><\/div><div id=\"sticky\"><div class=\"h-para asyncImage\" data-src=\"\/wp-content\/uploads\/2022\/01\/cover_14.jpg\" style=\")\"><\/div><\/div><\/div><div id=\"content-end-anchor\"><\/div><\/div><!-- .col-* -->\n\t\t<\/div>\n\n\t<\/div>\n<\/section>","protected":false},"excerpt":{"rendered":"<p>fejlec-cimlap Szolg\u00e1ltat\u00e1s Slider Bels\u0151 oldal f\u0151c\u00edm sor Informatika C\u00edmlap \/ Szolg\u00e1ltat\u00e1sok \/ Informatika &#8211; Fejleszt\u00e9s, \u00fczemeltet\u00e9s Tartalom EII Informatika \u2014 Fejleszt\u00e9s \u00e9s \u00fczemeltet\u00e9s HM EI Zrt. YouTube csatorn\u00e1ja IT Tev\u00e9kenys\u00e9g A HM EI Zrt. egyik meghat\u00e1roz\u00f3 \u00fczlet\u00e1ga az informatika. SliderInformatika Alap&shy;infra&shy;struk&shy;t\u00fara biztos\u00edt\u00e1sa F\u0151 tech&shy;nol\u00f3&shy;giai megold\u00e1sok Szoftver&shy;fej&shy;lesz&shy;t\u00e9s F\u0151bb tev\u00e9keny&shy;s\u00e9gi k\u00f6r\u00f6k Az Elektronikai \u00e9s Informatikai Igazgat\u00f3s\u00e1g k\u00fcldet\u00e9se, [&hellip;]<\/p>\n","protected":false},"author":24,"featured_media":0,"parent":3936,"menu_order":0,"comment_status":"closed","ping_status":"closed","template":"page-templates\/full-width.php","meta":{"footnotes":""},"class_list":["post-5018","page","type-page","status-publish","hentry"],"_links":{"self":[{"href":"https:\/\/hmei.hu\/en\/wp-json\/wp\/v2\/pages\/5018","targetHints":{"allow":["GET"]}}],"collection":[{"href":"https:\/\/hmei.hu\/en\/wp-json\/wp\/v2\/pages"}],"about":[{"href":"https:\/\/hmei.hu\/en\/wp-json\/wp\/v2\/types\/page"}],"author":[{"embeddable":true,"href":"https:\/\/hmei.hu\/en\/wp-json\/wp\/v2\/users\/24"}],"replies":[{"embeddable":true,"href":"https:\/\/hmei.hu\/en\/wp-json\/wp\/v2\/comments?post=5018"}],"version-history":[{"count":40,"href":"https:\/\/hmei.hu\/en\/wp-json\/wp\/v2\/pages\/5018\/revisions"}],"predecessor-version":[{"id":6634,"href":"https:\/\/hmei.hu\/en\/wp-json\/wp\/v2\/pages\/5018\/revisions\/6634"}],"up":[{"embeddable":true,"href":"https:\/\/hmei.hu\/en\/wp-json\/wp\/v2\/pages\/3936"}],"wp:attachment":[{"href":"https:\/\/hmei.hu\/en\/wp-json\/wp\/v2\/media?parent=5018"}],"curies":[{"name":"wp","href":"https:\/\/api.w.org\/{rel}","templated":true}]}}