{"id":5046,"date":"2022-01-27T19:00:49","date_gmt":"2022-01-27T17:00:49","guid":{"rendered":"https:\/\/hmei.hmzrinyi.hu\/?page_id=5046"},"modified":"2022-05-05T09:44:04","modified_gmt":"2022-05-05T07:44:04","slug":"sajtoszoba","status":"publish","type":"page","link":"https:\/\/hmei.hu\/en\/sajtoszoba\/","title":{"rendered":"Press room"},"content":{"rendered":"<section class=\"ls     fejlec is\"\n         id=\"fejlec-cimlap\"\n\t\t\t>\n\t<h6 class=\"d-none\">fejlec-cimlap<\/h6>\n\t\t<div class=\"container-fluid\">\n\t\t<div class=\"row\">\n\t\t\t<div class=\"col-xs-12 col-12 coverimg is\" >\n\t\n<div class=\"rellax\" data-rellax-speed=\"-4\"><img decoding=\"async\" class=\"asyncImage\" data-src=\"\/wp-content\/uploads\/2022\/02\/hmei-epulet_02_sz.jpg\" src=\"\/wp-content\/uploads\/2022\/02\/hmei-epulet_02_small.jpg\"><\/div><\/div><!-- .col-* -->\n\t\t<\/div>\n\n\t<\/div>\n<\/section>\n<aside class=\"shortcode-widget-area\"><div id=\"custom_html-10\" class=\"widget_text widget widget_custom_html\"><h3 class=\"widget-title\">Szolg\u00e1ltat\u00e1s Slider<\/h3><div class=\"textwidget custom-html-widget\"><div class=\"cs cs2 is\" id=\"fejlec-iconslider\">\r\n    <div class=\"container\">\r\n    <div class=\"row\">\r\n    <div class=\"col-xs-12 col-12 fejlec-slider-ikonok\">\r\n        \r\n    <div class=\"owl-carousel owl-loaded owl-drag owl-theme\" data-items=\"5\" data-loop=\"false\" data-nav=\"true\" data-dots=\"false\" data-center=\"false\" data-autoplay=\"false\" data-responsive-lg=\"5\" data-responsive-md=\"4\" data-responsive-sm=\"3\" data-responsive-xs=\"1\" data-margin=\"2\">\r\n    \r\n    <span class=\"ingatlan\" data-index=\"0\">\r\n        <a lang=\"en-GB\" class=\"en\"  data-info=\"Real Estate\" href=\"\/en\/szolgaltatasok\/ingatlan\/\" target=\"_self\">\r\n            <img decoding=\"async\" src=\"\/wp-content\/uploads\/2022\/01\/luft-icon.png\" alt=\"\/\/www.hmei.hu\/wp-content\/uploads\/2022\/01\/luft-icon.png\">\r\n        <\/a>\r\n        <a lang=\"hu\" class=\"hu\" data-info=\"Ingatlan\" href=\"\/en\/szolgaltatasok\/ingatlan\/\" target=\"_self\" >\r\n            <img decoding=\"async\" src=\"\/wp-content\/uploads\/2022\/01\/luft-icon.png\" alt=\"\/\/www.hmei.hu\/wp-content\/uploads\/2022\/01\/luft-icon.png\">\r\n        <\/a>\r\n    <\/span>\r\n        \r\n    <span class=\"it\" data-index=\"1\">\r\n        <a lang=\"en-GB\" class=\"en\" data-info=\"IT\" href=\"\/en\/szolgaltatasok\/informatika\/\" target=\"_self\">\r\n            <img decoding=\"async\" src=\"\/wp-content\/uploads\/2022\/01\/luft-icon.png\" alt=\"\/\/www.hmei.hu\/wp-content\/uploads\/2022\/01\/luft-icon.png\">\r\n        <\/a>\r\n        <a lang=\"hu\" class=\"hu\" data-info=\"Informatika\" href=\"\/en\/szolgaltatasok\/informatika\/\" target=\"_self\">\r\n            <img decoding=\"async\" src=\"\/wp-content\/uploads\/2022\/01\/luft-icon.png\" alt=\"\/\/www.hmei.hu\/wp-content\/uploads\/2022\/01\/luft-icon.png\">\r\n        <\/a>\r\n    <\/span>\r\n        \r\n    <span class=\"orzes\" data-index=\"2\">\r\n        <a lang=\"en-GB\" class=\"en\" data-info=\"Security and protection\" href=\"\/en\/szolgaltatasok\/orzes-vedelem\/\" target=\"_self\">\r\n            <img decoding=\"async\" src=\"\/wp-content\/uploads\/2022\/01\/luft-icon.png\" alt=\"\/\/www.hmei.hu\/wp-content\/uploads\/2022\/01\/luft-icon.png\">\r\n        <\/a>\r\n        <a lang=\"hu\" class=\"hu\" data-info=\"\u0150rz\u00e9s-\u200bv\u00e9delemm\" href=\"\/en\/szolgaltatasok\/orzes-vedelem\/\" target=\"_self\">\r\n            <img decoding=\"async\" src=\"\/wp-content\/uploads\/2022\/01\/luft-icon.png\" alt=\"\/\/www.hmei.hu\/wp-content\/uploads\/2022\/01\/luft-icon.png\">\r\n        <\/a>\r\n    <\/span>\r\n        \r\n    <span class=\"ruhazat\" data-index=\"3\">\r\n        <a lang=\"en-GB\" class=\"en\" data-info=\"Textile industry\" href=\"\/en\/szolgaltatasok\/textilipar\/\" target=\"_self\">\r\n            <img decoding=\"async\" src=\"\/wp-content\/uploads\/2022\/01\/luft-icon.png\" alt=\"\/\/www.hmei.hu\/wp-content\/uploads\/2022\/01\/luft-icon.png\">\r\n        <\/a>\r\n        <a lang=\"hu\" class=\"hu\" data-info=\"Textilipar\" href=\"\/en\/szolgaltatasok\/textilipar\/\" target=\"_self\">\r\n            <img decoding=\"async\" src=\"\/wp-content\/uploads\/2022\/01\/luft-icon.png\" alt=\"\/\/www.hmei.hu\/wp-content\/uploads\/2022\/01\/luft-icon.png\">\r\n        <\/a>\r\n    <\/span>\r\n        \r\n    <span class=\"dron\" data-index=\"4\">\r\n        <a lang=\"en-GB\" class=\"en\" data-info=\"Aeronaitics\" href=\"\/en\/szolgaltatasok\/repules\/\" target=\"_self\">\r\n            <img decoding=\"async\" src=\"\/wp-content\/uploads\/2022\/01\/luft-icon.png\" alt=\"\/\/www.hmei.hu\/wp-content\/uploads\/2022\/01\/luft-icon.png\">\r\n        <\/a>\r\n        <a lang=\"hu\" class=\"hu\" data-info=\"Rep\u00fcl\u00e9s\" href=\"\/en\/szolgaltatasok\/repules\/\" target=\"_self\">\r\n            <img decoding=\"async\" src=\"\/wp-content\/uploads\/2022\/01\/luft-icon.png\" alt=\"\/\/www.hmei.hu\/wp-content\/uploads\/2022\/01\/luft-icon.png\">\r\n        <\/a>\r\n    <\/span>\r\n        \r\n    <span class=\"flotta\" data-index=\"5\">\r\n        <a lang=\"en-GB\" class=\"en\" data-info=\"Fleet management\" href=\"\/en\/szolgaltatasok\/flottakezeles\/\" target=\"_self\">\r\n            <img decoding=\"async\" src=\"\/wp-content\/uploads\/2022\/01\/luft-icon.png\" alt=\"\/wp-content\/uploads\/2022\/01\/luft-icon.png\">\r\n        <\/a>\r\n        <a lang=\"hu\" class=\"hu\" data-info=\"Flotta\u00adkezel\u00e9s\" href=\"\/en\/szolgaltatasok\/flottakezeles\/\" target=\"_self\">\r\n            <img decoding=\"async\" src=\"\/wp-content\/uploads\/2022\/01\/luft-icon.png\" alt=\"\/wp-content\/uploads\/2022\/01\/luft-icon.png\">\r\n        <\/a>\r\n    <\/span><\/div><\/div><\/div><\/div><\/div><\/div><\/div><\/aside>\n\n<section class=\"ls     fejlec-cimsor\"\n         id=\"belso-lista\"\n\t\t\t>\n\t<h6 class=\"d-none\">Bels\u0151 oldal f\u0151c\u00edm sor<\/h6>\n\t\t<div class=\"container\">\n\t\t<div class=\"row\">\n\t\t\t<div class=\"col-xs-12 col-12\" >\n\t\t<h1 class=\"special-heading text-left\">\n\t\t<span class=\"\">\n\t\tPress room\t<\/span>\n\t<\/h1>\n<p><a href=\"..\/\">HOME<\/a> <span class=\"elv\">\/<\/span> <a href=\"\/en\/bemutatkozas\/\">Introduction<\/a> <span class=\"elv\">\/<\/span> <em>Press room<\/em><\/p><ul class=\"psubmen\"><li><a href=\"\/en\/bemutatkozas\/\">Introduction<\/a> <em> \/<\/em> <a href=\"\/en\/bemutatkozas\/about-us\/\">About us<\/a><\/li><li><a href=\"\/en\/bemutatkozas\/szervezeti-felepites\/\">Organizational structure<\/a><\/li><li><a href=\"\/en\/kozerdeku-adatok\/\">Data of public interest<\/a><\/li><li><em>Press room<\/em><\/li><li><a href=\"\/en\/kapcsolat\/\">CONTACT US<\/a><\/li><\/ul><\/div><!-- .col-* -->\n\t\t<\/div>\n\n\t<\/div>\n<\/section>\n\n<section class=\"ls     nyitoblokk-hosszuszoveg-balikon is\"\n         id=\"fbl_1\"\n\t\t\t>\n\t<h6 class=\"d-none\">Tartalom<\/h6>\n\t\t<div class=\"container\">\n\t\t<div class=\"row\">\n\t\t\t<div class=\"col-xs-12 col-12 col-lg-1 blokk-szamozas\" >\n\t\t<h4 class=\"special-heading text-center\">\n\t\t<span class=\"text-uppercase\">\n\t\tH<br>M<br><br>E<br>I\t<\/span>\n\t<\/h4>\n<\/div><!-- .col-* -->\n<div class=\"col-xs-12 col-12 col-lg-3 ikon-oszlop\" >\n\t\n<span class=\"hmei iconcont\"><img decoding=\"async\" src=\"\/\/hmei.hu\/wp-content\/uploads\/2022\/01\/luft-icon.png\" alt=\"\/\/hmei.hu\/wp-content\/uploads\/2022\/01\/luft-icon.png\" \/><img decoding=\"async\" src=\"\/\/hmei.hu\/wp-content\/uploads\/2022\/01\/luft-icon.png\" alt=\"\/\/hmei.hu\/wp-content\/uploads\/2022\/01\/luft-icon.png\" \/>\n<\/span>\t<h2 class=\"special-heading text-center\">\n\t\t<span class=\"\">\n\t\tHM EI \u2014 Sajt\u00f3szoba\t<\/span>\n\t<\/h2>\n\n<div class=\"soci\"><div class=\"rellax-cont\"><div class=\"rellax\" data-rellax-speed=\"-4\" data-rellax-min=\"0\"><span class=\"rellax-incont\"><span class=\"social-icons\">\n\t\t\t<a href=\"https:\/\/www.youtube.com\/channel\/UC4Lmxoh6tvJIV6ctnCaED7A\"\n\t\t   class=\"fa fa-youtube-play\">\n\n\t\t\t\t\t\t<span>HM EI Zrt. YouTube csatorn\u00e1ja <\/span>\t\t<\/a>\n\n\n\t\t<\/span>\n\n<\/span><\/div><\/div><\/div>\n<div class=\"srevonal-b\"><\/div><\/div><!-- .col-* -->\n<div class=\"col-xs-12 col-12 col-lg-6 nyitoblokk-tartalom\" >\n\t\t<h2 class=\"special-heading text-left\">\n\t\t<span class=\"\">\n\t\tK\u00f6sz\u00f6nj\u00fck \u00e9rdekl\u0151d\u00e9s\u00e9t!\t<\/span>\n\t<\/h2>\n\t<h3 class=\"special-heading text-left\">\n\t\t<span class=\"\">\n\t\tTekintse \u00e1t az elm\u00falt id\u0151szak kiemelt esem\u00e9nyeit\t<\/span>\n\t<\/h3>\n\n\t<div class=\"fw-divider-space\" style=\"margin-top: 30px;\"><\/div>\n<div class=\"shortcode-posts tiled-layout c-gutter-0 c-mb-0\">\n\t<div class=\"bigitem col-lg-5 col-md-12 col-sm-12 col-xs-12\">\n<div class=\"vertical-item overflow-hidden post-6463 post type-post status-publish format-standard has-post-thumbnail hentry category-repules\">\n\t        <div class=\"item-media-wrap\">\n            <div class=\"item-media\">\n\t\t\t\t<img loading=\"lazy\" decoding=\"async\" width=\"1200\" height=\"675\" src=\"https:\/\/hmei.hu\/wp-content\/uploads\/2022\/02\/15-MRVP-kitelepules-Bakony-1-1200x675.jpg\" class=\"attachment-arma-full-width size-arma-full-width wp-post-image\" alt=\"\" srcset=\"https:\/\/hmei.hu\/wp-content\/uploads\/2022\/02\/15-MRVP-kitelepules-Bakony-1-1200x675.jpg 1200w, https:\/\/hmei.hu\/wp-content\/uploads\/2022\/02\/15-MRVP-kitelepules-Bakony-1-1000x563.jpg 1000w\" sizes=\"auto, (max-width: 1200px) 100vw, 1200px\" \/>                <div class=\"media-links\">\n                    <a class=\"abs-link\" href=\"https:\/\/hmei.hu\/en\/sajtoszoba\/mobil-repulesi-vezetesi-pont-mrvp\/\"><\/a>\n                <\/div>\n            <\/div>\n        <\/div>\n\t    <div class=\"item-content\">\n        <header class=\"entry-header\">\n            <div class=\"entry-meta-header\">\n                <span class=\"\"><a href=\"https:\/\/hmei.hu\/en\/sajtoszoba\/2022\/02\/25\/\" rel=\"bookmark\"><time class=\"published entry-date\" datetime=\"2022-02-25T16:04:02+02:00\">2022.02.25.<\/time><\/a><\/span>            <\/div><!-- .entry-meta -->\n\t\t\t\n        <\/header><!-- .entry-header -->\n        <h4 class=\"item-title\">\n            <a href=\"https:\/\/hmei.hu\/en\/sajtoszoba\/mobil-repulesi-vezetesi-pont-mrvp\/\">\n\t\t\t\tMobile Drone Command Unit (MDCU)            <\/a>\n        <\/h4>\n        <div class=\"excerpt\">Sajt\u00f3szoba \/ Rep\u00fcl\u00e9s \u2014 Pil\u00f3ta n\u00e9lk\u00fcli rep\u00fcl\u0151eszk\u00f6z\u00f6k Mobil Rep\u00fcl\u00e9si Vezet\u00e9si Pont (MRVP) A Mobil Rep\u00fcl\u00e9si Vezet\u00e9si Pont (MRVP) feladata a ... <\/div>        <a class=\"more_link\" href=\"https:\/\/hmei.hu\/en\/sajtoszoba\/mobil-repulesi-vezetesi-pont-mrvp\/\"> Read more <\/a>\n    <\/div>\n<\/div><!-- eof vertical-item -->\n<\/div><div class=\"bigitem col-lg-5 col-md-12 col-sm-12 col-xs-12\">\n<div class=\"vertical-item overflow-hidden post-6162 post type-post status-publish format-standard has-post-thumbnail hentry category-repules\">\n\t        <div class=\"item-media-wrap\">\n            <div class=\"item-media\">\n\t\t\t\t<img loading=\"lazy\" decoding=\"async\" width=\"1200\" height=\"675\" src=\"https:\/\/hmei.hu\/wp-content\/uploads\/2022\/01\/cover_36sz-1200x675.jpg\" class=\"attachment-arma-full-width size-arma-full-width wp-post-image\" alt=\"\" srcset=\"https:\/\/hmei.hu\/wp-content\/uploads\/2022\/01\/cover_36sz-1200x675.jpg 1200w, https:\/\/hmei.hu\/wp-content\/uploads\/2022\/01\/cover_36sz-1000x563.jpg 1000w\" sizes=\"auto, (max-width: 1200px) 100vw, 1200px\" \/>                <div class=\"media-links\">\n                    <a class=\"abs-link\" href=\"https:\/\/hmei.hu\/en\/sajtoszoba\/m-8-pilota-nelkuli-celrepulogep\/\"><\/a>\n                <\/div>\n            <\/div>\n        <\/div>\n\t    <div class=\"item-content\">\n        <header class=\"entry-header\">\n            <div class=\"entry-meta-header\">\n                <span class=\"\"><a href=\"https:\/\/hmei.hu\/en\/sajtoszoba\/2022\/02\/18\/\" rel=\"bookmark\"><time class=\"published entry-date\" datetime=\"2022-02-18T08:33:52+02:00\">2022.02.18.<\/time><\/a><\/span>            <\/div><!-- .entry-meta -->\n\t\t\t\n        <\/header><!-- .entry-header -->\n        <h4 class=\"item-title\">\n            <a href=\"https:\/\/hmei.hu\/en\/sajtoszoba\/m-8-pilota-nelkuli-celrepulogep\/\">\n\t\t\t\tM-8 Unmanned aerial target            <\/a>\n        <\/h4>\n        <div class=\"excerpt\">Sajt\u00f3szoba \/ Rep\u00fcl\u00e9s \u2014 Pil\u00f3ta n\u00e9lk\u00fcli rep\u00fcl\u0151eszk\u00f6z\u00f6k M-8 Pil\u00f3ta n\u00e9lk\u00fcli c\u00e9lrep\u00fcl\u0151g\u00e9p T\u00e1vir\u00e1ny\u00edt\u00e1s\u00fa l\u00e9gi c\u00e9lanyag g\u00e9p\u00e1gy\u00fas l\u00f6v\u00e9szetekre Az M-8 t\u00edpus\u00fa kism\u00e9ret\u0171 ... <\/div>        <a class=\"more_link\" href=\"https:\/\/hmei.hu\/en\/sajtoszoba\/m-8-pilota-nelkuli-celrepulogep\/\"> Read more <\/a>\n    <\/div>\n<\/div><!-- eof vertical-item -->\n<\/div><div class=\"bigitem col-lg-5 col-md-12 col-sm-12 col-xs-12\">\n<div class=\"vertical-item overflow-hidden post-6131 post type-post status-publish format-standard has-post-thumbnail hentry category-repules\">\n\t        <div class=\"item-media-wrap\">\n            <div class=\"item-media\">\n\t\t\t\t<img loading=\"lazy\" decoding=\"async\" width=\"1200\" height=\"675\" src=\"https:\/\/hmei.hu\/wp-content\/uploads\/2022\/01\/cover_34sz-1200x675.jpg\" class=\"attachment-arma-full-width size-arma-full-width wp-post-image\" alt=\"\" srcset=\"https:\/\/hmei.hu\/wp-content\/uploads\/2022\/01\/cover_34sz-1200x675.jpg 1200w, https:\/\/hmei.hu\/wp-content\/uploads\/2022\/01\/cover_34sz-1000x563.jpg 1000w\" sizes=\"auto, (max-width: 1200px) 100vw, 1200px\" \/>                <div class=\"media-links\">\n                    <a class=\"abs-link\" href=\"https:\/\/hmei.hu\/en\/sajtoszoba\/r-01-nemere-felderito-megfigyelo-pnr\/\"><\/a>\n                <\/div>\n            <\/div>\n        <\/div>\n\t    <div class=\"item-content\">\n        <header class=\"entry-header\">\n            <div class=\"entry-meta-header\">\n                <span class=\"\"><a href=\"https:\/\/hmei.hu\/en\/sajtoszoba\/2022\/02\/17\/\" rel=\"bookmark\"><time class=\"published entry-date\" datetime=\"2022-02-17T23:07:14+02:00\">2022.02.17.<\/time><\/a><\/span>            <\/div><!-- .entry-meta -->\n\t\t\t\n        <\/header><!-- .entry-header -->\n        <h4 class=\"item-title\">\n            <a href=\"https:\/\/hmei.hu\/en\/sajtoszoba\/r-01-nemere-felderito-megfigyelo-pnr\/\">\n\t\t\t\tR-01 NEMERE unmanned surveillance and reconnaissance aerial vehicle            <\/a>\n        <\/h4>\n        <div class=\"excerpt\">Sajt\u00f3szoba \/ Rep\u00fcl\u00e9s \u2014 Pil\u00f3ta n\u00e9lk\u00fcli rep\u00fcl\u0151eszk\u00f6z\u00f6k R-01 NEMERE felder\u00edt\u0151 \/ megfigyel\u0151 PNR HM EI fejleszt\u00e9s Az R-01 NEMERE t\u00edpus\u00fa ... <\/div>        <a class=\"more_link\" href=\"https:\/\/hmei.hu\/en\/sajtoszoba\/r-01-nemere-felderito-megfigyelo-pnr\/\"> Read more <\/a>\n    <\/div>\n<\/div><!-- eof vertical-item -->\n<\/div><div class=\"bigitem col-lg-5 col-md-12 col-sm-12 col-xs-12\">\n<div class=\"vertical-item overflow-hidden post-6046 post type-post status-publish format-standard has-post-thumbnail hentry category-repules\">\n\t        <div class=\"item-media-wrap\">\n            <div class=\"item-media\">\n\t\t\t\t<img loading=\"lazy\" decoding=\"async\" width=\"1200\" height=\"675\" src=\"https:\/\/hmei.hu\/wp-content\/uploads\/2022\/02\/repulesi-divizio_mukodesi-engedely_20220216_p2-1200x675.jpg\" class=\"attachment-arma-full-width size-arma-full-width wp-post-image\" alt=\"\" srcset=\"https:\/\/hmei.hu\/wp-content\/uploads\/2022\/02\/repulesi-divizio_mukodesi-engedely_20220216_p2-1200x675.jpg 1200w, https:\/\/hmei.hu\/wp-content\/uploads\/2022\/02\/repulesi-divizio_mukodesi-engedely_20220216_p2-1000x563.jpg 1000w\" sizes=\"auto, (max-width: 1200px) 100vw, 1200px\" \/>                <div class=\"media-links\">\n                    <a class=\"abs-link\" href=\"https:\/\/hmei.hu\/en\/sajtoszoba\/sikeresen-hosszabbitott-a-repulesi-divizio\/\"><\/a>\n                <\/div>\n            <\/div>\n        <\/div>\n\t    <div class=\"item-content\">\n        <header class=\"entry-header\">\n            <div class=\"entry-meta-header\">\n                <span class=\"\"><a href=\"https:\/\/hmei.hu\/en\/sajtoszoba\/2022\/02\/16\/\" rel=\"bookmark\"><time class=\"published entry-date\" datetime=\"2022-02-16T15:32:13+02:00\">2022.02.16.<\/time><\/a><\/span>            <\/div><!-- .entry-meta -->\n\t\t\t\n        <\/header><!-- .entry-header -->\n        <h4 class=\"item-title\">\n            <a href=\"https:\/\/hmei.hu\/en\/sajtoszoba\/sikeresen-hosszabbitott-a-repulesi-divizio\/\">\n\t\t\t\tExtended operating licence for the Aeronautics Division            <\/a>\n        <\/h4>\n        <div class=\"excerpt\">Sajt\u00f3szoba \/ Rep\u00fcl\u00e9s Sikeresen hosszabb\u00edtott a Rep\u00fcl\u00e9si Div\u00edzi\u00f3 B\u00fcszk\u00e9k vagyunk, hogy Rep\u00fcl\u00e9si Div\u00edzi\u00f3nk pil\u00f3ta n\u00e9lk\u00fcli rep\u00fcl\u0151eszk\u00f6z\u00f6ket gy\u00e1rt\u00f3 m\u0171helye 2022 janu\u00e1rj\u00e1ban ... <\/div>        <a class=\"more_link\" href=\"https:\/\/hmei.hu\/en\/sajtoszoba\/sikeresen-hosszabbitott-a-repulesi-divizio\/\"> Read more <\/a>\n    <\/div>\n<\/div><!-- eof vertical-item -->\n<\/div><div class=\"bigitem col-lg-5 col-md-12 col-sm-12 col-xs-12\">\n<div class=\"vertical-item overflow-hidden post-6028 post type-post status-publish format-standard has-post-thumbnail hentry category-repules\">\n\t        <div class=\"item-media-wrap\">\n            <div class=\"item-media\">\n\t\t\t\t<img loading=\"lazy\" decoding=\"async\" width=\"1200\" height=\"675\" src=\"https:\/\/hmei.hu\/wp-content\/uploads\/2022\/01\/cover_37sz-1200x675.jpg\" class=\"attachment-arma-full-width size-arma-full-width wp-post-image\" alt=\"\" srcset=\"https:\/\/hmei.hu\/wp-content\/uploads\/2022\/01\/cover_37sz-1200x675.jpg 1200w, https:\/\/hmei.hu\/wp-content\/uploads\/2022\/01\/cover_37sz-1000x563.jpg 1000w\" sizes=\"auto, (max-width: 1200px) 100vw, 1200px\" \/>                <div class=\"media-links\">\n                    <a class=\"abs-link\" href=\"https:\/\/hmei.hu\/en\/sajtoszoba\/meteor-3ma-pilota-nelkuli-celrepulogep\/\"><\/a>\n                <\/div>\n            <\/div>\n        <\/div>\n\t    <div class=\"item-content\">\n        <header class=\"entry-header\">\n            <div class=\"entry-meta-header\">\n                <span class=\"\"><a href=\"https:\/\/hmei.hu\/en\/sajtoszoba\/2022\/02\/16\/\" rel=\"bookmark\"><time class=\"published entry-date\" datetime=\"2022-02-16T10:15:18+02:00\">2022.02.16.<\/time><\/a><\/span>            <\/div><!-- .entry-meta -->\n\t\t\t\n        <\/header><!-- .entry-header -->\n        <h4 class=\"item-title\">\n            <a href=\"https:\/\/hmei.hu\/en\/sajtoszoba\/meteor-3ma-pilota-nelkuli-celrepulogep\/\">\n\t\t\t\tMETEOR-3MA Unmanned aerial target            <\/a>\n        <\/h4>\n        <div class=\"excerpt\">Sajt\u00f3szoba \/ Rep\u00fcl\u00e9s \u2014 Pil\u00f3ta n\u00e9lk\u00fcli rep\u00fcl\u0151eszk\u00f6z\u00f6k METEOR-3MA pil\u00f3ta n\u00e9lk\u00fcli c\u00e9lrep\u00fcl\u0151g\u00e9p HM EI fejleszt\u00e9s A METEOR-3MA t\u00edpus\u00fa pil\u00f3ta n\u00e9lk\u00fcli c\u00e9lrep\u00fcl\u0151g\u00e9pek ... <\/div>        <a class=\"more_link\" href=\"https:\/\/hmei.hu\/en\/sajtoszoba\/meteor-3ma-pilota-nelkuli-celrepulogep\/\"> Read more <\/a>\n    <\/div>\n<\/div><!-- eof vertical-item -->\n<\/div><div class=\"bigitem col-lg-5 col-md-12 col-sm-12 col-xs-12\">\n<div class=\"vertical-item overflow-hidden post-4932 post type-post status-publish format-standard has-post-thumbnail hentry category-ingatlan\">\n\t        <div class=\"item-media-wrap\">\n            <div class=\"item-media\">\n\t\t\t\t<img loading=\"lazy\" decoding=\"async\" width=\"1200\" height=\"675\" src=\"https:\/\/hmei.hu\/wp-content\/uploads\/2022\/01\/BREAKTHROUGH-2021-KLAC5999-1200x675.jpg\" class=\"attachment-arma-full-width size-arma-full-width wp-post-image\" alt=\"BREAKTHROUGH 2021\" srcset=\"https:\/\/hmei.hu\/wp-content\/uploads\/2022\/01\/BREAKTHROUGH-2021-KLAC5999-1200x675.jpg 1200w, https:\/\/hmei.hu\/wp-content\/uploads\/2022\/01\/BREAKTHROUGH-2021-KLAC5999-1000x563.jpg 1000w\" sizes=\"auto, (max-width: 1200px) 100vw, 1200px\" \/>                <div class=\"media-links\">\n                    <a class=\"abs-link\" href=\"https:\/\/hmei.hu\/en\/sajtoszoba\/breakthrough-2021\/\"><\/a>\n                <\/div>\n            <\/div>\n        <\/div>\n\t    <div class=\"item-content\">\n        <header class=\"entry-header\">\n            <div class=\"entry-meta-header\">\n                <span class=\"\"><a href=\"https:\/\/hmei.hu\/en\/sajtoszoba\/2022\/01\/26\/\" rel=\"bookmark\"><time class=\"published entry-date\" datetime=\"2022-01-26T17:00:20+02:00\">2022.01.26.<\/time><\/a><\/span>            <\/div><!-- .entry-meta -->\n\t\t\t\n        <\/header><!-- .entry-header -->\n        <h4 class=\"item-title\">\n            <a href=\"https:\/\/hmei.hu\/en\/sajtoszoba\/breakthrough-2021\/\">\n\t\t\t\tWe assisted in the provision of the technical background for the military exercise Breakthrough 2021            <\/a>\n        <\/h4>\n        <div class=\"excerpt\">Sajt\u00f3szoba \/ Ingatlan \u2014 Gyakorlatszervez\u00e9s Breakthrough 2021 hadgyakorlat technikai h\u00e1tter\u00e9nek biztos\u00edt\u00e1s\u00e1ban seg\u00e9dkezt\u00fcnk A Breakthrough 2021 \u00e9lesl\u00f6v\u00e9szettel egybek\u00f6t\u00f6tt k\u00e9pess\u00e9gintegr\u00e1l\u00f3 gyakorlat szakmai ... <\/div>        <a class=\"more_link\" href=\"https:\/\/hmei.hu\/en\/sajtoszoba\/breakthrough-2021\/\"> Read more <\/a>\n    <\/div>\n<\/div><!-- eof vertical-item -->\n<\/div>\t<\/div><!-- eof .istotpe-wrapper -->\n<\/div><!-- .col-* -->\n<div class=\"col-xs-12 col-12 col-lg-3 imagehasab\" >\n\t\n<div id=\"content-height\"><div id=\"content-anchor\"><\/div><div id=\"sticky\"><div class=\"h-para asyncImage\" data-src=\"\/wp-content\/uploads\/2022\/02\/hmei-epulet_02_sz.jpg\" style=\"background-image: url('\/wp-content\/uploads\/2022\/02\/hmei-epulet_02_small.jpg');\"><\/div><\/div><\/div><div id=\"content-end-anchor\"><\/div><\/div><!-- .col-* -->\n\t\t<\/div>\n\n\t<\/div>\n<\/section>","protected":false},"excerpt":{"rendered":"<p>Sajt\u00f3szoba \/ Ingatlan \u2014 Gyakorlatszervez\u00e9s Breakthrough 2021 hadgyakorlat technikai h\u00e1tter\u00e9nek biztos\u00edt\u00e1s\u00e1ban seg\u00e9dkezt\u00fcnk A Breakthrough 2021 \u00e9lesl\u00f6v\u00e9szettel egybek\u00f6t\u00f6tt k\u00e9pess\u00e9gintegr\u00e1l\u00f3 gyakorlat szakmai napj\u00e1t tartott\u00e1k szeptember 29-\u00e9n, szerd\u00e1n, az MH K\u00f6zponti Gyakorl\u00f3- \u00e9s L\u0151t\u00e9r hajm\u00e1sk\u00e9ri l\u0151ter\u00e9n. A gyakorlaton a Honv\u00e9delmi \u00e9s Hader\u0151fejleszt\u00e9si Program sor\u00e1n beszerzett \u00faj technikai eszk\u00f6z\u00f6k \u00e9s a Digit\u00e1lis Katona Program fejleszt\u00e9sei kaptak f\u0151szerepet. BREAKTHROUGH 2021BREAKTHROUGH [&hellip;]<\/p>\n","protected":false},"author":24,"featured_media":0,"parent":0,"menu_order":0,"comment_status":"closed","ping_status":"closed","template":"page-templates\/full-width.php","meta":{"footnotes":""},"class_list":["post-5046","page","type-page","status-publish","hentry","has-post-thumbnail"],"_links":{"self":[{"href":"https:\/\/hmei.hu\/en\/wp-json\/wp\/v2\/pages\/5046","targetHints":{"allow":["GET"]}}],"collection":[{"href":"https:\/\/hmei.hu\/en\/wp-json\/wp\/v2\/pages"}],"about":[{"href":"https:\/\/hmei.hu\/en\/wp-json\/wp\/v2\/types\/page"}],"author":[{"embeddable":true,"href":"https:\/\/hmei.hu\/en\/wp-json\/wp\/v2\/users\/24"}],"replies":[{"embeddable":true,"href":"https:\/\/hmei.hu\/en\/wp-json\/wp\/v2\/comments?post=5046"}],"version-history":[{"count":49,"href":"https:\/\/hmei.hu\/en\/wp-json\/wp\/v2\/pages\/5046\/revisions"}],"predecessor-version":[{"id":6913,"href":"https:\/\/hmei.hu\/en\/wp-json\/wp\/v2\/pages\/5046\/revisions\/6913"}],"wp:attachment":[{"href":"https:\/\/hmei.hu\/en\/wp-json\/wp\/v2\/media?parent=5046"}],"curies":[{"name":"wp","href":"https:\/\/api.w.org\/{rel}","templated":true}]}}