{"id":5366,"date":"2022-02-02T17:10:59","date_gmt":"2022-02-02T15:10:59","guid":{"rendered":"https:\/\/hmei.hmzrinyi.hu\/?page_id=5366"},"modified":"2025-06-20T07:10:12","modified_gmt":"2025-06-20T05:10:12","slug":"szervezeti-felepites","status":"publish","type":"page","link":"https:\/\/hmei.hu\/en\/bemutatkozas\/szervezeti-felepites\/","title":{"rendered":"Organizational structure"},"content":{"rendered":"<section class=\"ls     fejlec is\"\n         id=\"fejlec-cimlap\"\n\t\t\t>\n\t<h6 class=\"d-none\">Fejl\u00e9c IS<\/h6>\n\t\t<div class=\"container-fluid\">\n\t\t<div class=\"row\">\n\t\t\t<div class=\"col-xs-12 col-12 coverimg is\" >\n\t\n<div class=\"rellax\" data-rellax-speed=\"-4\"><img decoding=\"async\" class=\"asyncImage\" data-src=\"\/wp-content\/uploads\/2022\/02\/hmei-epulet_02_sz.jpg\" src=\"\/wp-content\/uploads\/2022\/02\/hmei-epulet_02_small.jpg\"><\/div><\/div><!-- .col-* -->\n\t\t<\/div>\n\n\t<\/div>\n<\/section>\n<aside class=\"shortcode-widget-area\"><div id=\"custom_html-10\" class=\"widget_text widget widget_custom_html\"><h3 class=\"widget-title\">Szolg\u00e1ltat\u00e1s Slider<\/h3><div class=\"textwidget custom-html-widget\"><div class=\"cs cs2 is\" id=\"fejlec-iconslider\">\r\n    <div class=\"container\">\r\n    <div class=\"row\">\r\n    <div class=\"col-xs-12 col-12 fejlec-slider-ikonok\">\r\n        \r\n    <div class=\"owl-carousel owl-loaded owl-drag owl-theme\" data-items=\"5\" data-loop=\"false\" data-nav=\"true\" data-dots=\"false\" data-center=\"false\" data-autoplay=\"false\" data-responsive-lg=\"5\" data-responsive-md=\"4\" data-responsive-sm=\"3\" data-responsive-xs=\"1\" data-margin=\"2\">\r\n    \r\n    <span class=\"ingatlan\" data-index=\"0\">\r\n        <a lang=\"en-GB\" class=\"en\"  data-info=\"Real Estate\" href=\"\/en\/szolgaltatasok\/ingatlan\/\" target=\"_self\">\r\n            <img decoding=\"async\" src=\"\/wp-content\/uploads\/2022\/01\/luft-icon.png\" alt=\"\/\/www.hmei.hu\/wp-content\/uploads\/2022\/01\/luft-icon.png\">\r\n        <\/a>\r\n        <a lang=\"hu\" class=\"hu\" data-info=\"Ingatlan\" href=\"\/en\/szolgaltatasok\/ingatlan\/\" target=\"_self\" >\r\n            <img decoding=\"async\" src=\"\/wp-content\/uploads\/2022\/01\/luft-icon.png\" alt=\"\/\/www.hmei.hu\/wp-content\/uploads\/2022\/01\/luft-icon.png\">\r\n        <\/a>\r\n    <\/span>\r\n        \r\n    <span class=\"it\" data-index=\"1\">\r\n        <a lang=\"en-GB\" class=\"en\" data-info=\"IT\" href=\"\/en\/szolgaltatasok\/informatika\/\" target=\"_self\">\r\n            <img decoding=\"async\" src=\"\/wp-content\/uploads\/2022\/01\/luft-icon.png\" alt=\"\/\/www.hmei.hu\/wp-content\/uploads\/2022\/01\/luft-icon.png\">\r\n        <\/a>\r\n        <a lang=\"hu\" class=\"hu\" data-info=\"Informatika\" href=\"\/en\/szolgaltatasok\/informatika\/\" target=\"_self\">\r\n            <img decoding=\"async\" src=\"\/wp-content\/uploads\/2022\/01\/luft-icon.png\" alt=\"\/\/www.hmei.hu\/wp-content\/uploads\/2022\/01\/luft-icon.png\">\r\n        <\/a>\r\n    <\/span>\r\n        \r\n    <span class=\"orzes\" data-index=\"2\">\r\n        <a lang=\"en-GB\" class=\"en\" data-info=\"Security and protection\" href=\"\/en\/szolgaltatasok\/orzes-vedelem\/\" target=\"_self\">\r\n            <img decoding=\"async\" src=\"\/wp-content\/uploads\/2022\/01\/luft-icon.png\" alt=\"\/\/www.hmei.hu\/wp-content\/uploads\/2022\/01\/luft-icon.png\">\r\n        <\/a>\r\n        <a lang=\"hu\" class=\"hu\" data-info=\"\u0150rz\u00e9s-\u200bv\u00e9delemm\" href=\"\/en\/szolgaltatasok\/orzes-vedelem\/\" target=\"_self\">\r\n            <img decoding=\"async\" src=\"\/wp-content\/uploads\/2022\/01\/luft-icon.png\" alt=\"\/\/www.hmei.hu\/wp-content\/uploads\/2022\/01\/luft-icon.png\">\r\n        <\/a>\r\n    <\/span>\r\n        \r\n    <span class=\"ruhazat\" data-index=\"3\">\r\n        <a lang=\"en-GB\" class=\"en\" data-info=\"Textile industry\" href=\"\/en\/szolgaltatasok\/textilipar\/\" target=\"_self\">\r\n            <img decoding=\"async\" src=\"\/wp-content\/uploads\/2022\/01\/luft-icon.png\" alt=\"\/\/www.hmei.hu\/wp-content\/uploads\/2022\/01\/luft-icon.png\">\r\n        <\/a>\r\n        <a lang=\"hu\" class=\"hu\" data-info=\"Textilipar\" href=\"\/en\/szolgaltatasok\/textilipar\/\" target=\"_self\">\r\n            <img decoding=\"async\" src=\"\/wp-content\/uploads\/2022\/01\/luft-icon.png\" alt=\"\/\/www.hmei.hu\/wp-content\/uploads\/2022\/01\/luft-icon.png\">\r\n        <\/a>\r\n    <\/span>\r\n        \r\n    <span class=\"dron\" data-index=\"4\">\r\n        <a lang=\"en-GB\" class=\"en\" data-info=\"Aeronaitics\" href=\"\/en\/szolgaltatasok\/repules\/\" target=\"_self\">\r\n            <img decoding=\"async\" src=\"\/wp-content\/uploads\/2022\/01\/luft-icon.png\" alt=\"\/\/www.hmei.hu\/wp-content\/uploads\/2022\/01\/luft-icon.png\">\r\n        <\/a>\r\n        <a lang=\"hu\" class=\"hu\" data-info=\"Rep\u00fcl\u00e9s\" href=\"\/en\/szolgaltatasok\/repules\/\" target=\"_self\">\r\n            <img decoding=\"async\" src=\"\/wp-content\/uploads\/2022\/01\/luft-icon.png\" alt=\"\/\/www.hmei.hu\/wp-content\/uploads\/2022\/01\/luft-icon.png\">\r\n        <\/a>\r\n    <\/span>\r\n        \r\n    <span class=\"flotta\" data-index=\"5\">\r\n        <a lang=\"en-GB\" class=\"en\" data-info=\"Fleet management\" href=\"\/en\/szolgaltatasok\/flottakezeles\/\" target=\"_self\">\r\n            <img decoding=\"async\" src=\"\/wp-content\/uploads\/2022\/01\/luft-icon.png\" alt=\"\/wp-content\/uploads\/2022\/01\/luft-icon.png\">\r\n        <\/a>\r\n        <a lang=\"hu\" class=\"hu\" data-info=\"Flotta\u00adkezel\u00e9s\" href=\"\/en\/szolgaltatasok\/flottakezeles\/\" target=\"_self\">\r\n            <img decoding=\"async\" src=\"\/wp-content\/uploads\/2022\/01\/luft-icon.png\" alt=\"\/wp-content\/uploads\/2022\/01\/luft-icon.png\">\r\n        <\/a>\r\n    <\/span><\/div><\/div><\/div><\/div><\/div><\/div><\/div><\/aside>\n\n<section class=\"ls     fejlec-cimsor\"\n         id=\"belso-lista\"\n\t\t\t>\n\t<h6 class=\"d-none\">Bels\u0151 oldal f\u0151c\u00edm sor<\/h6>\n\t\t<div class=\"container\">\n\t\t<div class=\"row\">\n\t\t\t<div class=\"col-xs-12 col-12\" >\n\t\t<h1 class=\"special-heading text-left\">\n\t\t<span class=\"\">\n\t\tOrganizational structure\t<\/span>\n\t<\/h1>\n<p><a href=\"..\/..\/\">HOME<\/a><span class=\"elv\">\/<\/span> <a href=\"..\/\">Introduction<\/a> <span class=\"elv\">\/<\/span> <em>Organizational structure<\/em><\/p><ul class=\"psubmen\"><li><a href=\"\/en\/bemutatkozas\/\">Introduction<\/a> <em> \/<\/em> <a href=\"\/en\/bemutatkozas\/about-us\/\">About us<\/a><\/li><li><em>Organizational structure<\/em><\/li><li><a href=\"\/en\/kozerdeku-adatok\/\">Data of public interest<\/a><\/li><li><a href=\"\/en\/sajtoszoba\/\">Press room<\/a><\/li><li><a href=\"\/en\/kapcsolat\/\">CONTACT US<\/a><\/li><\/ul><\/div><!-- .col-* -->\n\t\t<\/div>\n\n\t<\/div>\n<\/section>\n\n<section class=\"ls     nyitoblokk-hosszuszoveg-balikon is\"\n         id=\"fbl_1\"\n\t\t\t>\n\t<h6 class=\"d-none\">Tartalom<\/h6>\n\t\t<div class=\"container\">\n\t\t<div class=\"row\">\n\t\t\t<div class=\"col-xs-12 col-12 col-lg-1 blokk-szamozas\" >\n\t\t<h4 class=\"special-heading text-center\">\n\t\t<span class=\"thin text-uppercase big\">\n\t\tH<br>M<br><br>E<br>I\t<\/span>\n\t<\/h4>\n<\/div><!-- .col-* -->\n<div class=\"col-xs-12 col-12 col-lg-3 ikon-oszlop\" >\n\t\n<span class=\"hmei iconcont\"><img decoding=\"async\" src=\"\/\/hmei.hu\/wp-content\/uploads\/2022\/01\/luft-icon.png\" alt=\"\/\/hmei.hu\/wp-content\/uploads\/2022\/01\/luft-icon.png\" \/>\n<\/span>\t<h2 class=\"special-heading text-center\">\n\t\t<span class=\"\">\n\t\tHM EI \u2014 Szervezeti Fel\u00e9p\u00edt\u00e9s\t<\/span>\n\t<\/h2>\n\n<div class=\"soci\"><div class=\"rellax-cont\"><div class=\"rellax\" data-rellax-speed=\"-4\" data-rellax-min=\"0\"><span class=\"rellax-incont\"><span class=\"social-icons\">\n\t\t\t<a href=\"https:\/\/www.youtube.com\/channel\/UC4Lmxoh6tvJIV6ctnCaED7A\"\n\t\t   class=\"fa fa-youtube-play\">\n\n\t\t\t\t\t\t<span>HM EI Zrt. YouTube csatorn\u00e1ja <\/span>\t\t<\/a>\n\n\n\t\t<\/span>\n\n<\/span><\/div><\/div><\/div>\n<div class=\"srevonal-b\"><\/div><\/div><!-- .col-* -->\n<div class=\"col-xs-12 col-12 col-lg-6 nyitoblokk-tartalom\" >\n\t<div class=\"szervfel\"><ul><li class=\"lev1 bs bsv bt\"><span><strong>I\u00adGAZ\u00adGA\u00adT\u00d3\u00adS\u00c1G<\/strong><\/span><ul class=\"ap\"><li class=\"lev2 bs bsh bsv\"><span><strong>FE\u00adL\u00dc\u00adGYE\u00adL\u0150\u00adBI\u00adZOT\u00adTS\u00c1G<\/strong><\/span><\/li><li class=\"as lev2 bs bsh bsv tp\"><span><strong>VE\u00adZ\u00c9R\u00adI\u00adGAZ\u00adGA\u00adT\u00d3<\/strong><\/span><ul><li class=\"lev6 bsd\"><span><strong>\u00c9R\u00adDEK\u00adK\u00c9P\u00adVI\u00adSE\u00adLET<\/strong><\/span><\/li><li class=\"lev3 bs bsh\"><span><strong>KUTAT\u00c1SI, FEJLESZT\u00c9SI \u00c9S INNOV\u00c1CI\u00d3S VEZ\u00c9RIGAZGAT\u00d3 HELYETTES<\/strong><\/span><\/li><li class=\"lev4 bs bsh\"><span><strong>\u0150RZ\u00c9S-V\u00c9DELMI IGAZGAT\u00d3S\u00c1G<\/strong><\/span><\/li><li class=\"lev4 bs bsh\"><span><strong>ELEKTRONIKAI \u00c9S INFORMATIKAI IGAZGAT\u00d3S\u00c1G<\/strong><\/span><\/li><li class=\"lev4 bs bsh\"><span><strong>INGATLAN-\u00dcZEMELTET\u00c9SI IGAZGAT\u00d3S\u00c1G<\/strong><\/span><\/li><li class=\"lev4 bs bsh\"><span><strong>LOGISZTIKAI \u00c9S TEXTILIPARI IGAZGAT\u00d3S\u00c1G<\/strong><\/span><\/li><li class=\"lev4 bs bsh\"><span><strong>GAZDAS\u00c1GI IGAZGAT\u00d3S\u00c1G<\/strong><\/span><\/li><li class=\"lev4 bs bsh\"><span><strong>STRAT\u00c9GIAI \u00c9S KOORDIN\u00c1CI\u00d3S IGAZGAT\u00d3S\u00c1G<\/strong><\/span><\/li><li class=\"lev4 bs bsh\"><span><strong>JOGI \u00c9S MEGFELEL\u00c9ST T\u00c1MOGAT\u00d3 IRODA<\/strong><\/span><\/li><li class=\"lev4 bs bsh\"><span><strong>HUM\u00c1NPOLITIKAI DIV\u00cdZI\u00d3<\/strong><\/span><\/li><li class=\"lev4 bs bsh ep\"><span><strong> IGAZGAT\u00c1SI \u00c9S SZERVEZ\u00c9SI IRODA<\/strong><\/span><\/li><li class=\"lev4 bs bsh ep\"><span><strong>ADATV\u00c9DELMI TISZTVISEL\u0150<\/strong><\/span><\/li><li class=\"lev4 bs bsh ep\"><span><strong>BELS\u0150 ELLEN\u0150RZ\u00c9SI \u00c9S BIZTONS\u00c1GI DIV\u00cdZI\u00d3<\/strong><\/span><ul><li class=\"lev6 bs bsh is bsv tp\"><span><strong> BIZ\u00adTON\u00adS\u00c1\u00adGI VE\u00adZE\u00adT\u0150<\/strong><\/span><ul><li class=\"lev7 bs bsh bsv tp\"><span><strong>REJT\u00adJEL\u00adFE\u00adL\u00dc\u00adGYE\u00adL\u0150<\/strong><\/span><\/li><\/ul><\/li><\/ul><\/li><\/ul><\/li><\/ul><\/li><\/ul><\/div><\/div><!-- .col-* -->\n<div class=\"col-xs-12 col-12 col-lg-3 imagehasab\" >\n\t\n<div id=\"content-height\"><div id=\"content-anchor\"><\/div><div id=\"sticky\"><div class=\"h-para asyncImage\" data-src=\"\/wp-content\/uploads\/2022\/02\/hmei-epulet_02_sz.jpg\" style=\")\"><\/div><\/div><\/div><div id=\"content-end-anchor\"><\/div><\/div><!-- .col-* -->\n\t\t<\/div>\n\n\t<\/div>\n<\/section>","protected":false},"excerpt":{"rendered":"<p>Fejl\u00e9c IS Szolg\u00e1ltat\u00e1s Slider Bels\u0151 oldal f\u0151c\u00edm sor Szervezeti fel\u00e9p\u00edt\u00e9s C\u00edmlap\/ Bemutatkoz\u00e1s \/ Szervezeti fel\u00e9p\u00edt\u00e9sBemutatkoz\u00e1s \/ About UsSzervezeti fel\u00e9p\u00edt\u00e9sK\u00f6z\u00e9rdek\u0171 adatokSajt\u00f3szobaKapcsolat Tartalom HMEI HM EI \u2014 Szervezeti Fel\u00e9p\u00edt\u00e9s HM EI Zrt. YouTube csatorn\u00e1ja I\u00adGAZ\u00adGA\u00adT\u00d3\u00adS\u00c1GFE\u00adL\u00dc\u00adGYE\u00adL\u0150\u00adBI\u00adZOT\u00adTS\u00c1GVE\u00adZ\u00c9R\u00adI\u00adGAZ\u00adGA\u00adT\u00d3\u00c9R\u00adDEK\u00adK\u00c9P\u00adVI\u00adSE\u00adLETKUTAT\u00c1SI, FEJLESZT\u00c9SI \u00c9S INNOV\u00c1CI\u00d3S VEZ\u00c9RIGAZGAT\u00d3 HELYETTES\u0150RZ\u00c9S-V\u00c9DELMI IGAZGAT\u00d3S\u00c1GELEKTRONIKAI \u00c9S INFORMATIKAI IGAZGAT\u00d3S\u00c1GINGATLAN-\u00dcZEMELTET\u00c9SI IGAZGAT\u00d3S\u00c1GLOGISZTIKAI \u00c9S TEXTILIPARI IGAZGAT\u00d3S\u00c1GGAZDAS\u00c1GI IGAZGAT\u00d3S\u00c1GSTRAT\u00c9GIAI \u00c9S KOORDIN\u00c1CI\u00d3S IGAZGAT\u00d3S\u00c1GJOGI \u00c9S MEGFELEL\u00c9ST T\u00c1MOGAT\u00d3 IRODAHUM\u00c1NPOLITIKAI DIV\u00cdZI\u00d3 [&hellip;]<\/p>\n","protected":false},"author":24,"featured_media":0,"parent":5269,"menu_order":0,"comment_status":"closed","ping_status":"closed","template":"page-templates\/full-width.php","meta":{"footnotes":""},"class_list":["post-5366","page","type-page","status-publish","hentry"],"_links":{"self":[{"href":"https:\/\/hmei.hu\/en\/wp-json\/wp\/v2\/pages\/5366","targetHints":{"allow":["GET"]}}],"collection":[{"href":"https:\/\/hmei.hu\/en\/wp-json\/wp\/v2\/pages"}],"about":[{"href":"https:\/\/hmei.hu\/en\/wp-json\/wp\/v2\/types\/page"}],"author":[{"embeddable":true,"href":"https:\/\/hmei.hu\/en\/wp-json\/wp\/v2\/users\/24"}],"replies":[{"embeddable":true,"href":"https:\/\/hmei.hu\/en\/wp-json\/wp\/v2\/comments?post=5366"}],"version-history":[{"count":102,"href":"https:\/\/hmei.hu\/en\/wp-json\/wp\/v2\/pages\/5366\/revisions"}],"predecessor-version":[{"id":9007,"href":"https:\/\/hmei.hu\/en\/wp-json\/wp\/v2\/pages\/5366\/revisions\/9007"}],"up":[{"embeddable":true,"href":"https:\/\/hmei.hu\/en\/wp-json\/wp\/v2\/pages\/5269"}],"wp:attachment":[{"href":"https:\/\/hmei.hu\/en\/wp-json\/wp\/v2\/media?parent=5366"}],"curies":[{"name":"wp","href":"https:\/\/api.w.org\/{rel}","templated":true}]}}