{"id":5459,"date":"2022-02-05T18:10:01","date_gmt":"2022-02-05T16:10:01","guid":{"rendered":"https:\/\/hmei.hmzrinyi.hu\/?page_id=5459"},"modified":"2022-03-29T15:02:50","modified_gmt":"2022-03-29T13:02:50","slug":"cookie-policy","status":"publish","type":"page","link":"https:\/\/hmei.hu\/en\/cookie-policy\/","title":{"rendered":"MANAGE COOKIES"},"content":{"rendered":"<section class=\"ls     fejlec is\"\n         id=\"fejlec-cimlap\"\n\t\t\t>\n\t<h6 class=\"d-none\">Fejl\u00e9c IS \u00fcres <\/h6>\n\t\t<div class=\"container-fluid\">\n\t\t<div class=\"row\">\n\t\t\t<div class=\"col-xs-12 col-12 coverimg is\" >\n\t\n<div class=\"rellax\" data-rellax-speed=\"-4\">\n<\/div><\/div><!-- .col-* -->\n\t\t<\/div>\n\n\t<\/div>\n<\/section>\n<aside class=\"shortcode-widget-area\"><div id=\"custom_html-10\" class=\"widget_text widget widget_custom_html\"><h3 class=\"widget-title\">Szolg\u00e1ltat\u00e1s Slider<\/h3><div class=\"textwidget custom-html-widget\"><div class=\"cs cs2 is\" id=\"fejlec-iconslider\">\r\n    <div class=\"container\">\r\n    <div class=\"row\">\r\n    <div class=\"col-xs-12 col-12 fejlec-slider-ikonok\">\r\n        \r\n    <div class=\"owl-carousel owl-loaded owl-drag owl-theme\" data-items=\"5\" data-loop=\"false\" data-nav=\"true\" data-dots=\"false\" data-center=\"false\" data-autoplay=\"false\" data-responsive-lg=\"5\" data-responsive-md=\"4\" data-responsive-sm=\"3\" data-responsive-xs=\"1\" data-margin=\"2\">\r\n    \r\n    <span class=\"ingatlan\" data-index=\"0\">\r\n        <a lang=\"en-GB\" class=\"en\"  data-info=\"Real Estate\" href=\"\/en\/szolgaltatasok\/ingatlan\/\" target=\"_self\">\r\n            <img decoding=\"async\" src=\"\/wp-content\/uploads\/2022\/01\/luft-icon.png\" alt=\"\/\/www.hmei.hu\/wp-content\/uploads\/2022\/01\/luft-icon.png\">\r\n        <\/a>\r\n        <a lang=\"hu\" class=\"hu\" data-info=\"Ingatlan\" href=\"\/en\/szolgaltatasok\/ingatlan\/\" target=\"_self\" >\r\n            <img decoding=\"async\" src=\"\/wp-content\/uploads\/2022\/01\/luft-icon.png\" alt=\"\/\/www.hmei.hu\/wp-content\/uploads\/2022\/01\/luft-icon.png\">\r\n        <\/a>\r\n    <\/span>\r\n        \r\n    <span class=\"it\" data-index=\"1\">\r\n        <a lang=\"en-GB\" class=\"en\" data-info=\"IT\" href=\"\/en\/szolgaltatasok\/informatika\/\" target=\"_self\">\r\n            <img decoding=\"async\" src=\"\/wp-content\/uploads\/2022\/01\/luft-icon.png\" alt=\"\/\/www.hmei.hu\/wp-content\/uploads\/2022\/01\/luft-icon.png\">\r\n        <\/a>\r\n        <a lang=\"hu\" class=\"hu\" data-info=\"Informatika\" href=\"\/en\/szolgaltatasok\/informatika\/\" target=\"_self\">\r\n            <img decoding=\"async\" src=\"\/wp-content\/uploads\/2022\/01\/luft-icon.png\" alt=\"\/\/www.hmei.hu\/wp-content\/uploads\/2022\/01\/luft-icon.png\">\r\n        <\/a>\r\n    <\/span>\r\n        \r\n    <span class=\"orzes\" data-index=\"2\">\r\n        <a lang=\"en-GB\" class=\"en\" data-info=\"Security and protection\" href=\"\/en\/szolgaltatasok\/orzes-vedelem\/\" target=\"_self\">\r\n            <img decoding=\"async\" src=\"\/wp-content\/uploads\/2022\/01\/luft-icon.png\" alt=\"\/\/www.hmei.hu\/wp-content\/uploads\/2022\/01\/luft-icon.png\">\r\n        <\/a>\r\n        <a lang=\"hu\" class=\"hu\" data-info=\"\u0150rz\u00e9s-\u200bv\u00e9delemm\" href=\"\/en\/szolgaltatasok\/orzes-vedelem\/\" target=\"_self\">\r\n            <img decoding=\"async\" src=\"\/wp-content\/uploads\/2022\/01\/luft-icon.png\" alt=\"\/\/www.hmei.hu\/wp-content\/uploads\/2022\/01\/luft-icon.png\">\r\n        <\/a>\r\n    <\/span>\r\n        \r\n    <span class=\"ruhazat\" data-index=\"3\">\r\n        <a lang=\"en-GB\" class=\"en\" data-info=\"Textile industry\" href=\"\/en\/szolgaltatasok\/textilipar\/\" target=\"_self\">\r\n            <img decoding=\"async\" src=\"\/wp-content\/uploads\/2022\/01\/luft-icon.png\" alt=\"\/\/www.hmei.hu\/wp-content\/uploads\/2022\/01\/luft-icon.png\">\r\n        <\/a>\r\n        <a lang=\"hu\" class=\"hu\" data-info=\"Textilipar\" href=\"\/en\/szolgaltatasok\/textilipar\/\" target=\"_self\">\r\n            <img decoding=\"async\" src=\"\/wp-content\/uploads\/2022\/01\/luft-icon.png\" alt=\"\/\/www.hmei.hu\/wp-content\/uploads\/2022\/01\/luft-icon.png\">\r\n        <\/a>\r\n    <\/span>\r\n        \r\n    <span class=\"dron\" data-index=\"4\">\r\n        <a lang=\"en-GB\" class=\"en\" data-info=\"Aeronaitics\" href=\"\/en\/szolgaltatasok\/repules\/\" target=\"_self\">\r\n            <img decoding=\"async\" src=\"\/wp-content\/uploads\/2022\/01\/luft-icon.png\" alt=\"\/\/www.hmei.hu\/wp-content\/uploads\/2022\/01\/luft-icon.png\">\r\n        <\/a>\r\n        <a lang=\"hu\" class=\"hu\" data-info=\"Rep\u00fcl\u00e9s\" href=\"\/en\/szolgaltatasok\/repules\/\" target=\"_self\">\r\n            <img decoding=\"async\" src=\"\/wp-content\/uploads\/2022\/01\/luft-icon.png\" alt=\"\/\/www.hmei.hu\/wp-content\/uploads\/2022\/01\/luft-icon.png\">\r\n        <\/a>\r\n    <\/span>\r\n        \r\n    <span class=\"flotta\" data-index=\"5\">\r\n        <a lang=\"en-GB\" class=\"en\" data-info=\"Fleet management\" href=\"\/en\/szolgaltatasok\/flottakezeles\/\" target=\"_self\">\r\n            <img decoding=\"async\" src=\"\/wp-content\/uploads\/2022\/01\/luft-icon.png\" alt=\"\/wp-content\/uploads\/2022\/01\/luft-icon.png\">\r\n        <\/a>\r\n        <a lang=\"hu\" class=\"hu\" data-info=\"Flotta\u00adkezel\u00e9s\" href=\"\/en\/szolgaltatasok\/flottakezeles\/\" target=\"_self\">\r\n            <img decoding=\"async\" src=\"\/wp-content\/uploads\/2022\/01\/luft-icon.png\" alt=\"\/wp-content\/uploads\/2022\/01\/luft-icon.png\">\r\n        <\/a>\r\n    <\/span><\/div><\/div><\/div><\/div><\/div><\/div><\/div><\/aside>\n\n<section class=\"ls     fejlec-cimsor\"\n         id=\"belso-lista\"\n\t\t\t>\n\t<h6 class=\"d-none\">Bels\u0151 oldal f\u0151c\u00edm sor<\/h6>\n\t\t<div class=\"container\">\n\t\t<div class=\"row\">\n\t\t\t<div class=\"col-xs-12 col-12\" >\n\t\t<h1 class=\"special-heading text-left\">\n\t\t<span class=\"\">\n\t\tMANAGE COOKIES\t<\/span>\n\t<\/h1>\n<p><a href=\"..\/..\/\">HOME<\/a> <span class=\"elv\">\/<\/span> <em>MANAGE COOKIES<\/em><\/p><\/div><!-- .col-* -->\n\t\t<\/div>\n\n\t<\/div>\n<\/section>\n\n<section class=\"ls     nyitoblokk-hosszuszoveg-balikon is\"\n         id=\"fbl_1\"\n\t\t\t>\n\t<h6 class=\"d-none\">Tartalom<\/h6>\n\t\t<div class=\"container\">\n\t\t<div class=\"row\">\n\t\t\t<div class=\"col-xs-12 col-12 col-lg-9 nyitoblokk-tartalom nosp\" >\n\t\t<h2 class=\"special-heading text-left\">\n\t\t<span class=\"\">\n\t\tCookie (\u201es\u00fcti\u201d) kezel\u00e9si t\u00e1j\u00e9koztat\u00f3\t<\/span>\n\t<\/h2>\n\n\t<div class=\"fw-divider-space\" style=\"margin-top: 30px;\"><\/div>\n<h3><span class=\"big\">1. Cookie (\u201es\u00fcti\u201d) t\u00e1j\u00e9koztat\u00f3 hat\u00e1lya<\/span><\/h3><p>Jelen t\u00e1j\u00e9koztat\u00f3 a HM EI Zrt. (sz\u00e9khely: 1101 Budapest, Salg\u00f3tarj\u00e1ni \u00fat 20., levelez\u00e9si c\u00edm: 1581 Budapest, Pf.: 6., telefon: +36 1 431-2900, e-mail: hmei@hmei.hu, k\u00e9pviseli: Dr. Trembeczki L\u00e1szl\u00f3 Andr\u00e1s vez\u00e9rigazgat\u00f3, adatv\u00e9delmi tisztvisel\u0151: dr. Homonnai Ildik\u00f3 a +36-1-431-2900\/910 telefonsz\u00e1mon, vagy a homonnai.ildiko@hmei.hu el\u00e9rhet\u0151s\u00e9geken) \u00e1ltal \u00fczemeltetett hmei.hu weboldalra vonatkozik.<\/p><h3><span class=\"big\">2. Cookie (\u201es\u00fcti\u201d) fogalma \u00e9s jellemz\u0151i<\/span><\/h3><p>A cookie-k (a tov\u00e1bbiakban: \u201es\u00fcti\u201d) a webszerver \u00e9s a felhaszn\u00e1l\u00f3 b\u00f6ng\u00e9sz\u0151je k\u00f6z\u00f6tti inform\u00e1ci\u00f3csere eszk\u00f6zei. A \u201es\u00fcti\u201d-k olyan bet\u0171kb\u0151l \u00e9s sz\u00e1mokb\u00f3l \u00e1ll\u00f3 kis sz\u00f6veges f\u00e1jlok, amelyek akkor ker\u00fclnek a felhaszn\u00e1l\u00f3 sz\u00e1m\u00edt\u00f3g\u00e9p\u00e9re, amikor egy webhelyet l\u00e1togat meg. A \u201es\u00fcti\u201d-k inform\u00e1ci\u00f3t t\u00e1rolnak a felhaszn\u00e1l\u00f3 webes b\u00f6ng\u00e9sz\u0151j\u00e9ben abb\u00f3l a c\u00e9lb\u00f3l, hogy m\u00e9g hat\u00e9konyabb\u00e1 tegy\u00e9k a felhaszn\u00e1l\u00f3i \u00e9lm\u00e9nyt. Ezek az adatf\u00e1jlok nem futtathat\u00f3k, nem tartalmaznak k\u00e1rt\u00e9kony v\u00edrusokat, tov\u00e1bb\u00e1 nem f\u00e9rnek hozz\u00e1 a felhaszn\u00e1l\u00f3 merevlemez-tartalm\u00e1hoz.<\/p><p>A legt\u00f6bb \u201es\u00fcti\u201d nem tartalmaz szem\u00e9lyes inform\u00e1ci\u00f3kat, seg\u00edts\u00e9g\u00e9vel nem azonos\u00edthat\u00f3k a felhaszn\u00e1l\u00f3k, a t\u00e1rolt adatok azonban \u00e1ltal\u00e1noss\u00e1gban megk\u00f6nny\u00edtik a weboldal haszn\u00e1lat\u00e1t a felhaszn\u00e1l\u00f3k sz\u00e1m\u00e1ra.<\/p><h3><span class=\"big\">3. Milyen c\u00e9lb\u00f3l haszn\u00e1l \u201es\u00fcti\u201d-ket a hmei.hu honlapja?<\/span><\/h3><p>Amikor \u00d6n a weboldalt megl\u00e1togatja, \u201es\u00fcti\u201d-t helyez\u00fcnk el a sz\u00e1m\u00edt\u00f3g\u00e9p\u00e9re.<br \/>A \u201es\u00fcti\u201d-ket els\u0151dlegesen a weboldal megfelel\u0151 m\u0171k\u00f6dtet\u00e9se c\u00e9lj\u00e1b\u00f3l haszn\u00e1ljuk.<br \/>A \u201es\u00fcti\u201d-k ezen t\u00fal megk\u00f6nny\u00edtik az \u00d6n navig\u00e1ci\u00f3j\u00e1t \u00e9s ez\u00e1ltal a honlap haszn\u00e1lat\u00e1t az \u00d6n sz\u00e1m\u00e1ra.<\/p><h3><span class=\"big\">4. Milyen \u201es\u00fcti\u201d-ket haszn\u00e1l a hmei.hu honlap?<\/span><\/h3><p>Kiz\u00e1r\u00f3lag az oldal m\u0171k\u00f6d\u00e9s\u00e9hez felt\u00e9tlen\u00fcl sz\u00fcks\u00e9ges \u201es\u00fcti\u201d-ket haszn\u00e1lunk.<\/p><p>Ezek a \u201es\u00fcti\u201d-k a honlap b\u00f6ng\u00e9sz\u00e9s\u00e9hez, a funkci\u00f3k haszn\u00e1lat\u00e1hoz sz\u00fcks\u00e9gesek, t\u00f6bbek k\u00f6z\u00f6tt lehet\u0151v\u00e9 teszik a l\u00e1togat\u00f3 \u00e1ltal v\u00e9gzett m\u0171veletek megjegyz\u00e9s\u00e9t. A felt\u00e9tlen\u00fcl sz\u00fcks\u00e9ges \u201es\u00fcti\u201d-k alkalmaz\u00e1sa n\u00e9lk\u00fcl a honlap z\u00f6kken\u0151mentes haszn\u00e1lata nem garant\u00e1lhat\u00f3. \u00c9rv\u00e9nyess\u00e9gi idej\u00fck az adott l\u00e1togat\u00e1s id\u0151tartam\u00e1ra terjed ki, a \u201es\u00fcti\u201d-k a l\u00e1togat\u00e1s v\u00e9g\u00e9n vagy a b\u00f6ng\u00e9sz\u0151 bez\u00e1r\u00e1s\u00e1val automatikusan t\u00f6rl\u0151dnek. Ezek a \u201es\u00fcti\u201d-k nem tudj\u00e1k \u00d6nt szem\u00e9ly szerint beazonos\u00edtani.<\/p><p>Adatv\u00e9delmi t\u00e1j\u00e9koztat\u00e1s:<\/p><table><thead><tr><th><strong>\u00c9rintett domain<\/strong><\/th><th><strong>Kezelt adatk\u00f6r<\/strong><\/th><th><strong>\u201eS\u00fcti\u201d t\u00edpusa<\/strong><\/th><th><strong>Adatkezel\u00e9s c\u00e9lja<\/strong><\/th><th><strong>Adatkezel\u00e9s jogalapja<\/strong><\/th><th><strong>Adatkezel\u00e9s id\u0151tartama<\/strong><\/th><\/tr><\/thead><tbody><tr><td>hmei.hu<\/td><td>SESSION<\/td><td>Munkamenet s\u00fctik<\/td><td>A honlap megfelel\u0151 m\u0171k\u00f6d\u00e9s\u00e9nek biztos\u00edt\u00e1sa<\/td><td>HM EI Zrt. jogos \u00e9rdeke (GDPR 6. cikk (1) bekezd\u00e9s f) pontja<\/td><td>A vonatkoz\u00f3 l\u00e1togat\u00f3i munkamenet lez\u00e1r\u00e1s\u00e1ig<\/td><\/tr><\/tbody><\/table><h3><span class=\"big\">5. A b\u00f6ng\u00e9sz\u0151 \u201es\u00fcti\u201d be\u00e1ll\u00edt\u00e1sainak ellen\u0151rz\u00e9se, a \u201es\u00fcti\u201d-k letilt\u00e1sa<\/span><\/h3><p>Minden modern b\u00f6ng\u00e9sz\u0151 enged\u00e9lyezi a \u201es\u00fcti\u201d-k be\u00e1ll\u00edt\u00e1s\u00e1nak v\u00e1ltoztat\u00e1s\u00e1t. A b\u00f6ng\u00e9sz\u0151k egy r\u00e9sze alap\u00e9rtelmezettk\u00e9nt automatikusan elfogadja a \u201es\u00fcti\u201d-ket, de ez a be\u00e1ll\u00edt\u00e1s is megv\u00e1ltoztathat\u00f3 annak \u00e9rdek\u00e9ben, hogy a j\u00f6v\u0151re n\u00e9zve a felhaszn\u00e1l\u00f3 megakad\u00e1lyozza az automatikus elfogad\u00e1st. \u00c1t\u00e1ll\u00e1s eset\u00e9n a b\u00f6ng\u00e9sz\u0151 a tov\u00e1bbiakban minden alkalommal felaj\u00e1nlja a \u201es\u00fcti\u201d-k be\u00e1ll\u00edt\u00e1s\u00e1nak v\u00e1laszt\u00e1si lehet\u0151s\u00e9g\u00e9t.<\/p><p>Felh\u00edvjuk a figyelm\u00e9t, hogy mivel a \u201es\u00fcti\u201d-k c\u00e9lja a weboldal haszn\u00e1lhat\u00f3s\u00e1g\u00e1nak megk\u00f6nny\u00edt\u00e9se, a \u201es\u00fcti\u201d-k letilt\u00e1sa eset\u00e9n nem tudjuk garant\u00e1lni a weboldal valamennyi funkci\u00f3j\u00e1nak teljes k\u00f6r\u0171 haszn\u00e1lat\u00e1t. A weboldal ebben az esetben a tervezett\u0151l elt\u00e9r\u0151en m\u0171k\u00f6dhet a b\u00f6ng\u00e9sz\u0151ben.<\/p><h3><span class=\"big\">6. A honlap fel\u00fclet\u00e9vel kapcsolatban az al\u00e1bbi szolg\u00e1ltat\u00f3 \u201es\u00fcti\u201d-jeivel tal\u00e1lkozhat:<\/span><\/h3><p>LinkedIn a szolg\u00e1ltat\u00e1ssal kapcsolatos r\u00e9szletes t\u00e1j\u00e9koztat\u00f3 a k\u00f6vetkez\u0151 linken \u00e9rhet\u0151 el:<br \/>https:\/\/www.linkedin.com\/legal\/cookie-policy<\/p><p>Tov\u00e1bbi r\u00e9szletes inform\u00e1ci\u00f3k az al\u00e1bbi b\u00f6ng\u00e9sz\u0151k \u201es\u00fcti\u201d be\u00e1ll\u00edt\u00e1sair\u00f3l a lenti linkeken \u00e9rhet\u0151 el:<\/p><p><strong>Windows<\/strong> <a class=\"redlink\" href=\"https:\/\/support.google.com\/chrome\/answer\/95647?co=GENIE.Platform%3DDesktop&amp;hl=hu\">Chrome<\/a>, <a class=\"redlink\" href=\"https:\/\/support.mozilla.org\/hu\/products\/firefox\/protect-your-privacy\/cookies\">Firefox<\/a>, <a class=\"redlink\" href=\"https:\/\/support.microsoft.com\/hu-hu\/help\/17442\/windows-internet-explorer-delete-manage-cookies\">Explorer<\/a>, <a class=\"redlink\" href=\"https:\/\/support.microsoft.com\/hu-hu\/help\/17442\/windows-internet-explorer-delete-manage-cookies\">Edge<\/a><br \/><strong>Mac OS X<\/strong> <a class=\"redlink\" href=\"https:\/\/support.apple.com\/hu-hu\/guide\/safari\/sfri11471\/mac\">Safari<\/a>, <a class=\"redlink\" href=\"https:\/\/support.google.com\/chrome\/answer\/95647?co=GENIE.Platform%3DDesktop&amp;hl=hu\">Chrome<\/a>, <a class=\"redlink\" href=\"https:\/\/support.mozilla.org\/hu\/products\/firefox\/protect-your-privacy\/cookies\">Firefox<\/a><br \/><strong>Linux<\/strong> <a class=\"redlink\" href=\"https:\/\/support.google.com\/chrome\/answer\/95647?co=GENIE.Platform%3DDesktop&amp;hl=hu\">Chrome<\/a>, <a class=\"redlink\" href=\"https:\/\/support.mozilla.org\/hu\/products\/firefox\/protect-your-privacy\/cookies\">Firefox<\/a><br \/><strong>iOS<\/strong> <a class=\"redlink\" href=\"https:\/\/support.apple.com\/hu-hu\/HT201265\">Safari<\/a>, <a class=\"redlink\" href=\"https:\/\/support.google.com\/chrome\/answer\/95647?co=GENIE.Platform%3DiOS&amp;hl=hu&amp;oco=0\">Chrome<\/a>, <a class=\"redlink\" href=\"https:\/\/support.mozilla.org\/hu\/products\/ios\/privacy-settings-firefox-ios\">Firefox<\/a><br \/><strong>Android<\/strong> <a class=\"redlink\" href=\"https:\/\/support.google.com\/chrome\/answer\/95647?co=GENIE.Platform%3DAndroid&amp;hl=hu&amp;oco=0\">Chrome<\/a>, <a class=\"redlink\" href=\"https:\/\/support.mozilla.org\/hu\/products\/mobile\/protect-your-privacy-firefox-android\">Firefox<\/a><\/p><\/div><!-- .col-* -->\n\t\t<\/div>\n\n\t<\/div>\n<\/section>","protected":false},"excerpt":{"rendered":"<p>Fejl\u00e9c IS \u00fcres Szolg\u00e1ltat\u00e1s Slider Bels\u0151 oldal f\u0151c\u00edm sor S\u00fctikezel\u00e9s C\u00edmlap \/ S\u00fctikezel\u00e9s Tartalom Cookie (\u201es\u00fcti\u201d) kezel\u00e9si t\u00e1j\u00e9koztat\u00f3 1. Cookie (\u201es\u00fcti\u201d) t\u00e1j\u00e9koztat\u00f3 hat\u00e1lyaJelen t\u00e1j\u00e9koztat\u00f3 a HM EI Zrt. (sz\u00e9khely: 1101 Budapest, Salg\u00f3tarj\u00e1ni \u00fat 20., levelez\u00e9si c\u00edm: 1581 Budapest, Pf.: 6., telefon: +36 1 431-2900, e-mail: hmei@hmei.hu, k\u00e9pviseli: Dr. Trembeczki L\u00e1szl\u00f3 Andr\u00e1s vez\u00e9rigazgat\u00f3, adatv\u00e9delmi tisztvisel\u0151: dr. [&hellip;]<\/p>\n","protected":false},"author":24,"featured_media":0,"parent":0,"menu_order":0,"comment_status":"closed","ping_status":"closed","template":"page-templates\/full-width.php","meta":{"footnotes":""},"class_list":["post-5459","page","type-page","status-publish","hentry"],"_links":{"self":[{"href":"https:\/\/hmei.hu\/en\/wp-json\/wp\/v2\/pages\/5459","targetHints":{"allow":["GET"]}}],"collection":[{"href":"https:\/\/hmei.hu\/en\/wp-json\/wp\/v2\/pages"}],"about":[{"href":"https:\/\/hmei.hu\/en\/wp-json\/wp\/v2\/types\/page"}],"author":[{"embeddable":true,"href":"https:\/\/hmei.hu\/en\/wp-json\/wp\/v2\/users\/24"}],"replies":[{"embeddable":true,"href":"https:\/\/hmei.hu\/en\/wp-json\/wp\/v2\/comments?post=5459"}],"version-history":[{"count":32,"href":"https:\/\/hmei.hu\/en\/wp-json\/wp\/v2\/pages\/5459\/revisions"}],"predecessor-version":[{"id":6564,"href":"https:\/\/hmei.hu\/en\/wp-json\/wp\/v2\/pages\/5459\/revisions\/6564"}],"wp:attachment":[{"href":"https:\/\/hmei.hu\/en\/wp-json\/wp\/v2\/media?parent=5459"}],"curies":[{"name":"wp","href":"https:\/\/api.w.org\/{rel}","templated":true}]}}