{"id":5562,"date":"2022-02-08T11:04:57","date_gmt":"2022-02-08T09:04:57","guid":{"rendered":"https:\/\/hmei.hmzrinyi.hu\/?page_id=5562"},"modified":"2026-04-20T13:22:11","modified_gmt":"2026-04-20T11:22:11","slug":"adatkezelesi-tajekoztatok","status":"publish","type":"page","link":"https:\/\/hmei.hu\/en\/adatkezelesi-tajekoztatok\/","title":{"rendered":"PRIVACY POLICY"},"content":{"rendered":"<section class=\"ls     fejlec is\"\n         id=\"fejlec-cimlap\"\n\t\t\t>\n\t<h6 class=\"d-none\">fejlec-cimlap<\/h6>\n\t\t<div class=\"container-fluid\">\n\t\t<div class=\"row\">\n\t\t\t<div class=\"col-xs-12 col-12 coverimg is\" >\n\t\n<div class=\"rellax\" data-rellax-speed=\"-4\">\n<\/div><\/div><!-- .col-* -->\n\t\t<\/div>\n\n\t<\/div>\n<\/section>\n<aside class=\"shortcode-widget-area\"><div id=\"custom_html-10\" class=\"widget_text widget widget_custom_html\"><h3 class=\"widget-title\">Szolg\u00e1ltat\u00e1s Slider<\/h3><div class=\"textwidget custom-html-widget\"><div class=\"cs cs2 is\" id=\"fejlec-iconslider\">\r\n    <div class=\"container\">\r\n    <div class=\"row\">\r\n    <div class=\"col-xs-12 col-12 fejlec-slider-ikonok\">\r\n        \r\n    <div class=\"owl-carousel owl-loaded owl-drag owl-theme\" data-items=\"5\" data-loop=\"false\" data-nav=\"true\" data-dots=\"false\" data-center=\"false\" data-autoplay=\"false\" data-responsive-lg=\"5\" data-responsive-md=\"4\" data-responsive-sm=\"3\" data-responsive-xs=\"1\" data-margin=\"2\">\r\n    \r\n    <span class=\"ingatlan\" data-index=\"0\">\r\n        <a lang=\"en-GB\" class=\"en\"  data-info=\"Real Estate\" href=\"\/en\/szolgaltatasok\/ingatlan\/\" target=\"_self\">\r\n            <img decoding=\"async\" src=\"\/wp-content\/uploads\/2022\/01\/luft-icon.png\" alt=\"\/\/www.hmei.hu\/wp-content\/uploads\/2022\/01\/luft-icon.png\">\r\n        <\/a>\r\n        <a lang=\"hu\" class=\"hu\" data-info=\"Ingatlan\" href=\"\/en\/szolgaltatasok\/ingatlan\/\" target=\"_self\" >\r\n            <img decoding=\"async\" src=\"\/wp-content\/uploads\/2022\/01\/luft-icon.png\" alt=\"\/\/www.hmei.hu\/wp-content\/uploads\/2022\/01\/luft-icon.png\">\r\n        <\/a>\r\n    <\/span>\r\n        \r\n    <span class=\"it\" data-index=\"1\">\r\n        <a lang=\"en-GB\" class=\"en\" data-info=\"IT\" href=\"\/en\/szolgaltatasok\/informatika\/\" target=\"_self\">\r\n            <img decoding=\"async\" src=\"\/wp-content\/uploads\/2022\/01\/luft-icon.png\" alt=\"\/\/www.hmei.hu\/wp-content\/uploads\/2022\/01\/luft-icon.png\">\r\n        <\/a>\r\n        <a lang=\"hu\" class=\"hu\" data-info=\"Informatika\" href=\"\/en\/szolgaltatasok\/informatika\/\" target=\"_self\">\r\n            <img decoding=\"async\" src=\"\/wp-content\/uploads\/2022\/01\/luft-icon.png\" alt=\"\/\/www.hmei.hu\/wp-content\/uploads\/2022\/01\/luft-icon.png\">\r\n        <\/a>\r\n    <\/span>\r\n        \r\n    <span class=\"orzes\" data-index=\"2\">\r\n        <a lang=\"en-GB\" class=\"en\" data-info=\"Security and protection\" href=\"\/en\/szolgaltatasok\/orzes-vedelem\/\" target=\"_self\">\r\n            <img decoding=\"async\" src=\"\/wp-content\/uploads\/2022\/01\/luft-icon.png\" alt=\"\/\/www.hmei.hu\/wp-content\/uploads\/2022\/01\/luft-icon.png\">\r\n        <\/a>\r\n        <a lang=\"hu\" class=\"hu\" data-info=\"\u0150rz\u00e9s-\u200bv\u00e9delemm\" href=\"\/en\/szolgaltatasok\/orzes-vedelem\/\" target=\"_self\">\r\n            <img decoding=\"async\" src=\"\/wp-content\/uploads\/2022\/01\/luft-icon.png\" alt=\"\/\/www.hmei.hu\/wp-content\/uploads\/2022\/01\/luft-icon.png\">\r\n        <\/a>\r\n    <\/span>\r\n        \r\n    <span class=\"ruhazat\" data-index=\"3\">\r\n        <a lang=\"en-GB\" class=\"en\" data-info=\"Textile industry\" href=\"\/en\/szolgaltatasok\/textilipar\/\" target=\"_self\">\r\n            <img decoding=\"async\" src=\"\/wp-content\/uploads\/2022\/01\/luft-icon.png\" alt=\"\/\/www.hmei.hu\/wp-content\/uploads\/2022\/01\/luft-icon.png\">\r\n        <\/a>\r\n        <a lang=\"hu\" class=\"hu\" data-info=\"Textilipar\" href=\"\/en\/szolgaltatasok\/textilipar\/\" target=\"_self\">\r\n            <img decoding=\"async\" src=\"\/wp-content\/uploads\/2022\/01\/luft-icon.png\" alt=\"\/\/www.hmei.hu\/wp-content\/uploads\/2022\/01\/luft-icon.png\">\r\n        <\/a>\r\n    <\/span>\r\n        \r\n    <span class=\"dron\" data-index=\"4\">\r\n        <a lang=\"en-GB\" class=\"en\" data-info=\"Aeronaitics\" href=\"\/en\/szolgaltatasok\/repules\/\" target=\"_self\">\r\n            <img decoding=\"async\" src=\"\/wp-content\/uploads\/2022\/01\/luft-icon.png\" alt=\"\/\/www.hmei.hu\/wp-content\/uploads\/2022\/01\/luft-icon.png\">\r\n        <\/a>\r\n        <a lang=\"hu\" class=\"hu\" data-info=\"Rep\u00fcl\u00e9s\" href=\"\/en\/szolgaltatasok\/repules\/\" target=\"_self\">\r\n            <img decoding=\"async\" src=\"\/wp-content\/uploads\/2022\/01\/luft-icon.png\" alt=\"\/\/www.hmei.hu\/wp-content\/uploads\/2022\/01\/luft-icon.png\">\r\n        <\/a>\r\n    <\/span>\r\n        \r\n    <span class=\"flotta\" data-index=\"5\">\r\n        <a lang=\"en-GB\" class=\"en\" data-info=\"Fleet management\" href=\"\/en\/szolgaltatasok\/flottakezeles\/\" target=\"_self\">\r\n            <img decoding=\"async\" src=\"\/wp-content\/uploads\/2022\/01\/luft-icon.png\" alt=\"\/wp-content\/uploads\/2022\/01\/luft-icon.png\">\r\n        <\/a>\r\n        <a lang=\"hu\" class=\"hu\" data-info=\"Flotta\u00adkezel\u00e9s\" href=\"\/en\/szolgaltatasok\/flottakezeles\/\" target=\"_self\">\r\n            <img decoding=\"async\" src=\"\/wp-content\/uploads\/2022\/01\/luft-icon.png\" alt=\"\/wp-content\/uploads\/2022\/01\/luft-icon.png\">\r\n        <\/a>\r\n    <\/span><\/div><\/div><\/div><\/div><\/div><\/div><\/div><\/aside>\n\n<section class=\"ls     fejlec-cimsor\"\n         id=\"belso-lista\"\n\t\t\t>\n\t<h6 class=\"d-none\">Bels\u0151 oldal f\u0151c\u00edm sor<\/h6>\n\t\t<div class=\"container\">\n\t\t<div class=\"row\">\n\t\t\t<div class=\"col-xs-12 col-12\" >\n\t\t<h1 class=\"special-heading text-left\">\n\t\t<span class=\"\">\n\t\tPRIVACY POLICY\t<\/span>\n\t<\/h1>\n<p><a href=\"..\/..\/\">HOME<\/a> <span class=\"elv\">\/<\/span> <em>PRIVACY POLICY<\/em><\/p><\/div><!-- .col-* -->\n\t\t<\/div>\n\n\t<\/div>\n<\/section>\n\n<section class=\"ls     nyitoblokk-hosszuszoveg-balikon is\"\n         id=\"fbl_1\"\n\t\t\t>\n\t<h6 class=\"d-none\">Tartalom<\/h6>\n\t\t<div class=\"container\">\n\t\t<div class=\"row\">\n\t\t\t<div class=\"col-xs-12 col-12 col-lg-9 nyitoblokk-tartalom nosp\" >\n\t<ul class=\"letli\"><li style=\"list-style-type: none;\"><ul class=\"letli\"><li><strong>T\u00e1j\u00e9koztat\u00f3 adatv\u00e9delmi tisztvisel\u0151 kijel\u00f6l\u00e9s\u00e9r\u0151l<\/strong><br \/><a class=\"dl_pdf\" href=\"\/wp-content\/uploads\/2022\/02\/hmei_adatkezelesi-tajekoztato_tisztviselo-kijeloleserol_vs_1-3_2022-01-15.pdf\" target=\"_blank\" rel=\"noopener\"><strong>LET\u00d6LT\u00c9S<\/strong> (pdf)<\/a><\/li><li><strong>Adatkezel\u00e9si t\u00e1j\u00e9koztat\u00f3 szerz\u0151d\u00e9ses adatkezel\u00e9sr\u0151l<\/strong><br \/><a class=\"dl_pdf\" href=\"\/wp-content\/uploads\/2025\/06\/ADATKEZELESI-TAJEKOZTATO-szerzodeses-adatkezelesrol_vs_1.3_2025-06-15.pdf\" target=\"_blank\" rel=\"noopener\"><strong>LET\u00d6LT\u00c9S<\/strong> (pdf)<\/a><\/li><li><strong>Adatkezel\u00e9si t\u00e1j\u00e9koztat\u00f3 kintl\u00e9v\u0151s\u00e9gkezel\u00e9ssel kapcsolatban<\/strong><br \/><a class=\"dl_pdf\" href=\"\/wp-content\/uploads\/2025\/08\/ADATKEZELESI-TAJEKOZTATO-kintlevosegkezelessel-kapcsolatban_vs_1.4_2025-08-01.pdf\" target=\"_blank\" rel=\"noopener\"><strong>LET\u00d6LT\u00c9S<\/strong> (pdf)<\/a><\/li><li><strong>Adatkezel\u00e9si t\u00e1j\u00e9koztat\u00f3 a hat\u00f3s\u00e1gi erk\u00f6lcsi bizony\u00edtv\u00e1ny \u00e9s az abban szerepl\u0151 b\u0171n\u00fcgyi szem\u00e9lyes adatok kezel\u00e9s\u00e9r\u0151l<\/strong><br \/><a class=\"dl_pdf\" href=\"\/wp-content\/uploads\/2024\/11\/ADATKEZELESI-TAJEKOZTATO-hatosagi-erkolcsi_vs_1.4_2024-11-04.pdf\" target=\"_blank\" rel=\"noopener\"><strong>LET\u00d6LT\u00c9S<\/strong> (pdf)<\/a><\/li><li><strong>Adatkezel\u00e9si t\u00e1j\u00e9koztat\u00f3 K\u00f6zponti \u00dcgyelettel kapcsolatban<\/strong><br \/><a class=\"dl_pdf\" href=\"\/wp-content\/uploads\/2025\/06\/ADATKEZELESI-TAJEKOZTATO-Kozponti-Ugyelet-mukodesevel-kapcsolatban_vs_1.5_2025-05-30.pdf\" target=\"_blank\" rel=\"noopener\"><strong>LET\u00d6LT\u00c9S<\/strong> (pdf)<\/a><\/li><li><strong>Adatkezel\u00e9si t\u00e1j\u00e9koztat\u00f3 a HM EI Zrt.-hez beny\u00fajtott k\u00f6z\u00e9rdek\u0171 \u00e9s k\u00f6z\u00e9rdekb\u0151l nyilv\u00e1nos adatok megismer\u00e9s\u00e9re ir\u00e1nyul\u00f3 elj\u00e1r\u00e1s sor\u00e1n v\u00e9gzett adatkezel\u00e9sr\u0151l<\/strong><br \/><a class=\"dl_pdf\" href=\"https:\/\/hmei.hu\/wp-content\/uploads\/2022\/02\/hmei_adatkezelesi-tajekoztato_kozerdeku_es_kozerdekbol_nyilvanos_adatigenylessel_kapcs_vs_1-1_2021-03-22.pdf\" target=\"_blank\" rel=\"noopener\"><strong>LET\u00d6LT\u00c9S<\/strong> (pdf)<\/a><\/li><li><strong>Adatkezel\u00e9si t\u00e1j\u00e9koztat\u00f3 a HM EI Zrt. 1101 Budapest, Salg\u00f3tarj\u00e1ni \u00fat 18-20., valamint 1101 Budapest, Z\u00e1ch u. 3\/B. sz\u00e1m alatti l\u00e9tes\u00edtm\u00e9ny\u00e9be t\u00f6rt\u00e9n\u0151 be- \u00e9s kil\u00e9p\u00e9s enged\u00e9lyez\u00e9se, valamint be- \u00e9s kil\u00e9ptet\u00e9s sor\u00e1n v\u00e9gzett adatkezel\u00e9sr\u0151l<\/strong><br \/><a class=\"dl_pdf\" href=\"\/wp-content\/uploads\/2024\/04\/ADATKEZELESI-TAJEKOZTATO-be-kilepes-enged.-es-be-kileptetes.-kapcs-Kozpont_vs_1.5_2024-03-01.pdf\" target=\"_blank\" rel=\"noopener\"><strong>LET\u00d6LT\u00c9S<\/strong> (pdf)<\/a><\/li><li><strong>Adatkezel\u00e9si t\u00e1j\u00e9koztat\u00f3 a HM EI Zrt. 1101 Budapest, H\u0151s utca 17. sz\u00e1m alatti l\u00e9tes\u00edtm\u00e9ny\u00e9be t\u00f6rt\u00e9n\u0151 be- \u00e9s kil\u00e9p\u00e9s enged\u00e9lyez\u00e9se, valamint be- \u00e9s kil\u00e9ptet\u00e9s sor\u00e1n v\u00e9gzett adatkezel\u00e9sr\u0151l<\/strong><br \/><a class=\"dl_pdf\" href=\"\/wp-content\/uploads\/2024\/04\/ADATKEZELESI-TAJEKOZTATO-be-kilepes-enged.-es-be-kileptetes.-kapcs-Hos-utca_vs_1.4_2024-03-01.pdf\" target=\"_blank\" rel=\"noopener\"><strong>LET\u00d6LT\u00c9S<\/strong> (pdf)<\/a><\/li><li><strong>Adatkezel\u00e9si t\u00e1j\u00e9koztat\u00f3 a HM EI Zrt. . 2117 Isaszeg Rakt\u00e1rb\u00e1zis l\u00e9tes\u00edtm\u00e9ny\u00e9be t\u00f6rt\u00e9n\u0151 be- \u00e9s kil\u00e9p\u00e9s enged\u00e9lyez\u00e9se, valamint be- \u00e9s kil\u00e9ptet\u00e9s sor\u00e1n v\u00e9gzett adatkezel\u00e9sr\u0151l<\/strong><br \/><a class=\"dl_pdf\" href=\"\/wp-content\/uploads\/2024\/04\/ADATKEZELESI-TAJEKOZTATO-be-kilepes-enged.-es-be-kileptetes.-kapcs-Isaszeg_vs_1.4_2024-03-01.pdf\" target=\"_blank\" rel=\"noopener\"><strong>LET\u00d6LT\u00c9S<\/strong> (pdf)<\/a><\/li><li><strong>Adatkezel\u00e9si t\u00e1j\u00e9koztat\u00f3 a HM EI Zrt. 1101 Budapest, Salg\u00f3tarj\u00e1ni \u00fat 18-20., valamint 1101 Budapest, Z\u00e1ch u. 3\/B. sz\u00e1m alatti l\u00e9tes\u00edtm\u00e9ny\u00e9ben alkalmazott kamer\u00e1s megfigyel\u0151rendszer alkalmaz\u00e1s\u00e1val kapcsolatban<\/strong><br \/><a class=\"dl_pdf\" href=\"\/wp-content\/uploads\/2024\/04\/ADATKEZELESI-TAJEKOZTATO-kameras-megfigy.-kapcs.-Kozpont_vs_1.7_2024-03-01.pdf\" target=\"_blank\" rel=\"noopener\"><strong>LET\u00d6LT\u00c9S<\/strong> (pdf)<\/a><\/li><li><strong>Adatkezel\u00e9si t\u00e1j\u00e9koztat\u00f3 a HM EI Zrt. 1101 Budapest, H\u0151s utca 17. sz\u00e1m alatti l\u00e9tes\u00edtm\u00e9ny\u00e9ben alkalmazott kamer\u00e1s megfigyel\u0151rendszer alkalmaz\u00e1s\u00e1val kapcsolatban<\/strong><br \/><a class=\"dl_pdf\" href=\"\/wp-content\/uploads\/2024\/04\/ADATKEZELESI-TAJEKOZTATO-kameras-megfigy.-kapcs.-Hos_utca-17._vs_1.5_2024-03-01.pdf\" target=\"_blank\" rel=\"noopener\"><strong>LET\u00d6LT\u00c9S<\/strong> (pdf)<\/a><\/li><li><strong>Adatkezel\u00e9si t\u00e1j\u00e9koztat\u00f3 a HM EI Zrt. 2117 Isaszeg Rakt\u00e1rb\u00e1zis ter\u00fclet\u00e9n alkalmazott kamer\u00e1s megfigyel\u0151rendszer alkalmaz\u00e1s\u00e1val kapcsolatban<\/strong><br \/><a class=\"dl_pdf\" href=\"\/wp-content\/uploads\/2024\/04\/ADATKEZELESI-TAJEKOZTATO-kameras-megfigy.-kapcs.-Isaszeg_vs_1.5_2024-03-01.pdf\" target=\"_blank\" rel=\"noopener\"><strong>LET\u00d6LT\u00c9S<\/strong> (pdf)<\/a><\/li><li><strong>Adatkezel\u00e9si t\u00e1j\u00e9koztat\u00f3 elektronikus j\u00e1r\u0151rellen\u0151rz\u0151 rendszer haszn\u00e1lat\u00e1val kapcsolatban<\/strong><br \/><a class=\"dl_pdf\" href=\"\/wp-content\/uploads\/2022\/06\/ADATKEZELESI-TAJEKOZTATO-jarorell.-rendszerrel-kapcs._vs_1.3_2022-06-12.pdf\" target=\"_blank\" rel=\"noopener\"><strong>LET\u00d6LT\u00c9S<\/strong> (pdf)<\/a><\/li><li><strong>Adatkezel\u00e9si t\u00e1j\u00e9koztat\u00f3 \u00f6n\u00e9letrajzokkal kapcsolatban<\/strong><br \/><a class=\"dl_pdf\" href=\"\/wp-content\/uploads\/2025\/07\/ADATKEZELESI-TAJEKOZTATO-oneletrajzokkal-kapcsolatban_vs_1.6_2025-07-10.pdf\" target=\"_blank\" rel=\"noopener\"><strong>LET\u00d6LT\u00c9S<\/strong> (pdf)<\/a><\/li><li><strong>Hozz\u00e1j\u00e1rul\u00f3 nyilatkozat \u00f6n\u00e9letrajzokkal kapcsolatban v\u00e9gzett adatkezel\u00e9shez<\/strong><br \/><a class=\"dl_pdf\" href=\"\/wp-content\/uploads\/2023\/05\/Hozzajarulo-nyilatkozat-oneletrajzokkal-kapcs._vs_1.4_2023-05-02.pdf\" target=\"_blank\" rel=\"noopener\"><strong>LET\u00d6LT\u00c9S<\/strong> (pdf)<\/a><\/li><li><strong>Adatkezel\u00e9si t\u00e1j\u00e9koztat\u00f3 csoportos \u00e9let-, baleset- \u00e9s eg\u00e9szs\u00e9gbiztos\u00edt\u00e1ssal kapcsolatban<\/strong><br \/><a class=\"dl_pdf\" href=\"\/wp-content\/uploads\/2025\/02\/ADATKEZELESI-TAJEKOZTATO-csoportos-biztositassal-kapcs._vs_1.6._2025-01-31.pdf\" target=\"_blank\" rel=\"noopener\"><strong>LET\u00d6LT\u00c9S<\/strong> (pdf)<\/a><\/li><li><strong>Adatkezel\u00e9si t\u00e1j\u00e9koztat\u00f3 bejelent\u00e9si rendszerrel kapcsolatban<\/strong><br \/><a class=\"dl_pdf\" href=\"\/wp-content\/uploads\/2024\/10\/ADATKEZELESI-TAJEKOZTATO-belso-visszaeles-bejelentesi-rendszerrel-kapcs._vs_1.4_2024-10-28.pdf\" target=\"_blank\" rel=\"noopener\"><strong>LET\u00d6LT\u00c9S<\/strong> (pdf)<\/a><\/li><li><strong>Adatkezel\u00e9si t\u00e1j\u00e9koztat\u00f3 telefonhaszn\u00e1lattal kapcsolatban<\/strong><br \/><a class=\"dl_pdf\" href=\"\/wp-content\/uploads\/2023\/07\/ADATKEZELESI-TAJEKOZTATO-telefonhaszn.-kapcs._vs_1.3_2023-07-01.pdf\" target=\"_blank\" rel=\"noopener\"><strong>LET\u00d6LT\u00c9S<\/strong> (pdf)<\/a><\/li><li><strong>Hozz\u00e1j\u00e1rul\u00f3 nyilatkozat telefonsz\u00e1mmal kapcsolatban<\/strong><br \/><a class=\"dl_pdf\" href=\"\/wp-content\/uploads\/2023\/07\/Hozzajarulo-nyilatkozat-telefonszaml.-kapcs._vs_1.3_2023-07-01.pdf\" target=\"_blank\" rel=\"noopener\"><strong>LET\u00d6LT\u00c9S<\/strong> (pdf)<\/a><\/li><li><strong>Adatkezel\u00e9si T\u00e1j\u00e9koztat\u00f3 HM \u00fcd\u00fcl\u0151k haszn\u00e1lat\u00e1val kapcsolatban<\/strong><br \/><a class=\"dl_pdf\" href=\"\/wp-content\/uploads\/2024\/09\/ADATKEZELESI-TAJEKOZTATO-HM-udulo-igenybevetelevel-kapcsolatban_vs_1.3_2024-09-19.pdf\" target=\"_blank\" rel=\"noopener\"><strong>LET\u00d6LT\u00c9S<\/strong> (pdf)<\/a><\/li><li><strong>Adatkezel\u00e9si t\u00e1j\u00e9koztat\u00f3 HM EI Zrt. D\u00edj \u00e9s Eml\u00e9k\u00e9rem adom\u00e1nyoz\u00e1s\u00e1val kapcsolatos adatkezel\u00e9sr\u0151l<\/strong><br \/><a class=\"dl_pdf\" href=\"\/wp-content\/uploads\/2023\/09\/ADATKEZELESI-TAJEKOZTATO-HM-EI-Zrt.-Dij-es-Emlekerem-adomanyozasaval-kapcsolatban_vs-1.0_2023_09-15.pdf\" target=\"_blank\" rel=\"noopener\"><strong>LET\u00d6LT\u00c9S<\/strong> (pdf)<\/a><\/li><li><strong>Adatkezel\u00e9si t\u00e1j\u00e9koztat\u00f3 nemzetbiztons\u00e1gi ellen\u0151rz\u00e9ssel kapcsolatban v\u00e9gzett szem\u00e9lyes adatkezel\u00e9sr\u0151l<\/strong><br \/><a class=\"dl_pdf\" href=\"\/wp-content\/uploads\/2024\/06\/ADATKEZELESI-TAJEKOZTATO-nb-ell.-es-min.-adatkezelessel-kapcs._vs_1.2_2024-05-30.pdf\" target=\"_blank\" rel=\"noopener\"><strong>LET\u00d6LT\u00c9S<\/strong> (pdf)<\/a><\/li><li><strong>Adatkezel\u00e9si t\u00e1j\u00e9koztat\u00f3 programszervez\u00e9ssel kapcsolatban<\/strong><br \/><a class=\"dl_pdf\" href=\"\/wp-content\/uploads\/2025\/04\/ADATKEZELESI-TAJEKOZTATO-programszervezessel-kapcsolatban_vs_1.0_2025-03-31.pdf\" target=\"_blank\" rel=\"noopener\"><strong>LET\u00d6LT\u00c9S<\/strong> (pdf)<\/a><\/li><li><strong>Adatkezel\u00e9si t\u00e1j\u00e9koztat\u00f3 tanul\u00f3k, hallgat\u00f3k, di\u00e1kok foglalkoztat\u00e1s\u00e1val kapcsolatban v\u00e9gzett adatkezel\u00e9sr\u0151l<\/strong><br \/><a class=\"dl_pdf\" href=\"\/wp-content\/uploads\/2025\/06\/ADATKEZELESI-TAJEKOZTATO-tanulok-hallgatok-diakok-foglalkoz.-kapcs_vs_1.2_2025-06-30.pdf\" target=\"_blank\" rel=\"noopener\"><strong>LET\u00d6LT\u00c9S<\/strong> (pdf)<\/a><\/li><li><strong>Adatkezel\u00e9si t\u00e1j\u00e9koztat\u00f3 a 1072 Budapest, R\u00e1k\u00f3czi \u00fat 42. sz\u00e1m alatti irodahelyis\u00e9gben a be-kil\u00e9p\u00e9s enged\u00e9lyez\u00e9se \u00e9s bel\u00e9ptet\u00e9s sor\u00e1n v\u00e9gzett adatkezel\u00e9sr\u0151l<\/strong><br \/><a class=\"dl_pdf\" href=\"\/wp-content\/uploads\/2026\/04\/ADATKEZELESI-TAJEKOZTATO-be-kilepes-engedelyezese-es-beleptetess-EMKE_vs_1.0_2026-04-20.pdf\" target=\"_blank\" rel=\"noopener\"><strong>LET\u00d6LT\u00c9S<\/strong> (pdf)<\/a><\/li><li><strong>Adatkezel\u00e9si t\u00e1j\u00e9koztat\u00f3 a 1072 Budapest, R\u00e1k\u00f3czi \u00fat 42. sz\u00e1m alatti irodahelyis\u00e9gben a kamer\u00e1s megfigyel\u00e9s sor\u00e1n v\u00e9gzett adatkezel\u00e9sr\u0151l<\/strong><br \/><a class=\"dl_pdf\" href=\"\/wp-content\/uploads\/2026\/04\/ADATKEZELESI-TAJEKOZTATO-kameras-megfigyeles-EMKE_vs_1.0_2026-04-20.pdf\" target=\"_blank\" rel=\"noopener\"><strong>LET\u00d6LT\u00c9S<\/strong> (pdf)<\/a><\/li><\/ul><\/li><\/ul>\n\t<div class=\"fw-divider-space\" style=\"margin-top: 50px;\"><\/div>\n<p>A HM EI Zrt. \u00e9s a t\u00f6bbs\u00e9gi tulajdon\u00e1ban \u00e1ll\u00f3, illetve r\u00e9szv\u00e9tel\u00e9vel m\u0171k\u00f6d\u0151 ITEA Inform\u00e1ci\u00f3technika \u00e9s Elektronikus Adatv\u00e9delem Kft. (r\u00f6vid\u00edtett n\u00e9v: ITEA Kft.) adatv\u00e9delmi tisztvisel\u0151je:<\/p>\n\t<div class=\"fw-divider-space\" style=\"margin-top: 50px;\"><\/div>\n\t<h3 class=\"special-heading text-left\">\n\t\t<span class=\"big\">\n\t\tA HM EI Zrt. \u00e9s a t\u00f6bbs\u00e9gi tulajdon\u00e1ban \u00e1ll\u00f3, illetve r\u00e9szv\u00e9tel\u00e9vel m\u0171k\u00f6d\u0151 ITEA Inform\u00e1ci\u00f3technika \u00e9s Elektronikus Adatv\u00e9delem Kft. (r\u00f6vid\u00edtett n\u00e9v: ITEA Kft.) adatv\u00e9delmi tisztvisel\u0151je:\t<\/span>\n\t<\/h3>\n<ul class=\"kapcsinfo\"><li class=\"ig\"><strong>Dr. Homonnai Ildik\u00f3<\/strong><\/li><li class=\"cim\">1101 Budapest, Salg\u00f3tarj\u00e1ni \u00fat 20.<\/li><li class=\"tel\">+36 1 431 2900 \/ 910<\/li><li class=\"email\"><a href=\"\/en\/&\/#109;&#97;&#105;&#108;&#116;&#111;&#58;&#97;&#100;&#97;&#116;&#118;&#101;&#100;&#101;&#108;&#101;&#109;&#64;&#104;&#109;&#101;&#105;&#46;&#104;&#117;\">&#97;&#100;&#97;&#116;&#118;&#101;&#100;&#101;&#108;&#101;&#109;&#64;&#104;&#109;&#101;&#105;&#46;&#104;&#117;<\/a>, ill. <a href=\"\/en\/&\/#109;&#97;&#105;&#108;&#116;&#111;&#58;&#104;&#111;&#109;&#111;&#110;&#110;&#97;&#105;&#46;&#105;&#108;&#100;&#105;&#107;&#111;&#64;&#104;&#109;&#101;&#105;&#46;&#104;&#117;\">&#104;&#111;&#109;&#111;&#110;&#110;&#97;&#105;&#46;&#105;&#108;&#100;&#105;&#107;&#111;&#64;&#104;&#109;&#101;&#105;&#46;&#104;&#117;<\/a><\/li><li class=\"level\">1581 Budapest P.O.B. 6<\/li><\/ul><\/div><!-- .col-* -->\n\t\t<\/div>\n\n\t<\/div>\n<\/section>","protected":false},"excerpt":{"rendered":"<p>fejlec-cimlap Szolg\u00e1ltat\u00e1s Slider Bels\u0151 oldal f\u0151c\u00edm sor Adatkezel\u00e9si t\u00e1j\u00e9koztat\u00f3k C\u00edmlap \/ Adatkezel\u00e9si t\u00e1j\u00e9koztat\u00f3k Tartalom T\u00e1j\u00e9koztat\u00f3 adatv\u00e9delmi tisztvisel\u0151 kijel\u00f6l\u00e9s\u00e9r\u0151lLET\u00d6LT\u00c9S (pdf)Adatkezel\u00e9si t\u00e1j\u00e9koztat\u00f3 szerz\u0151d\u00e9ses adatkezel\u00e9sr\u0151lLET\u00d6LT\u00c9S (pdf)Adatkezel\u00e9si t\u00e1j\u00e9koztat\u00f3 kintl\u00e9v\u0151s\u00e9gkezel\u00e9ssel kapcsolatbanLET\u00d6LT\u00c9S (pdf)Adatkezel\u00e9si t\u00e1j\u00e9koztat\u00f3 a hat\u00f3s\u00e1gi erk\u00f6lcsi bizony\u00edtv\u00e1ny \u00e9s az abban szerepl\u0151 b\u0171n\u00fcgyi szem\u00e9lyes adatok kezel\u00e9s\u00e9r\u0151lLET\u00d6LT\u00c9S (pdf)Adatkezel\u00e9si t\u00e1j\u00e9koztat\u00f3 K\u00f6zponti \u00dcgyelettel kapcsolatbanLET\u00d6LT\u00c9S (pdf)Adatkezel\u00e9si t\u00e1j\u00e9koztat\u00f3 a HM EI Zrt.-hez beny\u00fajtott k\u00f6z\u00e9rdek\u0171 \u00e9s k\u00f6z\u00e9rdekb\u0151l [&hellip;]<\/p>\n","protected":false},"author":24,"featured_media":0,"parent":0,"menu_order":0,"comment_status":"closed","ping_status":"closed","template":"page-templates\/full-width.php","meta":{"footnotes":""},"class_list":["post-5562","page","type-page","status-publish","hentry"],"_links":{"self":[{"href":"https:\/\/hmei.hu\/en\/wp-json\/wp\/v2\/pages\/5562","targetHints":{"allow":["GET"]}}],"collection":[{"href":"https:\/\/hmei.hu\/en\/wp-json\/wp\/v2\/pages"}],"about":[{"href":"https:\/\/hmei.hu\/en\/wp-json\/wp\/v2\/types\/page"}],"author":[{"embeddable":true,"href":"https:\/\/hmei.hu\/en\/wp-json\/wp\/v2\/users\/24"}],"replies":[{"embeddable":true,"href":"https:\/\/hmei.hu\/en\/wp-json\/wp\/v2\/comments?post=5562"}],"version-history":[{"count":83,"href":"https:\/\/hmei.hu\/en\/wp-json\/wp\/v2\/pages\/5562\/revisions"}],"predecessor-version":[{"id":9101,"href":"https:\/\/hmei.hu\/en\/wp-json\/wp\/v2\/pages\/5562\/revisions\/9101"}],"wp:attachment":[{"href":"https:\/\/hmei.hu\/en\/wp-json\/wp\/v2\/media?parent=5562"}],"curies":[{"name":"wp","href":"https:\/\/api.w.org\/{rel}","templated":true}]}}