{"id":6589,"date":"2022-04-12T19:03:11","date_gmt":"2022-04-12T17:03:11","guid":{"rendered":"https:\/\/uj.hmei.hu\/?page_id=6589"},"modified":"2022-11-11T14:13:02","modified_gmt":"2022-11-11T12:13:02","slug":"rolunk","status":"publish","type":"page","link":"https:\/\/hmei.hu\/en\/bemutatkozas\/rolunk\/","title":{"rendered":"Abous us"},"content":{"rendered":"<section class=\"ls     fejlec is\"\n         id=\"fejlec-cimlap\"\n\t\t\t>\n\t<h6 class=\"d-none\">Fejl\u00e9c IS<\/h6>\n\t\t<div class=\"container-fluid\">\n\t\t<div class=\"row\">\n\t\t\t<div class=\"col-xs-12 col-12 coverimg is\" >\n\t\n<div class=\"rellax\" data-rellax-speed=\"-4\"><img decoding=\"async\" class=\"asyncImage\" data-src=\"\/wp-content\/uploads\/2022\/02\/hmei-epulet_02_sz.jpg\" src=\"\/wp-content\/uploads\/2022\/02\/hmei-epulet_02_small.jpg\"><\/div><\/div><!-- .col-* -->\n\t\t<\/div>\n\n\t<\/div>\n<\/section>\n<aside class=\"shortcode-widget-area\"><div id=\"custom_html-10\" class=\"widget_text widget widget_custom_html\"><h3 class=\"widget-title\">Szolg\u00e1ltat\u00e1s Slider<\/h3><div class=\"textwidget custom-html-widget\"><div class=\"cs cs2 is\" id=\"fejlec-iconslider\">\r\n    <div class=\"container\">\r\n    <div class=\"row\">\r\n    <div class=\"col-xs-12 col-12 fejlec-slider-ikonok\">\r\n        \r\n    <div class=\"owl-carousel owl-loaded owl-drag owl-theme\" data-items=\"5\" data-loop=\"false\" data-nav=\"true\" data-dots=\"false\" data-center=\"false\" data-autoplay=\"false\" data-responsive-lg=\"5\" data-responsive-md=\"4\" data-responsive-sm=\"3\" data-responsive-xs=\"1\" data-margin=\"2\">\r\n    \r\n    <span class=\"ingatlan\" data-index=\"0\">\r\n        <a lang=\"en-GB\" class=\"en\"  data-info=\"Real Estate\" href=\"\/en\/szolgaltatasok\/ingatlan\/\" target=\"_self\">\r\n            <img decoding=\"async\" src=\"\/wp-content\/uploads\/2022\/01\/luft-icon.png\" alt=\"\/\/www.hmei.hu\/wp-content\/uploads\/2022\/01\/luft-icon.png\">\r\n        <\/a>\r\n        <a lang=\"hu\" class=\"hu\" data-info=\"Ingatlan\" href=\"\/en\/szolgaltatasok\/ingatlan\/\" target=\"_self\" >\r\n            <img decoding=\"async\" src=\"\/wp-content\/uploads\/2022\/01\/luft-icon.png\" alt=\"\/\/www.hmei.hu\/wp-content\/uploads\/2022\/01\/luft-icon.png\">\r\n        <\/a>\r\n    <\/span>\r\n        \r\n    <span class=\"it\" data-index=\"1\">\r\n        <a lang=\"en-GB\" class=\"en\" data-info=\"IT\" href=\"\/en\/szolgaltatasok\/informatika\/\" target=\"_self\">\r\n            <img decoding=\"async\" src=\"\/wp-content\/uploads\/2022\/01\/luft-icon.png\" alt=\"\/\/www.hmei.hu\/wp-content\/uploads\/2022\/01\/luft-icon.png\">\r\n        <\/a>\r\n        <a lang=\"hu\" class=\"hu\" data-info=\"Informatika\" href=\"\/en\/szolgaltatasok\/informatika\/\" target=\"_self\">\r\n            <img decoding=\"async\" src=\"\/wp-content\/uploads\/2022\/01\/luft-icon.png\" alt=\"\/\/www.hmei.hu\/wp-content\/uploads\/2022\/01\/luft-icon.png\">\r\n        <\/a>\r\n    <\/span>\r\n        \r\n    <span class=\"orzes\" data-index=\"2\">\r\n        <a lang=\"en-GB\" class=\"en\" data-info=\"Security and protection\" href=\"\/en\/szolgaltatasok\/orzes-vedelem\/\" target=\"_self\">\r\n            <img decoding=\"async\" src=\"\/wp-content\/uploads\/2022\/01\/luft-icon.png\" alt=\"\/\/www.hmei.hu\/wp-content\/uploads\/2022\/01\/luft-icon.png\">\r\n        <\/a>\r\n        <a lang=\"hu\" class=\"hu\" data-info=\"\u0150rz\u00e9s-\u200bv\u00e9delemm\" href=\"\/en\/szolgaltatasok\/orzes-vedelem\/\" target=\"_self\">\r\n            <img decoding=\"async\" src=\"\/wp-content\/uploads\/2022\/01\/luft-icon.png\" alt=\"\/\/www.hmei.hu\/wp-content\/uploads\/2022\/01\/luft-icon.png\">\r\n        <\/a>\r\n    <\/span>\r\n        \r\n    <span class=\"ruhazat\" data-index=\"3\">\r\n        <a lang=\"en-GB\" class=\"en\" data-info=\"Textile industry\" href=\"\/en\/szolgaltatasok\/textilipar\/\" target=\"_self\">\r\n            <img decoding=\"async\" src=\"\/wp-content\/uploads\/2022\/01\/luft-icon.png\" alt=\"\/\/www.hmei.hu\/wp-content\/uploads\/2022\/01\/luft-icon.png\">\r\n        <\/a>\r\n        <a lang=\"hu\" class=\"hu\" data-info=\"Textilipar\" href=\"\/en\/szolgaltatasok\/textilipar\/\" target=\"_self\">\r\n            <img decoding=\"async\" src=\"\/wp-content\/uploads\/2022\/01\/luft-icon.png\" alt=\"\/\/www.hmei.hu\/wp-content\/uploads\/2022\/01\/luft-icon.png\">\r\n        <\/a>\r\n    <\/span>\r\n        \r\n    <span class=\"dron\" data-index=\"4\">\r\n        <a lang=\"en-GB\" class=\"en\" data-info=\"Aeronaitics\" href=\"\/en\/szolgaltatasok\/repules\/\" target=\"_self\">\r\n            <img decoding=\"async\" src=\"\/wp-content\/uploads\/2022\/01\/luft-icon.png\" alt=\"\/\/www.hmei.hu\/wp-content\/uploads\/2022\/01\/luft-icon.png\">\r\n        <\/a>\r\n        <a lang=\"hu\" class=\"hu\" data-info=\"Rep\u00fcl\u00e9s\" href=\"\/en\/szolgaltatasok\/repules\/\" target=\"_self\">\r\n            <img decoding=\"async\" src=\"\/wp-content\/uploads\/2022\/01\/luft-icon.png\" alt=\"\/\/www.hmei.hu\/wp-content\/uploads\/2022\/01\/luft-icon.png\">\r\n        <\/a>\r\n    <\/span>\r\n        \r\n    <span class=\"flotta\" data-index=\"5\">\r\n        <a lang=\"en-GB\" class=\"en\" data-info=\"Fleet management\" href=\"\/en\/szolgaltatasok\/flottakezeles\/\" target=\"_self\">\r\n            <img decoding=\"async\" src=\"\/wp-content\/uploads\/2022\/01\/luft-icon.png\" alt=\"\/wp-content\/uploads\/2022\/01\/luft-icon.png\">\r\n        <\/a>\r\n        <a lang=\"hu\" class=\"hu\" data-info=\"Flotta\u00adkezel\u00e9s\" href=\"\/en\/szolgaltatasok\/flottakezeles\/\" target=\"_self\">\r\n            <img decoding=\"async\" src=\"\/wp-content\/uploads\/2022\/01\/luft-icon.png\" alt=\"\/wp-content\/uploads\/2022\/01\/luft-icon.png\">\r\n        <\/a>\r\n    <\/span><\/div><\/div><\/div><\/div><\/div><\/div><\/div><\/aside>\n\n<section class=\"ls     fejlec-cimsor\"\n         id=\"belso-lista\"\n\t\t\t>\n\t<h6 class=\"d-none\">Bels\u0151 oldal f\u0151c\u00edm sor<\/h6>\n\t\t<div class=\"container\">\n\t\t<div class=\"row\">\n\t\t\t<div class=\"col-xs-12 col-12\" >\n\t\t<h1 class=\"special-heading text-left\">\n\t\t<span class=\"\">\n\t\tAbous us\t<\/span>\n\t<\/h1>\n<p><a href=\"..\/..\/\">HOME<\/a> <span class=\"elv\">\/<\/span> <a href=\"..\/\">Introduction<\/a><span class=\"elv\">\/<\/span><em>About us<\/em><\/p><ul class=\"psubmen\"><li><a href=\"..\/\">Introduction<\/a><em> \/ About Us<\/em><\/li><li><a href=\"..\/szervezeti-felepites\/\">Organizational structure<\/a><\/li><li><a href=\"\/en\/kozerdeku-adatok\/\">Data of public interest<\/a><\/li><li><a href=\"\/en\/sajtoszoba\/\">Press room<\/a><\/li><li><a href=\"\/en\/kapcsolat\/\">CONTACT US<\/a><\/li><\/ul><\/div><!-- .col-* -->\n\t\t<\/div>\n\n\t<\/div>\n<\/section>\n\n<section class=\"ls     nyitoblokk-hosszuszoveg-balikon is\"\n         id=\"fbl_1\"\n\t\t\t>\n\t<h6 class=\"d-none\">Tartalom<\/h6>\n\t\t<div class=\"container\">\n\t\t<div class=\"row\">\n\t\t\t<div class=\"col-xs-12 col-12 col-lg-1 blokk-szamozas\" >\n\t\t<h4 class=\"special-heading text-center\">\n\t\t<span class=\"thin text-uppercase big\">\n\t\tH<br>M<br><br>E<br>I\t<\/span>\n\t<\/h4>\n<\/div><!-- .col-* -->\n<div class=\"col-xs-12 col-12 col-lg-3 ikon-oszlop\" >\n\t\n<span class=\"hmei iconcont\"><img decoding=\"async\" src=\"\/\/hmei.hu\/wp-content\/uploads\/2022\/01\/luft-icon.png\" alt=\"\/\/hmei.hu\/wp-content\/uploads\/2022\/01\/luft-icon.png\" \/><img decoding=\"async\" src=\"\/\/hmei.hu\/wp-content\/uploads\/2022\/01\/luft-icon.png\" alt=\"\/\/hmei.hu\/wp-content\/uploads\/2022\/01\/luft-icon.png\" \/>\n<\/span>\t<h2 class=\"special-heading text-center\">\n\t\t<span class=\"\">\n\t\tHM EI \u2014 Bemutatkoz\u00e1s\t<\/span>\n\t<\/h2>\n\n<div class=\"soci\"><div class=\"rellax-cont\"><div id=\"rellaxline\" class=\"rellax\" data-rellax-speed=\"-11\" data-rellax-min=\"0\"><span class=\"rellax-incont\"><span class=\"social-icons\">\n\t\t\t<a href=\"https:\/\/www.youtube.com\/channel\/UC4Lmxoh6tvJIV6ctnCaED7A\"\n\t\t   class=\"fa fa-youtube-play\">\n\n\t\t\t\t\t\t<span>HM EI Zrt. YouTube csatorn\u00e1ja <\/span>\t\t<\/a>\n\n\n\t\t<\/span>\n        <div class=\"icon-box hero-bg text-left\">\n                        <a href=\"#kapcsolat\">\n                                <div class=\"icon-styled fs-20 round bg-maincolor\">\n                    <i class=\"fa fa-podcast\"><\/i>                <\/div>\n                            <\/a>\n                                                    <\/div><!-- .icon-box -->\n        \n<\/span><\/div><\/div><\/div>\n<div class=\"srevonal-b\"><\/div><\/div><!-- .col-* -->\n<div class=\"col-xs-12 col-12 col-lg-6 nyitoblokk-tartalom rellaxmax rmnec\" >\n\t\t<h2 class=\"special-heading text-left\">\n\t\t<span class=\"\">\n\t\tHM Elektronikai, Logisztikai \u00e9s Vagyonkezel\u0151 Zrt.\t<\/span>\n\t<\/h2>\n\t<h3 class=\"special-heading text-left\">\n\t\t<span class=\"\">\n\t\tSTABILITY - DEFENCE \u2013 INNOVATION\t<\/span>\n\t<\/h3>\n\n\t<div class=\"fw-divider-space\" style=\"margin-top: 30px;\"><\/div>\n<p>HM Elektronikai, Logisztikai \u00e9s Vagyonkezel\u0151 Zrt. is a 100% Hungarian state-owned, profit-oriented large company. As a leading company in the Hungarian defence industry and a qualified NATO supplier, we strive to achieve unique solutions and high-tech technical developments and technologies.<\/p><p>Our strategic objectives are defined by the defence force development and the defence industrial development programme.<br \/>As a systems integrator, the Company is the driving force behind the development of the defence industry.<\/p><p>We are one of the largest employers in Hungary, with excellent professionals and nearly 4,500 dedicated employees working at our headquarters in Budapest and 260 sites across the country.<\/p><p>We operate in a number of business areas: information technology, aircraft fleet management, real property management and investment, asset protection services, light industrial capacity (textile factories).<\/p><p><strong>Website:<\/strong> <a href=\"https:\/\/hmei.hu\/en\/\" target=\"_blank\" rel=\"noopener\">hmei.hu<\/a><br \/><strong>Industry:<\/strong> Defence industry<br \/><strong>Company size:<\/strong> 1,001-5,000 employees<br \/><strong>Type:<\/strong> Public Company<br \/><strong>Founded:<\/strong> 1993<br \/><strong>Specialities:<\/strong> Augmented reality; Artificial Intelligence; Software development; Hardware development; IOT, AR, AI, .NET, .JS, C#; IT infrastructure; Networking; IT Security; Developers; Project Management; Microsoft, Cisco, HPE, F5, SAP; State aviation \u2013 Aircraft, Aviation law, Maintenance, Jet engine replacement; Unmanned Aerial Vehicle (UAV) \u2013 Design, Production; Research and Development; 3D technology; Real estate development; Mobile Biology Laboratory<br \/><strong>Locations:<\/strong> <a href=\"https:\/\/goo.gl\/maps\/bpFGfzX4zG5nbbG18\" target=\"_blank\" rel=\"noopener\">HU - 1101 Budapest, Salg\u00f3tarj\u00e1ni \u00fat 18-20.<\/a><\/p>\n<a name=\"minosegiranyitas\"><\/a><a href=\"#iso\" target=\"_self\" ><img decoding=\"async\" src=\"\/\/hmei.hu\/wp-content\/uploads\/2022\/02\/isologz.jpg\" alt=\"\/\/hmei.hu\/wp-content\/uploads\/2022\/02\/isologz.jpg\" \/><\/a>\t<h4 class=\"special-heading text-left\">\n\t\t<span class=\"\">\n\t\tTHE STRATEGIC FOCUS OF OUR DEVELOPMENTS\t<\/span>\n\t<\/h4>\n<ul><li>Development and support of military operations management systems<\/li><li>Text mining and multimedia analysis systems<\/li><li>Augmented reality (AR) based developments<\/li><li>Development and support of document and file handling<\/li><li>Software development related to systems integration<\/li><li>Operation and support of constructive military simulators<\/li><li>Hardware programming, embedded systems development and integration<\/li><li>Development and support of enterprise management systems<\/li><li>Portal development<\/li><li>Development and production of unmanned aerial vehicles<\/li><li>Operation of aircraft used for government purposes<\/li><li>Real property development<\/li><li>Development and production of uniforms and personal equipment<\/li><\/ul>\t<h4 class=\"special-heading text-left\">\n\t\t<span class=\"\">\n\t\tOUR COOPERATING PARTNERS\t<\/span>\n\t<\/h4>\n<ul><li>Ministry of Defence<\/li><li>Hungarian Defence Forces<\/li><li>HM Arzen\u00e1l Elektromechanikai Zrt.<\/li><li>National Police Headquarters<\/li><li>Aeroplex K\u00f6z\u00e9peur\u00f3pai L\u00e9gij\u00e1rm\u0171 M\u0171szaki K\u00f6zponti Kft.<\/li><li>National Protective Service<\/li><li>Standby Police<\/li><li>Military Hospital \u2013 State Health Centre<\/li><li>Magyar Nemzeti Vagyonkezel\u0151 Zrt.<\/li><li>University of Public Service<\/li><li>University of \u00d3buda<\/li><li>University of P\u00e9cs<\/li><li>Hungarian Red Cross and National Blood Service<\/li><li>RepT\u00e1r Szolnok Nonprofit Kft.<\/li><li>Military History Museum<\/li><li>Municipality of K\u0151b\u00e1nya<\/li><\/ul>\t<h4 class=\"special-heading text-left\">\n\t\t<span class=\"\">\n\t\tSTABILITY - DEFENCE \u2013 INNOVATION\t<\/span>\n\t<\/h4>\n\n\t<div class=\"fw-divider-space\" style=\"margin-top: 50px;\"><\/div>\n\n<div class=\"psacp-wrap psacp-slider-wrap-main\">\r\n\t<div id=\"psacp-post-slider-wrap-1\" class=\"psacp-post-slider-wrap owl-carousel psacp-design-1  psacp-clearfix\" data-conf=\"{&quot;loop&quot;:true,&quot;arrows&quot;:true,&quot;dots&quot;:true,&quot;autoplay&quot;:true,&quot;autoplay_interval&quot;:5000,&quot;speed&quot;:500,&quot;rtl&quot;:false}\"><div class=\"psacp-post-slide psacp-post-6463 psacp-post-standard psacp-has-thumb\">\r\n\t<div class=\"psacp-post-slider-content\">\r\n\t\t<a class=\"psacp-post-linkoverlay\" href=\"https:\/\/hmei.hu\/en\/sajtoszoba\/mobil-repulesi-vezetesi-pont-mrvp\/\"><\/a>\r\n\t\t<div class=\"psacp-post-img-bg\" style=\"background-image:url(https:\/\/hmei.hu\/wp-content\/uploads\/2022\/02\/15-MRVP-kitelepules-Bakony-1-1024x768.jpg); \">\r\n\t\t\t<div class=\"psacp-featured-meta\">\r\n\t\t\t\t\t\t\t\t\t\t\t<div class=\"psacp-post-cats\"><a class=\"psacp-post-cat-link psacp-post-cat-111\" href=\"https:\/\/hmei.hu\/en\/sajtoszoba\/category\/repules\/\">AERONAUTICS<\/a><\/div>\r\n\t\t\t\t\r\n\t\t\t\t<h2 class=\"psacp-post-title\">\r\n\t\t\t\t\t<a href=\"https:\/\/hmei.hu\/en\/sajtoszoba\/mobil-repulesi-vezetesi-pont-mrvp\/\">Mobile Drone Command Unit (MDCU)<\/a>\r\n\t\t\t\t<\/h2>\r\n\r\n\t\t\t\t\t\t\t\t<div class=\"psacp-post-meta psacp-post-meta-up\">\r\n\t\t\t\t\t<span class=\"psacp-post-meta-data psacp-post-date\"><i class=\"fa fa-clock-o\"><\/i>2022.02.25.<\/span>\t\t\t\t<\/div>\r\n\t\t\t\t\t\t\t<\/div>\r\n\t\t<\/div>\r\n\t<\/div>\r\n<\/div><div class=\"psacp-post-slide psacp-post-6162 psacp-post-standard psacp-has-thumb\">\r\n\t<div class=\"psacp-post-slider-content\">\r\n\t\t<a class=\"psacp-post-linkoverlay\" href=\"https:\/\/hmei.hu\/en\/sajtoszoba\/m-8-pilota-nelkuli-celrepulogep\/\"><\/a>\r\n\t\t<div class=\"psacp-post-img-bg\" style=\"background-image:url(https:\/\/hmei.hu\/wp-content\/uploads\/2022\/01\/cover_36sz-1024x640.jpg); \">\r\n\t\t\t<div class=\"psacp-featured-meta\">\r\n\t\t\t\t\t\t\t\t\t\t\t<div class=\"psacp-post-cats\"><a class=\"psacp-post-cat-link psacp-post-cat-111\" href=\"https:\/\/hmei.hu\/en\/sajtoszoba\/category\/repules\/\">AERONAUTICS<\/a><\/div>\r\n\t\t\t\t\r\n\t\t\t\t<h2 class=\"psacp-post-title\">\r\n\t\t\t\t\t<a href=\"https:\/\/hmei.hu\/en\/sajtoszoba\/m-8-pilota-nelkuli-celrepulogep\/\">M-8 Unmanned aerial target<\/a>\r\n\t\t\t\t<\/h2>\r\n\r\n\t\t\t\t\t\t\t\t<div class=\"psacp-post-meta psacp-post-meta-up\">\r\n\t\t\t\t\t<span class=\"psacp-post-meta-data psacp-post-date\"><i class=\"fa fa-clock-o\"><\/i>2022.02.18.<\/span>\t\t\t\t<\/div>\r\n\t\t\t\t\t\t\t<\/div>\r\n\t\t<\/div>\r\n\t<\/div>\r\n<\/div><div class=\"psacp-post-slide psacp-post-6131 psacp-post-standard psacp-has-thumb\">\r\n\t<div class=\"psacp-post-slider-content\">\r\n\t\t<a class=\"psacp-post-linkoverlay\" href=\"https:\/\/hmei.hu\/en\/sajtoszoba\/r-01-nemere-felderito-megfigyelo-pnr\/\"><\/a>\r\n\t\t<div class=\"psacp-post-img-bg\" style=\"background-image:url(https:\/\/hmei.hu\/wp-content\/uploads\/2022\/01\/cover_34sz-1024x640.jpg); \">\r\n\t\t\t<div class=\"psacp-featured-meta\">\r\n\t\t\t\t\t\t\t\t\t\t\t<div class=\"psacp-post-cats\"><a class=\"psacp-post-cat-link psacp-post-cat-111\" href=\"https:\/\/hmei.hu\/en\/sajtoszoba\/category\/repules\/\">AERONAUTICS<\/a><\/div>\r\n\t\t\t\t\r\n\t\t\t\t<h2 class=\"psacp-post-title\">\r\n\t\t\t\t\t<a href=\"https:\/\/hmei.hu\/en\/sajtoszoba\/r-01-nemere-felderito-megfigyelo-pnr\/\">R-01 NEMERE unmanned surveillance and reconnaissance aerial vehicle<\/a>\r\n\t\t\t\t<\/h2>\r\n\r\n\t\t\t\t\t\t\t\t<div class=\"psacp-post-meta psacp-post-meta-up\">\r\n\t\t\t\t\t<span class=\"psacp-post-meta-data psacp-post-date\"><i class=\"fa fa-clock-o\"><\/i>2022.02.17.<\/span>\t\t\t\t<\/div>\r\n\t\t\t\t\t\t\t<\/div>\r\n\t\t<\/div>\r\n\t<\/div>\r\n<\/div><div class=\"psacp-post-slide psacp-post-6046 psacp-post-standard psacp-has-thumb\">\r\n\t<div class=\"psacp-post-slider-content\">\r\n\t\t<a class=\"psacp-post-linkoverlay\" href=\"https:\/\/hmei.hu\/en\/sajtoszoba\/sikeresen-hosszabbitott-a-repulesi-divizio\/\"><\/a>\r\n\t\t<div class=\"psacp-post-img-bg\" style=\"background-image:url(https:\/\/hmei.hu\/wp-content\/uploads\/2022\/02\/repulesi-divizio_mukodesi-engedely_20220216_p2-1024x640.jpg); \">\r\n\t\t\t<div class=\"psacp-featured-meta\">\r\n\t\t\t\t\t\t\t\t\t\t\t<div class=\"psacp-post-cats\"><a class=\"psacp-post-cat-link psacp-post-cat-111\" href=\"https:\/\/hmei.hu\/en\/sajtoszoba\/category\/repules\/\">AERONAUTICS<\/a><\/div>\r\n\t\t\t\t\r\n\t\t\t\t<h2 class=\"psacp-post-title\">\r\n\t\t\t\t\t<a href=\"https:\/\/hmei.hu\/en\/sajtoszoba\/sikeresen-hosszabbitott-a-repulesi-divizio\/\">Extended operating licence for the Aeronautics Division<\/a>\r\n\t\t\t\t<\/h2>\r\n\r\n\t\t\t\t\t\t\t\t<div class=\"psacp-post-meta psacp-post-meta-up\">\r\n\t\t\t\t\t<span class=\"psacp-post-meta-data psacp-post-date\"><i class=\"fa fa-clock-o\"><\/i>2022.02.16.<\/span>\t\t\t\t<\/div>\r\n\t\t\t\t\t\t\t<\/div>\r\n\t\t<\/div>\r\n\t<\/div>\r\n<\/div><div class=\"psacp-post-slide psacp-post-6028 psacp-post-standard psacp-has-thumb\">\r\n\t<div class=\"psacp-post-slider-content\">\r\n\t\t<a class=\"psacp-post-linkoverlay\" href=\"https:\/\/hmei.hu\/en\/sajtoszoba\/meteor-3ma-pilota-nelkuli-celrepulogep\/\"><\/a>\r\n\t\t<div class=\"psacp-post-img-bg\" style=\"background-image:url(https:\/\/hmei.hu\/wp-content\/uploads\/2022\/01\/cover_37sz-1024x640.jpg); \">\r\n\t\t\t<div class=\"psacp-featured-meta\">\r\n\t\t\t\t\t\t\t\t\t\t\t<div class=\"psacp-post-cats\"><a class=\"psacp-post-cat-link psacp-post-cat-111\" href=\"https:\/\/hmei.hu\/en\/sajtoszoba\/category\/repules\/\">AERONAUTICS<\/a><\/div>\r\n\t\t\t\t\r\n\t\t\t\t<h2 class=\"psacp-post-title\">\r\n\t\t\t\t\t<a href=\"https:\/\/hmei.hu\/en\/sajtoszoba\/meteor-3ma-pilota-nelkuli-celrepulogep\/\">METEOR-3MA Unmanned aerial target<\/a>\r\n\t\t\t\t<\/h2>\r\n\r\n\t\t\t\t\t\t\t\t<div class=\"psacp-post-meta psacp-post-meta-up\">\r\n\t\t\t\t\t<span class=\"psacp-post-meta-data psacp-post-date\"><i class=\"fa fa-clock-o\"><\/i>2022.02.16.<\/span>\t\t\t\t<\/div>\r\n\t\t\t\t\t\t\t<\/div>\r\n\t\t<\/div>\r\n\t<\/div>\r\n<\/div><div class=\"psacp-post-slide psacp-post-4932 psacp-post-standard psacp-has-thumb\">\r\n\t<div class=\"psacp-post-slider-content\">\r\n\t\t<a class=\"psacp-post-linkoverlay\" href=\"https:\/\/hmei.hu\/en\/sajtoszoba\/breakthrough-2021\/\"><\/a>\r\n\t\t<div class=\"psacp-post-img-bg\" style=\"background-image:url(https:\/\/hmei.hu\/wp-content\/uploads\/2022\/01\/BREAKTHROUGH-2021-KLAC5999-1024x683.jpg); \">\r\n\t\t\t<div class=\"psacp-featured-meta\">\r\n\t\t\t\t\t\t\t\t\t\t\t<div class=\"psacp-post-cats\"><a class=\"psacp-post-cat-link psacp-post-cat-112\" href=\"https:\/\/hmei.hu\/en\/sajtoszoba\/category\/ingatlan\/\">REAL ESTATEOPERATION AND INVESTMENT<\/a><\/div>\r\n\t\t\t\t\r\n\t\t\t\t<h2 class=\"psacp-post-title\">\r\n\t\t\t\t\t<a href=\"https:\/\/hmei.hu\/en\/sajtoszoba\/breakthrough-2021\/\">We assisted in the provision of the technical background for the military exercise Breakthrough 2021<\/a>\r\n\t\t\t\t<\/h2>\r\n\r\n\t\t\t\t\t\t\t\t<div class=\"psacp-post-meta psacp-post-meta-up\">\r\n\t\t\t\t\t<span class=\"psacp-post-meta-data psacp-post-date\"><i class=\"fa fa-clock-o\"><\/i>2022.01.26.<\/span>\t\t\t\t<\/div>\r\n\t\t\t\t\t\t\t<\/div>\r\n\t\t<\/div>\r\n\t<\/div>\r\n<\/div>\t<\/div>\r\n<\/div><\/div><!-- .col-* -->\n<div class=\"col-xs-12 col-12 col-lg-3 imagehasab\" >\n\t\n<div id=\"content-height\"><div id=\"content-anchor\"><\/div><div id=\"sticky\"><div class=\"h-para asyncImage\" data-src=\"\/wp-content\/uploads\/2022\/02\/hmei-epulet_02_sz.jpg\" style=\"background-image: url('\/wp-content\/uploads\/2022\/02\/hmei-epulet_02_small.jpg');\"><\/div><\/div><\/div><div id=\"content-end-anchor\"><\/div><\/div><!-- .col-* -->\n\t\t<\/div>\n\n\t<\/div>\n<\/section>","protected":false},"excerpt":{"rendered":"<p>Sajt\u00f3szoba \/ Ingatlan \u2014 Gyakorlatszervez\u00e9s Breakthrough 2021 hadgyakorlat technikai h\u00e1tter\u00e9nek biztos\u00edt\u00e1s\u00e1ban seg\u00e9dkezt\u00fcnk A Breakthrough 2021 \u00e9lesl\u00f6v\u00e9szettel egybek\u00f6t\u00f6tt k\u00e9pess\u00e9gintegr\u00e1l\u00f3 gyakorlat szakmai napj\u00e1t tartott\u00e1k szeptember 29-\u00e9n, szerd\u00e1n, az MH K\u00f6zponti Gyakorl\u00f3- \u00e9s L\u0151t\u00e9r hajm\u00e1sk\u00e9ri l\u0151ter\u00e9n. A gyakorlaton a Honv\u00e9delmi \u00e9s Hader\u0151fejleszt\u00e9si Program sor\u00e1n beszerzett \u00faj technikai eszk\u00f6z\u00f6k \u00e9s a Digit\u00e1lis Katona Program fejleszt\u00e9sei kaptak f\u0151szerepet. BREAKTHROUGH 2021BREAKTHROUGH [&hellip;]<\/p>\n","protected":false},"author":24,"featured_media":0,"parent":5269,"menu_order":0,"comment_status":"closed","ping_status":"closed","template":"page-templates\/full-width.php","meta":{"footnotes":""},"class_list":["post-6589","page","type-page","status-publish","hentry","has-post-thumbnail"],"_links":{"self":[{"href":"https:\/\/hmei.hu\/en\/wp-json\/wp\/v2\/pages\/6589","targetHints":{"allow":["GET"]}}],"collection":[{"href":"https:\/\/hmei.hu\/en\/wp-json\/wp\/v2\/pages"}],"about":[{"href":"https:\/\/hmei.hu\/en\/wp-json\/wp\/v2\/types\/page"}],"author":[{"embeddable":true,"href":"https:\/\/hmei.hu\/en\/wp-json\/wp\/v2\/users\/24"}],"replies":[{"embeddable":true,"href":"https:\/\/hmei.hu\/en\/wp-json\/wp\/v2\/comments?post=6589"}],"version-history":[{"count":18,"href":"https:\/\/hmei.hu\/en\/wp-json\/wp\/v2\/pages\/6589\/revisions"}],"predecessor-version":[{"id":8243,"href":"https:\/\/hmei.hu\/en\/wp-json\/wp\/v2\/pages\/6589\/revisions\/8243"}],"up":[{"embeddable":true,"href":"https:\/\/hmei.hu\/en\/wp-json\/wp\/v2\/pages\/5269"}],"wp:attachment":[{"href":"https:\/\/hmei.hu\/en\/wp-json\/wp\/v2\/media?parent=6589"}],"curies":[{"name":"wp","href":"https:\/\/api.w.org\/{rel}","templated":true}]}}