{"id":6606,"date":"2022-04-12T19:41:10","date_gmt":"2022-04-12T17:41:10","guid":{"rendered":"https:\/\/uj.hmei.hu\/?page_id=6606"},"modified":"2025-12-16T10:04:05","modified_gmt":"2025-12-16T08:04:05","slug":"inkurrencia","status":"publish","type":"page","link":"https:\/\/hmei.hu\/en\/szolgaltatasok\/rendszerintegracio\/inkurrencia\/","title":{"rendered":"INCURRENCE"},"content":{"rendered":"<section class=\"ls     fejlec is\"\n         id=\"fejlec-cimlap\"\n\t\t\t>\n\t<h6 class=\"d-none\">Fejl\u00e9c IS<\/h6>\n\t\t<div class=\"container-fluid\">\n\t\t<div class=\"row\">\n\t\t\t<div class=\"col-xs-12 col-12 coverimg is\" >\n\t\n<div class=\"rellax\" data-rellax-speed=\"-4\"><img decoding=\"async\" class=\"asyncImage\" data-src=\"https:\/\/hmei.hu\/wp-content\/uploads\/2022\/02\/hmei_textilipar_v001.jpg\" src=\"https:\/\/hmei.hu\/wp-content\/uploads\/2022\/02\/hmei_textilipar_v001_small.jpg\"><\/div><\/div><!-- .col-* -->\n\t\t<\/div>\n\n\t<\/div>\n<\/section>\n<aside class=\"shortcode-widget-area\"><div id=\"custom_html-10\" class=\"widget_text widget widget_custom_html\"><h3 class=\"widget-title\">Szolg\u00e1ltat\u00e1s Slider<\/h3><div class=\"textwidget custom-html-widget\"><div class=\"cs cs2 is\" id=\"fejlec-iconslider\">\r\n    <div class=\"container\">\r\n    <div class=\"row\">\r\n    <div class=\"col-xs-12 col-12 fejlec-slider-ikonok\">\r\n        \r\n    <div class=\"owl-carousel owl-loaded owl-drag owl-theme\" data-items=\"5\" data-loop=\"false\" data-nav=\"true\" data-dots=\"false\" data-center=\"false\" data-autoplay=\"false\" data-responsive-lg=\"5\" data-responsive-md=\"4\" data-responsive-sm=\"3\" data-responsive-xs=\"1\" data-margin=\"2\">\r\n    \r\n    <span class=\"ingatlan\" data-index=\"0\">\r\n        <a lang=\"en-GB\" class=\"en\"  data-info=\"Real Estate\" href=\"\/en\/szolgaltatasok\/ingatlan\/\" target=\"_self\">\r\n            <img decoding=\"async\" src=\"\/wp-content\/uploads\/2022\/01\/luft-icon.png\" alt=\"\/\/www.hmei.hu\/wp-content\/uploads\/2022\/01\/luft-icon.png\">\r\n        <\/a>\r\n        <a lang=\"hu\" class=\"hu\" data-info=\"Ingatlan\" href=\"\/en\/szolgaltatasok\/ingatlan\/\" target=\"_self\" >\r\n            <img decoding=\"async\" src=\"\/wp-content\/uploads\/2022\/01\/luft-icon.png\" alt=\"\/\/www.hmei.hu\/wp-content\/uploads\/2022\/01\/luft-icon.png\">\r\n        <\/a>\r\n    <\/span>\r\n        \r\n    <span class=\"it\" data-index=\"1\">\r\n        <a lang=\"en-GB\" class=\"en\" data-info=\"IT\" href=\"\/en\/szolgaltatasok\/informatika\/\" target=\"_self\">\r\n            <img decoding=\"async\" src=\"\/wp-content\/uploads\/2022\/01\/luft-icon.png\" alt=\"\/\/www.hmei.hu\/wp-content\/uploads\/2022\/01\/luft-icon.png\">\r\n        <\/a>\r\n        <a lang=\"hu\" class=\"hu\" data-info=\"Informatika\" href=\"\/en\/szolgaltatasok\/informatika\/\" target=\"_self\">\r\n            <img decoding=\"async\" src=\"\/wp-content\/uploads\/2022\/01\/luft-icon.png\" alt=\"\/\/www.hmei.hu\/wp-content\/uploads\/2022\/01\/luft-icon.png\">\r\n        <\/a>\r\n    <\/span>\r\n        \r\n    <span class=\"orzes\" data-index=\"2\">\r\n        <a lang=\"en-GB\" class=\"en\" data-info=\"Security and protection\" href=\"\/en\/szolgaltatasok\/orzes-vedelem\/\" target=\"_self\">\r\n            <img decoding=\"async\" src=\"\/wp-content\/uploads\/2022\/01\/luft-icon.png\" alt=\"\/\/www.hmei.hu\/wp-content\/uploads\/2022\/01\/luft-icon.png\">\r\n        <\/a>\r\n        <a lang=\"hu\" class=\"hu\" data-info=\"\u0150rz\u00e9s-\u200bv\u00e9delemm\" href=\"\/en\/szolgaltatasok\/orzes-vedelem\/\" target=\"_self\">\r\n            <img decoding=\"async\" src=\"\/wp-content\/uploads\/2022\/01\/luft-icon.png\" alt=\"\/\/www.hmei.hu\/wp-content\/uploads\/2022\/01\/luft-icon.png\">\r\n        <\/a>\r\n    <\/span>\r\n        \r\n    <span class=\"ruhazat\" data-index=\"3\">\r\n        <a lang=\"en-GB\" class=\"en\" data-info=\"Textile industry\" href=\"\/en\/szolgaltatasok\/textilipar\/\" target=\"_self\">\r\n            <img decoding=\"async\" src=\"\/wp-content\/uploads\/2022\/01\/luft-icon.png\" alt=\"\/\/www.hmei.hu\/wp-content\/uploads\/2022\/01\/luft-icon.png\">\r\n        <\/a>\r\n        <a lang=\"hu\" class=\"hu\" data-info=\"Textilipar\" href=\"\/en\/szolgaltatasok\/textilipar\/\" target=\"_self\">\r\n            <img decoding=\"async\" src=\"\/wp-content\/uploads\/2022\/01\/luft-icon.png\" alt=\"\/\/www.hmei.hu\/wp-content\/uploads\/2022\/01\/luft-icon.png\">\r\n        <\/a>\r\n    <\/span>\r\n        \r\n    <span class=\"dron\" data-index=\"4\">\r\n        <a lang=\"en-GB\" class=\"en\" data-info=\"Aeronaitics\" href=\"\/en\/szolgaltatasok\/repules\/\" target=\"_self\">\r\n            <img decoding=\"async\" src=\"\/wp-content\/uploads\/2022\/01\/luft-icon.png\" alt=\"\/\/www.hmei.hu\/wp-content\/uploads\/2022\/01\/luft-icon.png\">\r\n        <\/a>\r\n        <a lang=\"hu\" class=\"hu\" data-info=\"Rep\u00fcl\u00e9s\" href=\"\/en\/szolgaltatasok\/repules\/\" target=\"_self\">\r\n            <img decoding=\"async\" src=\"\/wp-content\/uploads\/2022\/01\/luft-icon.png\" alt=\"\/\/www.hmei.hu\/wp-content\/uploads\/2022\/01\/luft-icon.png\">\r\n        <\/a>\r\n    <\/span>\r\n        \r\n    <span class=\"flotta\" data-index=\"5\">\r\n        <a lang=\"en-GB\" class=\"en\" data-info=\"Fleet management\" href=\"\/en\/szolgaltatasok\/flottakezeles\/\" target=\"_self\">\r\n            <img decoding=\"async\" src=\"\/wp-content\/uploads\/2022\/01\/luft-icon.png\" alt=\"\/wp-content\/uploads\/2022\/01\/luft-icon.png\">\r\n        <\/a>\r\n        <a lang=\"hu\" class=\"hu\" data-info=\"Flotta\u00adkezel\u00e9s\" href=\"\/en\/szolgaltatasok\/flottakezeles\/\" target=\"_self\">\r\n            <img decoding=\"async\" src=\"\/wp-content\/uploads\/2022\/01\/luft-icon.png\" alt=\"\/wp-content\/uploads\/2022\/01\/luft-icon.png\">\r\n        <\/a>\r\n    <\/span><\/div><\/div><\/div><\/div><\/div><\/div><\/div><\/aside>\n\n<section class=\"ls     fejlec-cimsor\"\n         id=\"belso-lista\"\n\t\t\t>\n\t<h6 class=\"d-none\">Bels\u0151 oldal f\u0151c\u00edm sor<\/h6>\n\t\t<div class=\"container\">\n\t\t<div class=\"row\">\n\t\t\t<div class=\"col-xs-12 col-12\" >\n\t\t<h1 class=\"special-heading text-left\">\n\t\t<span class=\"\">\n\t\tINCURRENCE\t<\/span>\n\t<\/h1>\n<p><a href=\"..\/..\/\">HOME<\/a> <span class=\"elv\">\/<\/span> <a href=\"..\/\">SERVICES<\/a> <span class=\"elv\">\/<\/span> <em>INCURRENCE<\/em><\/p><ul class=\"psubmen\"><li><a href=\"..\/\">SYSTEM INTEGRATION<\/a><\/li><li><em>INCURRENCE<\/em><\/li><\/ul><\/div><!-- .col-* -->\n\t\t<\/div>\n\n\t<\/div>\n<\/section>\n\n<section class=\"ls     nyitoblokk-hosszuszoveg-balikon is\"\n         id=\"fbl_1\"\n\t\t\t>\n\t<h6 class=\"d-none\">Tartalom<\/h6>\n\t\t<div class=\"container\">\n\t\t<div class=\"row\">\n\t\t\t<div class=\"col-xs-12 col-12 col-lg-1 blokk-szamozas\" >\n\t\t<h4 class=\"special-heading text-center\">\n\t\t<span class=\"text-uppercase\">\n\t\tR<br>T<br>T<br>D\t<\/span>\n\t<\/h4>\n<\/div><!-- .col-* -->\n<div class=\"col-xs-12 col-12 col-lg-3 ikon-oszlop\" >\n\t\n<span class=\"ruhazat iconcont\" ><img decoding=\"async\" src=\"\/\/hmei.hu\/wp-content\/uploads\/2022\/01\/luft-icon.png\" alt=\"\/\/hmei.hu\/wp-content\/uploads\/2022\/01\/luft-icon.png\" \/><img decoding=\"async\" src=\"\/\/hmei.hu\/wp-content\/uploads\/2022\/01\/luft-icon.png\" alt=\"\/\/hmei.hu\/wp-content\/uploads\/2022\/01\/luft-icon.png\" \/>\n<\/span>\t<h2 class=\"special-heading text-center\">\n\t\t<span class=\"\">\n\t\tINCURRENCE\t<\/span>\n\t<\/h2>\n\n<div class=\"soci\"><div class=\"rellax-cont\"><div class=\"rellax\" data-rellax-speed=\"-4\" data-rellax-min=\"0\"><span class=\"rellax-incont\"><span class=\"social-icons\">\n\t\t\t<a href=\"https:\/\/www.youtube.com\/channel\/UC4Lmxoh6tvJIV6ctnCaED7A\"\n\t\t   class=\"fa fa-youtube-play\">\n\n\t\t\t\t\t\t<span>HM EI Zrt. YouTube csatorn\u00e1ja <\/span>\t\t<\/a>\n\n\n\t\t<\/span>\n\n<\/span><\/div><\/div><\/div>\n<div class=\"srevonal-b\"><\/div><\/div><!-- .col-* -->\n<div class=\"col-xs-12 col-12 col-lg-6 nyitoblokk-tartalom\" >\n\t\t<h2 class=\"special-heading text-left\">\n\t\t<span class=\"\">\n\t\tIncurrence\t<\/span>\n\t<\/h2>\n<p>From July 1, 2012, the HM Electronics, Logistics and Property Management Private Limited Company started the sale of non-current movable assets withdrawn from the Hungarian Armed Forces and no longer needed for further use. With the establishment of the Hungarian Defense Export Agency Zrt. (VEX) on 01.01.2022. sales of assets unnecessary for national defense purposes belonging to the asset management of the Ministry of National Defense ceased with effect.<\/p><p>Unnecessary movable property utilization continues exclusively with respect to movable property elements that become redundant during the Company's operation - mainly clothing and various types of motor vehicles.<\/p>\t<h2 class=\"special-heading text-left\">\n\t\t<span class=\"\">\n\t\tCommercial Sales\t<\/span>\n\t<\/h2>\n<p>At the same time, retail sales to small consumers who buy for their own use continued, which is provided by MILSHOP Military Shop, which has been operating since December 10, 2012. Various popular movables suitable for private use, which were previously regulated by the Hungarian Armed Forces and were no longer subject to a permit, will be offered for retail sale at favorable prices.<\/p><p>MILSHOP is available to our customers not only at the Company's premises, but also at numerous social events in Budapest and the countryside. More information about the shop's contact information, opening hours, and its presence at national events can be found under the heading MILSHOP.<\/p><p>The current product range for sale is constantly changing, so we kindly ask our dear visitors to inquire about their needs at the contact details provided.<\/p><p><strong>We are waiting for all our current and future dear customers!<\/strong><\/p>\t<h2 class=\"special-heading text-left\">\n\t\t<span class=\"\">\n\t\tMILSHOP\t<\/span>\n\t<\/h2>\n<p><strong>T\u00e1j\u00e9koztatjuk Tisztelt V\u00e1s\u00e1rl\u00f3inkat, hogy a MILSHOP Katonai Bolt 2025. december 17. \u2013 2026. janu\u00e1r 2. k\u00f6z\u00f6tti id\u0151szakban z\u00e1rva tart.<\/strong><\/p><h4>Opening Hours <\/h4><ul><li>Monday: from 07:30 to 15:30<\/li><li>Tuesday: from 07:30 to 15:30<\/li><li>Wednesday: from 07:30 to 15:30<\/li><li>Thursday: from 07:30 to 15:30<\/li><li>Friday: from 07:30 to 13:00<\/li><\/ul>\t<h4 class=\"special-heading text-left\">\n\t\t<span class=\"thin\">\n\t\tContacts\t<\/span>\n\t<\/h4>\n<ul><li>Address: 1101 Budapest, Salg\u00f3tarj\u00e1ni \u00fat 18.<\/li><li>Phone number: +36-1\/431-2974<\/li><li>E-mail address: milshop@hmei.hu<\/li><\/ul><h4>Payment options<\/h4><p>We would like to inform our Dear Customers that, in addition to cash payment, payment by bank card is also possible in the MILSHOP Military Shop. <strong>payment by bank card<\/strong> is also possible <strong>in the MILSHOP<\/strong> Military Shop.<\/p><\/div><!-- .col-* -->\n<div class=\"col-xs-12 col-12 col-lg-3 imagehasab\" >\n\t\n<div id=\"content-height\"><div id=\"content-anchor\"><\/div><div id=\"sticky\"><div class=\"h-para asyncImage\" data-src=\"https:\/\/hmei.hu\/wp-content\/uploads\/2022\/02\/hmei_textilipar_v001.jpg\" style=\"background-image: url('https:\/\/hmei.hu\/wp-content\/uploads\/2022\/02\/hmei_textilipar_v001_small.jpg');\"><\/div><\/div><\/div><div id=\"content-end-anchor\"><\/div><\/div><!-- .col-* -->\n\t\t<\/div>\n\n\t<\/div>\n<\/section>","protected":false},"excerpt":{"rendered":"<p>Fejl\u00e9c IS Szolg\u00e1ltat\u00e1s Slider Bels\u0151 oldal f\u0151c\u00edm sor Inkurrencia C\u00edmlap \/ Szolg\u00e1ltat\u00e1sok \/ InkurrenciaRendszerintegr\u00e1ci\u00f3Inkurrencia Tartalom RTTD Inkurrencia HM EI Zrt. YouTube csatorn\u00e1ja Inkurrencia \u00c9rt\u00e9kes\u00edt\u00e9sek A HM Elektronikai, Logisztikai \u00e9s Vagyonkezel\u0151 Z\u00e1rtk\u00f6r\u0171en M\u0171k\u00f6d\u0151 R\u00e9szv\u00e9nyt\u00e1rsas\u00e1g 2012. j\u00falius 01. hat\u00e1llyal kezdte meg a Magyar Honv\u00e9ds\u00e9g hadrendj\u00e9b\u0151l kivont, tov\u00e1bbi felhaszn\u00e1l\u00e1sra feleslegess\u00e9 v\u00e1lt, inkurrens ing\u00f3 vagyon \u00e9rt\u00e9kes\u00edt\u00e9s\u00e9t. A Magyar V\u00e9delmi [&hellip;]<\/p>\n","protected":false},"author":24,"featured_media":0,"parent":6620,"menu_order":0,"comment_status":"closed","ping_status":"closed","template":"page-templates\/full-width.php","meta":{"footnotes":""},"class_list":["post-6606","page","type-page","status-publish","hentry"],"_links":{"self":[{"href":"https:\/\/hmei.hu\/en\/wp-json\/wp\/v2\/pages\/6606","targetHints":{"allow":["GET"]}}],"collection":[{"href":"https:\/\/hmei.hu\/en\/wp-json\/wp\/v2\/pages"}],"about":[{"href":"https:\/\/hmei.hu\/en\/wp-json\/wp\/v2\/types\/page"}],"author":[{"embeddable":true,"href":"https:\/\/hmei.hu\/en\/wp-json\/wp\/v2\/users\/24"}],"replies":[{"embeddable":true,"href":"https:\/\/hmei.hu\/en\/wp-json\/wp\/v2\/comments?post=6606"}],"version-history":[{"count":30,"href":"https:\/\/hmei.hu\/en\/wp-json\/wp\/v2\/pages\/6606\/revisions"}],"predecessor-version":[{"id":9072,"href":"https:\/\/hmei.hu\/en\/wp-json\/wp\/v2\/pages\/6606\/revisions\/9072"}],"up":[{"embeddable":true,"href":"https:\/\/hmei.hu\/en\/wp-json\/wp\/v2\/pages\/6620"}],"wp:attachment":[{"href":"https:\/\/hmei.hu\/en\/wp-json\/wp\/v2\/media?parent=6606"}],"curies":[{"name":"wp","href":"https:\/\/api.w.org\/{rel}","templated":true}]}}