{"id":6620,"date":"2022-04-12T20:04:35","date_gmt":"2022-04-12T18:04:35","guid":{"rendered":"https:\/\/uj.hmei.hu\/?page_id=6620"},"modified":"2023-01-09T10:09:14","modified_gmt":"2023-01-09T08:09:14","slug":"rendszerintegracio","status":"publish","type":"page","link":"https:\/\/hmei.hu\/en\/szolgaltatasok\/rendszerintegracio\/","title":{"rendered":"SYSTEM INTEGRATION"},"content":{"rendered":"<section class=\"ls     fejlec is\"\n         id=\"fejlec-cimlap\"\n\t\t\t>\n\t<h6 class=\"d-none\">Fejl\u00e9c IS<\/h6>\n\t\t<div class=\"container-fluid\">\n\t\t<div class=\"row\">\n\t\t\t<div class=\"col-xs-12 col-12 coverimg is\" >\n\t\n<div class=\"rellax\" data-rellax-speed=\"-4\"><img decoding=\"async\" class=\"asyncImage\" data-src=\"https:\/\/hmei.hu\/wp-content\/uploads\/2022\/02\/hmei_textilipar_v001.jpg\" src=\"https:\/\/hmei.hu\/wp-content\/uploads\/2022\/02\/hmei_textilipar_v001_small.jpg\"><\/div><\/div><!-- .col-* -->\n\t\t<\/div>\n\n\t<\/div>\n<\/section>\n<aside class=\"shortcode-widget-area\"><div id=\"custom_html-10\" class=\"widget_text widget widget_custom_html\"><h3 class=\"widget-title\">Szolg\u00e1ltat\u00e1s Slider<\/h3><div class=\"textwidget custom-html-widget\"><div class=\"cs cs2 is\" id=\"fejlec-iconslider\">\r\n    <div class=\"container\">\r\n    <div class=\"row\">\r\n    <div class=\"col-xs-12 col-12 fejlec-slider-ikonok\">\r\n        \r\n    <div class=\"owl-carousel owl-loaded owl-drag owl-theme\" data-items=\"5\" data-loop=\"false\" data-nav=\"true\" data-dots=\"false\" data-center=\"false\" data-autoplay=\"false\" data-responsive-lg=\"5\" data-responsive-md=\"4\" data-responsive-sm=\"3\" data-responsive-xs=\"1\" data-margin=\"2\">\r\n    \r\n    <span class=\"ingatlan\" data-index=\"0\">\r\n        <a lang=\"en-GB\" class=\"en\"  data-info=\"Real Estate\" href=\"\/en\/szolgaltatasok\/ingatlan\/\" target=\"_self\">\r\n            <img decoding=\"async\" src=\"\/wp-content\/uploads\/2022\/01\/luft-icon.png\" alt=\"\/\/www.hmei.hu\/wp-content\/uploads\/2022\/01\/luft-icon.png\">\r\n        <\/a>\r\n        <a lang=\"hu\" class=\"hu\" data-info=\"Ingatlan\" href=\"\/en\/szolgaltatasok\/ingatlan\/\" target=\"_self\" >\r\n            <img decoding=\"async\" src=\"\/wp-content\/uploads\/2022\/01\/luft-icon.png\" alt=\"\/\/www.hmei.hu\/wp-content\/uploads\/2022\/01\/luft-icon.png\">\r\n        <\/a>\r\n    <\/span>\r\n        \r\n    <span class=\"it\" data-index=\"1\">\r\n        <a lang=\"en-GB\" class=\"en\" data-info=\"IT\" href=\"\/en\/szolgaltatasok\/informatika\/\" target=\"_self\">\r\n            <img decoding=\"async\" src=\"\/wp-content\/uploads\/2022\/01\/luft-icon.png\" alt=\"\/\/www.hmei.hu\/wp-content\/uploads\/2022\/01\/luft-icon.png\">\r\n        <\/a>\r\n        <a lang=\"hu\" class=\"hu\" data-info=\"Informatika\" href=\"\/en\/szolgaltatasok\/informatika\/\" target=\"_self\">\r\n            <img decoding=\"async\" src=\"\/wp-content\/uploads\/2022\/01\/luft-icon.png\" alt=\"\/\/www.hmei.hu\/wp-content\/uploads\/2022\/01\/luft-icon.png\">\r\n        <\/a>\r\n    <\/span>\r\n        \r\n    <span class=\"orzes\" data-index=\"2\">\r\n        <a lang=\"en-GB\" class=\"en\" data-info=\"Security and protection\" href=\"\/en\/szolgaltatasok\/orzes-vedelem\/\" target=\"_self\">\r\n            <img decoding=\"async\" src=\"\/wp-content\/uploads\/2022\/01\/luft-icon.png\" alt=\"\/\/www.hmei.hu\/wp-content\/uploads\/2022\/01\/luft-icon.png\">\r\n        <\/a>\r\n        <a lang=\"hu\" class=\"hu\" data-info=\"\u0150rz\u00e9s-\u200bv\u00e9delemm\" href=\"\/en\/szolgaltatasok\/orzes-vedelem\/\" target=\"_self\">\r\n            <img decoding=\"async\" src=\"\/wp-content\/uploads\/2022\/01\/luft-icon.png\" alt=\"\/\/www.hmei.hu\/wp-content\/uploads\/2022\/01\/luft-icon.png\">\r\n        <\/a>\r\n    <\/span>\r\n        \r\n    <span class=\"ruhazat\" data-index=\"3\">\r\n        <a lang=\"en-GB\" class=\"en\" data-info=\"Textile industry\" href=\"\/en\/szolgaltatasok\/textilipar\/\" target=\"_self\">\r\n            <img decoding=\"async\" src=\"\/wp-content\/uploads\/2022\/01\/luft-icon.png\" alt=\"\/\/www.hmei.hu\/wp-content\/uploads\/2022\/01\/luft-icon.png\">\r\n        <\/a>\r\n        <a lang=\"hu\" class=\"hu\" data-info=\"Textilipar\" href=\"\/en\/szolgaltatasok\/textilipar\/\" target=\"_self\">\r\n            <img decoding=\"async\" src=\"\/wp-content\/uploads\/2022\/01\/luft-icon.png\" alt=\"\/\/www.hmei.hu\/wp-content\/uploads\/2022\/01\/luft-icon.png\">\r\n        <\/a>\r\n    <\/span>\r\n        \r\n    <span class=\"dron\" data-index=\"4\">\r\n        <a lang=\"en-GB\" class=\"en\" data-info=\"Aeronaitics\" href=\"\/en\/szolgaltatasok\/repules\/\" target=\"_self\">\r\n            <img decoding=\"async\" src=\"\/wp-content\/uploads\/2022\/01\/luft-icon.png\" alt=\"\/\/www.hmei.hu\/wp-content\/uploads\/2022\/01\/luft-icon.png\">\r\n        <\/a>\r\n        <a lang=\"hu\" class=\"hu\" data-info=\"Rep\u00fcl\u00e9s\" href=\"\/en\/szolgaltatasok\/repules\/\" target=\"_self\">\r\n            <img decoding=\"async\" src=\"\/wp-content\/uploads\/2022\/01\/luft-icon.png\" alt=\"\/\/www.hmei.hu\/wp-content\/uploads\/2022\/01\/luft-icon.png\">\r\n        <\/a>\r\n    <\/span>\r\n        \r\n    <span class=\"flotta\" data-index=\"5\">\r\n        <a lang=\"en-GB\" class=\"en\" data-info=\"Fleet management\" href=\"\/en\/szolgaltatasok\/flottakezeles\/\" target=\"_self\">\r\n            <img decoding=\"async\" src=\"\/wp-content\/uploads\/2022\/01\/luft-icon.png\" alt=\"\/wp-content\/uploads\/2022\/01\/luft-icon.png\">\r\n        <\/a>\r\n        <a lang=\"hu\" class=\"hu\" data-info=\"Flotta\u00adkezel\u00e9s\" href=\"\/en\/szolgaltatasok\/flottakezeles\/\" target=\"_self\">\r\n            <img decoding=\"async\" src=\"\/wp-content\/uploads\/2022\/01\/luft-icon.png\" alt=\"\/wp-content\/uploads\/2022\/01\/luft-icon.png\">\r\n        <\/a>\r\n    <\/span><\/div><\/div><\/div><\/div><\/div><\/div><\/div><\/aside>\n\n<section class=\"ls     fejlec-cimsor\"\n         id=\"belso-lista\"\n\t\t\t>\n\t<h6 class=\"d-none\">Bels\u0151 oldal f\u0151c\u00edm sor<\/h6>\n\t\t<div class=\"container\">\n\t\t<div class=\"row\">\n\t\t\t<div class=\"col-xs-12 col-12\" >\n\t\t<h1 class=\"special-heading text-left\">\n\t\t<span class=\"\">\n\t\tSYSTEM INTEGRATION\t<\/span>\n\t<\/h1>\n<p><a href=\"..\/..\/\">HOME<\/a> <span class=\"elv\">\/<\/span> <a href=\"..\/\">SERVICES<\/a> <span class=\"elv\">\/<\/span> <em>SYSTEM INTEGRATION<\/em><\/p><\/div><!-- .col-* -->\n\t\t<\/div>\n\n\t<\/div>\n<\/section>\n\n<section class=\"ls     nyitoblokk-hosszuszoveg-balikon is\"\n         id=\"fbl_1\"\n\t\t\t>\n\t<h6 class=\"d-none\">Tartalom<\/h6>\n\t\t<div class=\"container\">\n\t\t<div class=\"row\">\n\t\t\t<div class=\"col-xs-12 col-12 col-lg-1 blokk-szamozas\" >\n\t\t<h4 class=\"special-heading text-center\">\n\t\t<span class=\"text-uppercase\">\n\t\tR<br>T<br>T<br>D\t<\/span>\n\t<\/h4>\n<\/div><!-- .col-* -->\n<div class=\"col-xs-12 col-12 col-lg-3 ikon-oszlop\" >\n\t\n<span class=\"ruhazat iconcont\" ><img decoding=\"async\" src=\"\/\/hmei.hu\/wp-content\/uploads\/2022\/01\/luft-icon.png\" alt=\"\/\/hmei.hu\/wp-content\/uploads\/2022\/01\/luft-icon.png\" \/><img decoding=\"async\" src=\"\/\/hmei.hu\/wp-content\/uploads\/2022\/01\/luft-icon.png\" alt=\"\/\/hmei.hu\/wp-content\/uploads\/2022\/01\/luft-icon.png\" \/>\n<\/span>\t<h2 class=\"special-heading text-center\">\n\t\t<span class=\"\">\n\t\tSYSTEM INTEGRATION\t<\/span>\n\t<\/h2>\n\n<div class=\"soci\"><div class=\"rellax-cont\"><div class=\"rellax\" data-rellax-speed=\"-4\" data-rellax-min=\"0\"><span class=\"rellax-incont\"><span class=\"social-icons\">\n\t\t\t<a href=\"https:\/\/www.youtube.com\/channel\/UC4Lmxoh6tvJIV6ctnCaED7A\"\n\t\t   class=\"fa fa-youtube-play\">\n\n\t\t\t\t\t\t<span>HM EI Zrt. YouTube csatorn\u00e1ja <\/span>\t\t<\/a>\n\n\n\t\t<\/span>\n\n<\/span><\/div><\/div><\/div>\n<div class=\"srevonal-b\"><\/div><\/div><!-- .col-* -->\n<div class=\"col-xs-12 col-12 col-lg-6 nyitoblokk-tartalom\" >\n\t\t<h2 class=\"special-heading text-left\">\n\t\t<span class=\"\">\n\t\tRendszerintegr\u00e1ci\u00f3 Technikai T\u00e1mogat\u00f3 Div\u00edzi\u00f3\t<\/span>\n\t<\/h2>\n\n<a href=\"\/en\/inkurrencia\/\">\t<h3 class=\"special-heading text-left\">\n\t\t<span class=\"thin\">\n\t\t&gt; Inkurrencia\t<\/span>\n\t<\/h3>\n\n<\/a\"><\/div><!-- .col-* -->\n\t\t<\/div>\n\n\t<\/div>\n<\/section>","protected":false},"excerpt":{"rendered":"<p>Fejl\u00e9c IS Szolg\u00e1ltat\u00e1s Slider Bels\u0151 oldal f\u0151c\u00edm sor Rendszerintegr\u00e1ci\u00f3 C\u00edmlap \/ Szolg\u00e1ltat\u00e1sok \/ Rendszerintegr\u00e1ci\u00f3 Tartalom RTTD Rendszerintegr\u00e1ci\u00f3 HM EI Zrt. YouTube csatorn\u00e1ja Rendszerintegr\u00e1ci\u00f3 Technikai T\u00e1mogat\u00f3 Div\u00edzi\u00f3 &gt; Inkurrencia<\/p>","protected":false},"author":24,"featured_media":0,"parent":3936,"menu_order":0,"comment_status":"closed","ping_status":"closed","template":"page-templates\/full-width.php","meta":{"footnotes":""},"class_list":["post-6620","page","type-page","status-publish","hentry"],"_links":{"self":[{"href":"https:\/\/hmei.hu\/en\/wp-json\/wp\/v2\/pages\/6620","targetHints":{"allow":["GET"]}}],"collection":[{"href":"https:\/\/hmei.hu\/en\/wp-json\/wp\/v2\/pages"}],"about":[{"href":"https:\/\/hmei.hu\/en\/wp-json\/wp\/v2\/types\/page"}],"author":[{"embeddable":true,"href":"https:\/\/hmei.hu\/en\/wp-json\/wp\/v2\/users\/24"}],"replies":[{"embeddable":true,"href":"https:\/\/hmei.hu\/en\/wp-json\/wp\/v2\/comments?post=6620"}],"version-history":[{"count":8,"href":"https:\/\/hmei.hu\/en\/wp-json\/wp\/v2\/pages\/6620\/revisions"}],"predecessor-version":[{"id":8107,"href":"https:\/\/hmei.hu\/en\/wp-json\/wp\/v2\/pages\/6620\/revisions\/8107"}],"up":[{"embeddable":true,"href":"https:\/\/hmei.hu\/en\/wp-json\/wp\/v2\/pages\/3936"}],"wp:attachment":[{"href":"https:\/\/hmei.hu\/en\/wp-json\/wp\/v2\/media?parent=6620"}],"curies":[{"name":"wp","href":"https:\/\/api.w.org\/{rel}","templated":true}]}}