{"id":8198,"date":"2022-02-08T21:26:05","date_gmt":"2022-02-08T19:26:05","guid":{"rendered":"https:\/\/hmei.hu\/?page_id=8198"},"modified":"2026-03-03T15:20:47","modified_gmt":"2026-03-03T13:20:47","slug":"kiadvanyaink","status":"publish","type":"page","link":"https:\/\/hmei.hu\/en\/kiadvanyaink\/","title":{"rendered":"Publications"},"content":{"rendered":"<section class=\"ls     fejlec is\"\n         id=\"fejlec-cimlap\"\n\t\t\t>\n\t<h6 class=\"d-none\">Fejl\u00e9c IS \u00fcres <\/h6>\n\t\t<div class=\"container-fluid\">\n\t\t<div class=\"row\">\n\t\t\t<div class=\"col-xs-12 col-12 coverimg is\" >\n\t\n<div class=\"rellax\" data-rellax-speed=\"-4\">\n<\/div><\/div><!-- .col-* -->\n\t\t<\/div>\n\n\t<\/div>\n<\/section>\n<aside class=\"shortcode-widget-area\"><div id=\"custom_html-10\" class=\"widget_text widget widget_custom_html\"><h3 class=\"widget-title\">Szolg\u00e1ltat\u00e1s Slider<\/h3><div class=\"textwidget custom-html-widget\"><div class=\"cs cs2 is\" id=\"fejlec-iconslider\">\r\n    <div class=\"container\">\r\n    <div class=\"row\">\r\n    <div class=\"col-xs-12 col-12 fejlec-slider-ikonok\">\r\n        \r\n    <div class=\"owl-carousel owl-loaded owl-drag owl-theme\" data-items=\"5\" data-loop=\"false\" data-nav=\"true\" data-dots=\"false\" data-center=\"false\" data-autoplay=\"false\" data-responsive-lg=\"5\" data-responsive-md=\"4\" data-responsive-sm=\"3\" data-responsive-xs=\"1\" data-margin=\"2\">\r\n    \r\n    <span class=\"ingatlan\" data-index=\"0\">\r\n        <a lang=\"en-GB\" class=\"en\"  data-info=\"Real Estate\" href=\"\/en\/szolgaltatasok\/ingatlan\/\" target=\"_self\">\r\n            <img decoding=\"async\" src=\"\/wp-content\/uploads\/2022\/01\/luft-icon.png\" alt=\"\/\/www.hmei.hu\/wp-content\/uploads\/2022\/01\/luft-icon.png\">\r\n        <\/a>\r\n        <a lang=\"hu\" class=\"hu\" data-info=\"Ingatlan\" href=\"\/en\/szolgaltatasok\/ingatlan\/\" target=\"_self\" >\r\n            <img decoding=\"async\" src=\"\/wp-content\/uploads\/2022\/01\/luft-icon.png\" alt=\"\/\/www.hmei.hu\/wp-content\/uploads\/2022\/01\/luft-icon.png\">\r\n        <\/a>\r\n    <\/span>\r\n        \r\n    <span class=\"it\" data-index=\"1\">\r\n        <a lang=\"en-GB\" class=\"en\" data-info=\"IT\" href=\"\/en\/szolgaltatasok\/informatika\/\" target=\"_self\">\r\n            <img decoding=\"async\" src=\"\/wp-content\/uploads\/2022\/01\/luft-icon.png\" alt=\"\/\/www.hmei.hu\/wp-content\/uploads\/2022\/01\/luft-icon.png\">\r\n        <\/a>\r\n        <a lang=\"hu\" class=\"hu\" data-info=\"Informatika\" href=\"\/en\/szolgaltatasok\/informatika\/\" target=\"_self\">\r\n            <img decoding=\"async\" src=\"\/wp-content\/uploads\/2022\/01\/luft-icon.png\" alt=\"\/\/www.hmei.hu\/wp-content\/uploads\/2022\/01\/luft-icon.png\">\r\n        <\/a>\r\n    <\/span>\r\n        \r\n    <span class=\"orzes\" data-index=\"2\">\r\n        <a lang=\"en-GB\" class=\"en\" data-info=\"Security and protection\" href=\"\/en\/szolgaltatasok\/orzes-vedelem\/\" target=\"_self\">\r\n            <img decoding=\"async\" src=\"\/wp-content\/uploads\/2022\/01\/luft-icon.png\" alt=\"\/\/www.hmei.hu\/wp-content\/uploads\/2022\/01\/luft-icon.png\">\r\n        <\/a>\r\n        <a lang=\"hu\" class=\"hu\" data-info=\"\u0150rz\u00e9s-\u200bv\u00e9delemm\" href=\"\/en\/szolgaltatasok\/orzes-vedelem\/\" target=\"_self\">\r\n            <img decoding=\"async\" src=\"\/wp-content\/uploads\/2022\/01\/luft-icon.png\" alt=\"\/\/www.hmei.hu\/wp-content\/uploads\/2022\/01\/luft-icon.png\">\r\n        <\/a>\r\n    <\/span>\r\n        \r\n    <span class=\"ruhazat\" data-index=\"3\">\r\n        <a lang=\"en-GB\" class=\"en\" data-info=\"Textile industry\" href=\"\/en\/szolgaltatasok\/textilipar\/\" target=\"_self\">\r\n            <img decoding=\"async\" src=\"\/wp-content\/uploads\/2022\/01\/luft-icon.png\" alt=\"\/\/www.hmei.hu\/wp-content\/uploads\/2022\/01\/luft-icon.png\">\r\n        <\/a>\r\n        <a lang=\"hu\" class=\"hu\" data-info=\"Textilipar\" href=\"\/en\/szolgaltatasok\/textilipar\/\" target=\"_self\">\r\n            <img decoding=\"async\" src=\"\/wp-content\/uploads\/2022\/01\/luft-icon.png\" alt=\"\/\/www.hmei.hu\/wp-content\/uploads\/2022\/01\/luft-icon.png\">\r\n        <\/a>\r\n    <\/span>\r\n        \r\n    <span class=\"dron\" data-index=\"4\">\r\n        <a lang=\"en-GB\" class=\"en\" data-info=\"Aeronaitics\" href=\"\/en\/szolgaltatasok\/repules\/\" target=\"_self\">\r\n            <img decoding=\"async\" src=\"\/wp-content\/uploads\/2022\/01\/luft-icon.png\" alt=\"\/\/www.hmei.hu\/wp-content\/uploads\/2022\/01\/luft-icon.png\">\r\n        <\/a>\r\n        <a lang=\"hu\" class=\"hu\" data-info=\"Rep\u00fcl\u00e9s\" href=\"\/en\/szolgaltatasok\/repules\/\" target=\"_self\">\r\n            <img decoding=\"async\" src=\"\/wp-content\/uploads\/2022\/01\/luft-icon.png\" alt=\"\/\/www.hmei.hu\/wp-content\/uploads\/2022\/01\/luft-icon.png\">\r\n        <\/a>\r\n    <\/span>\r\n        \r\n    <span class=\"flotta\" data-index=\"5\">\r\n        <a lang=\"en-GB\" class=\"en\" data-info=\"Fleet management\" href=\"\/en\/szolgaltatasok\/flottakezeles\/\" target=\"_self\">\r\n            <img decoding=\"async\" src=\"\/wp-content\/uploads\/2022\/01\/luft-icon.png\" alt=\"\/wp-content\/uploads\/2022\/01\/luft-icon.png\">\r\n        <\/a>\r\n        <a lang=\"hu\" class=\"hu\" data-info=\"Flotta\u00adkezel\u00e9s\" href=\"\/en\/szolgaltatasok\/flottakezeles\/\" target=\"_self\">\r\n            <img decoding=\"async\" src=\"\/wp-content\/uploads\/2022\/01\/luft-icon.png\" alt=\"\/wp-content\/uploads\/2022\/01\/luft-icon.png\">\r\n        <\/a>\r\n    <\/span><\/div><\/div><\/div><\/div><\/div><\/div><\/div><\/aside>\n\n<section class=\"ls     fejlec-cimsor\"\n         id=\"belso-lista\"\n\t\t\t>\n\t<h6 class=\"d-none\">Bels\u0151 oldal f\u0151c\u00edm sor<\/h6>\n\t\t<div class=\"container\">\n\t\t<div class=\"row\">\n\t\t\t<div class=\"col-xs-12 col-12\" >\n\t\t<h1 class=\"special-heading text-left\">\n\t\t<span class=\"\">\n\t\tPublications\t<\/span>\n\t<\/h1>\n<p><a href=\"..\/\">HOME<\/a> <span class=\"elv\">\/ Kiadv\u00e1nyaink<\/span><\/p><\/div><!-- .col-* -->\n\t\t<\/div>\n\n\t<\/div>\n<\/section>\n\n<section class=\"ls     nyitoblokk-hosszuszoveg-balikon is\"\n         id=\"fbl_1\"\n\t\t\t>\n\t<h6 class=\"d-none\">Tartalom<\/h6>\n\t\t<div class=\"container\">\n\t\t<div class=\"row\">\n\t\t\t<div class=\"col-xs-12 col-12 col-lg-1 blokk-szamozas\" >\n\t\t<h4 class=\"special-heading text-center\">\n\t\t<span class=\"thin text-uppercase big\">\n\t\tK<br>i<br>a<br>d<br>v<br>\u00e1<br>n<br>y<br>o<br>k\t<\/span>\n\t<\/h4>\n<\/div><!-- .col-* -->\n<div class=\"col-xs-12 col-12 nyitoblokk-tartalom nosp\" >\n\t<p><img decoding=\"async\" src=\"https:\/\/hmei.hu\/wp-content\/uploads\/2023\/02\/Einnovacio.jpg\" alt=\"Einnov\u00e1ci\u00f3s\" \/><\/p><p>A HM Elektronikai, Logisztikai \u00e9s Vagyonkezel\u0151 Zrt. negyed\u00e9venk\u00e9nt megjelen\u0151 kiadv\u00e1nya.<\/p><p><a style=\"color: red;\" href=\"https:\/\/hmei.hu\/wp-content\/uploads\/2023\/02\/Einnovacio_1.-evf.-1.-szam_2023.pdf\">I. \u00e9vfolyam. 1. sz\u00e1m. 2023<\/a><br \/><a style=\"color: red;\" href=\"https:\/\/hmei.hu\/wp-content\/uploads\/2023\/08\/HMEIZrt_Einnovacio-2.szam_.pdf\">I. \u00e9vfolyam 2. sz\u00e1m. 2023<\/a><br \/><a style=\"color: red;\" href=\"https:\/\/hmei.hu\/wp-content\/uploads\/2023\/12\/nyomdai_HMEIZrt_Einnovacio_3_4_szam_JAV1129-3.pdf\">I. \u00e9vfolyam 3-4. sz\u00e1m 2023<\/a><br \/><a style=\"color: red;\" href=\"\/wp-content\/uploads\/2024\/04\/HMEI_Einnovacio_II_evfolyam_1_sz.pdf\">II. \u00e9vfolyam 1. sz\u00e1m 2024<\/a><br \/><a style=\"color: red;\" href=\"\/wp-content\/uploads\/2024\/07\/Einnovacio_2024_ll.evf_.-2.szam_.pdf\">II. \u00e9vfolyam 2. sz\u00e1m 2024<\/a><br \/><a style=\"color: red;\" href=\"\/wp-content\/uploads\/2024\/12\/HMEIZrt_Einnovacio_240304-jav_1114.pdf\">II. \u00e9vfolyam 3-4. sz\u00e1m 2024<\/a><br \/><a style=\"color: red;\" href=\"\/wp-content\/uploads\/2025\/03\/73713_Einnovacio_2025_III-evfolyam_1-szam.pdf\">III. \u00e9vfolyam 1. sz\u00e1m 2025<\/a><br \/><a style=\"color: red;\" href=\"\/wp-content\/uploads\/2025\/05\/HMEIZrt_Einnovacio_2025.-lll.evfolyam-2.szam_.pdf\">III. \u00e9vfolyam 2. sz\u00e1m 2025<\/a><br \/><a style=\"color: red;\" href=\"\/wp-content\/uploads\/2025\/11\/Einnovacio-lll.-evfolyam-3-4.-szam.pdf\">III. \u00e9vfolyam 3-4. sz\u00e1m 2025<\/a><br \/><a style=\"color: red;\" href=\"\/wp-content\/uploads\/2026\/03\/HMEIZrt_Einnovacio_IV_1_webre.pdf\">IV. \u00e9vfolyam 1. sz\u00e1m 2026<\/a><\/p><\/div><!-- .col-* -->\n\t\t<\/div>\n\n\t<\/div>\n<\/section>\n<aside class=\"shortcode-widget-area\"><\/aside>","protected":false},"excerpt":{"rendered":"<p>Fejl\u00e9c IS \u00fcres Szolg\u00e1ltat\u00e1s Slider Bels\u0151 oldal f\u0151c\u00edm sor Kiadv\u00e1nyaink C\u00edmlap \/ Kiadv\u00e1nyaink Tartalom Kiadv\u00e1nyok A HM Elektronikai, Logisztikai \u00e9s Vagyonkezel\u0151 Zrt. negyed\u00e9venk\u00e9nt megjelen\u0151 kiadv\u00e1nya.I. \u00e9vfolyam. 1. sz\u00e1m. 2023I. \u00e9vfolyam 2. sz\u00e1m. 2023I. \u00e9vfolyam 3-4. sz\u00e1m 2023II. \u00e9vfolyam 1. sz\u00e1m 2024II. \u00e9vfolyam 2. sz\u00e1m 2024II. \u00e9vfolyam 3-4. sz\u00e1m 2024III. \u00e9vfolyam 1. sz\u00e1m 2025III. \u00e9vfolyam 2. [&hellip;]<\/p>\n","protected":false},"author":24,"featured_media":0,"parent":0,"menu_order":0,"comment_status":"closed","ping_status":"closed","template":"page-templates\/full-width.php","meta":{"footnotes":""},"class_list":["post-8198","page","type-page","status-publish","hentry"],"_links":{"self":[{"href":"https:\/\/hmei.hu\/en\/wp-json\/wp\/v2\/pages\/8198","targetHints":{"allow":["GET"]}}],"collection":[{"href":"https:\/\/hmei.hu\/en\/wp-json\/wp\/v2\/pages"}],"about":[{"href":"https:\/\/hmei.hu\/en\/wp-json\/wp\/v2\/types\/page"}],"author":[{"embeddable":true,"href":"https:\/\/hmei.hu\/en\/wp-json\/wp\/v2\/users\/24"}],"replies":[{"embeddable":true,"href":"https:\/\/hmei.hu\/en\/wp-json\/wp\/v2\/comments?post=8198"}],"version-history":[{"count":120,"href":"https:\/\/hmei.hu\/en\/wp-json\/wp\/v2\/pages\/8198\/revisions"}],"predecessor-version":[{"id":9095,"href":"https:\/\/hmei.hu\/en\/wp-json\/wp\/v2\/pages\/8198\/revisions\/9095"}],"wp:attachment":[{"href":"https:\/\/hmei.hu\/en\/wp-json\/wp\/v2\/media?parent=8198"}],"curies":[{"name":"wp","href":"https:\/\/api.w.org\/{rel}","templated":true}]}}