{"id":8649,"date":"2023-10-20T14:59:35","date_gmt":"2023-10-20T12:59:35","guid":{"rendered":"https:\/\/hmei.hu\/?page_id=8649"},"modified":"2025-11-28T12:12:20","modified_gmt":"2025-11-28T10:12:20","slug":"palyazatok","status":"publish","type":"page","link":"https:\/\/hmei.hu\/en\/bemutatkozas\/palyazatok\/","title":{"rendered":"P\u00e1ly\u00e1zatok"},"content":{"rendered":"<section class=\"ls     fejlec is\"\n         id=\"fejlec-cimlap\"\n\t\t\t>\n\t<h6 class=\"d-none\">Fejl\u00e9c IS \u00fcres <\/h6>\n\t\t<div class=\"container-fluid\">\n\t\t<div class=\"row\">\n\t\t\t<div class=\"col-xs-12 col-12 coverimg is\" >\n\t\n<div class=\"rellax\" data-rellax-speed=\"-4\">\n<\/div><\/div><!-- .col-* -->\n\t\t<\/div>\n\n\t<\/div>\n<\/section>\n<aside class=\"shortcode-widget-area\"><div id=\"custom_html-10\" class=\"widget_text widget widget_custom_html\"><h3 class=\"widget-title\">Szolg\u00e1ltat\u00e1s Slider<\/h3><div class=\"textwidget custom-html-widget\"><div class=\"cs cs2 is\" id=\"fejlec-iconslider\">\r\n    <div class=\"container\">\r\n    <div class=\"row\">\r\n    <div class=\"col-xs-12 col-12 fejlec-slider-ikonok\">\r\n        \r\n    <div class=\"owl-carousel owl-loaded owl-drag owl-theme\" data-items=\"5\" data-loop=\"false\" data-nav=\"true\" data-dots=\"false\" data-center=\"false\" data-autoplay=\"false\" data-responsive-lg=\"5\" data-responsive-md=\"4\" data-responsive-sm=\"3\" data-responsive-xs=\"1\" data-margin=\"2\">\r\n    \r\n    <span class=\"ingatlan\" data-index=\"0\">\r\n        <a lang=\"en-GB\" class=\"en\"  data-info=\"Real Estate\" href=\"\/en\/szolgaltatasok\/ingatlan\/\" target=\"_self\">\r\n            <img decoding=\"async\" src=\"\/wp-content\/uploads\/2022\/01\/luft-icon.png\" alt=\"\/\/www.hmei.hu\/wp-content\/uploads\/2022\/01\/luft-icon.png\">\r\n        <\/a>\r\n        <a lang=\"hu\" class=\"hu\" data-info=\"Ingatlan\" href=\"\/en\/szolgaltatasok\/ingatlan\/\" target=\"_self\" >\r\n            <img decoding=\"async\" src=\"\/wp-content\/uploads\/2022\/01\/luft-icon.png\" alt=\"\/\/www.hmei.hu\/wp-content\/uploads\/2022\/01\/luft-icon.png\">\r\n        <\/a>\r\n    <\/span>\r\n        \r\n    <span class=\"it\" data-index=\"1\">\r\n        <a lang=\"en-GB\" class=\"en\" data-info=\"IT\" href=\"\/en\/szolgaltatasok\/informatika\/\" target=\"_self\">\r\n            <img decoding=\"async\" src=\"\/wp-content\/uploads\/2022\/01\/luft-icon.png\" alt=\"\/\/www.hmei.hu\/wp-content\/uploads\/2022\/01\/luft-icon.png\">\r\n        <\/a>\r\n        <a lang=\"hu\" class=\"hu\" data-info=\"Informatika\" href=\"\/en\/szolgaltatasok\/informatika\/\" target=\"_self\">\r\n            <img decoding=\"async\" src=\"\/wp-content\/uploads\/2022\/01\/luft-icon.png\" alt=\"\/\/www.hmei.hu\/wp-content\/uploads\/2022\/01\/luft-icon.png\">\r\n        <\/a>\r\n    <\/span>\r\n        \r\n    <span class=\"orzes\" data-index=\"2\">\r\n        <a lang=\"en-GB\" class=\"en\" data-info=\"Security and protection\" href=\"\/en\/szolgaltatasok\/orzes-vedelem\/\" target=\"_self\">\r\n            <img decoding=\"async\" src=\"\/wp-content\/uploads\/2022\/01\/luft-icon.png\" alt=\"\/\/www.hmei.hu\/wp-content\/uploads\/2022\/01\/luft-icon.png\">\r\n        <\/a>\r\n        <a lang=\"hu\" class=\"hu\" data-info=\"\u0150rz\u00e9s-\u200bv\u00e9delemm\" href=\"\/en\/szolgaltatasok\/orzes-vedelem\/\" target=\"_self\">\r\n            <img decoding=\"async\" src=\"\/wp-content\/uploads\/2022\/01\/luft-icon.png\" alt=\"\/\/www.hmei.hu\/wp-content\/uploads\/2022\/01\/luft-icon.png\">\r\n        <\/a>\r\n    <\/span>\r\n        \r\n    <span class=\"ruhazat\" data-index=\"3\">\r\n        <a lang=\"en-GB\" class=\"en\" data-info=\"Textile industry\" href=\"\/en\/szolgaltatasok\/textilipar\/\" target=\"_self\">\r\n            <img decoding=\"async\" src=\"\/wp-content\/uploads\/2022\/01\/luft-icon.png\" alt=\"\/\/www.hmei.hu\/wp-content\/uploads\/2022\/01\/luft-icon.png\">\r\n        <\/a>\r\n        <a lang=\"hu\" class=\"hu\" data-info=\"Textilipar\" href=\"\/en\/szolgaltatasok\/textilipar\/\" target=\"_self\">\r\n            <img decoding=\"async\" src=\"\/wp-content\/uploads\/2022\/01\/luft-icon.png\" alt=\"\/\/www.hmei.hu\/wp-content\/uploads\/2022\/01\/luft-icon.png\">\r\n        <\/a>\r\n    <\/span>\r\n        \r\n    <span class=\"dron\" data-index=\"4\">\r\n        <a lang=\"en-GB\" class=\"en\" data-info=\"Aeronaitics\" href=\"\/en\/szolgaltatasok\/repules\/\" target=\"_self\">\r\n            <img decoding=\"async\" src=\"\/wp-content\/uploads\/2022\/01\/luft-icon.png\" alt=\"\/\/www.hmei.hu\/wp-content\/uploads\/2022\/01\/luft-icon.png\">\r\n        <\/a>\r\n        <a lang=\"hu\" class=\"hu\" data-info=\"Rep\u00fcl\u00e9s\" href=\"\/en\/szolgaltatasok\/repules\/\" target=\"_self\">\r\n            <img decoding=\"async\" src=\"\/wp-content\/uploads\/2022\/01\/luft-icon.png\" alt=\"\/\/www.hmei.hu\/wp-content\/uploads\/2022\/01\/luft-icon.png\">\r\n        <\/a>\r\n    <\/span>\r\n        \r\n    <span class=\"flotta\" data-index=\"5\">\r\n        <a lang=\"en-GB\" class=\"en\" data-info=\"Fleet management\" href=\"\/en\/szolgaltatasok\/flottakezeles\/\" target=\"_self\">\r\n            <img decoding=\"async\" src=\"\/wp-content\/uploads\/2022\/01\/luft-icon.png\" alt=\"\/wp-content\/uploads\/2022\/01\/luft-icon.png\">\r\n        <\/a>\r\n        <a lang=\"hu\" class=\"hu\" data-info=\"Flotta\u00adkezel\u00e9s\" href=\"\/en\/szolgaltatasok\/flottakezeles\/\" target=\"_self\">\r\n            <img decoding=\"async\" src=\"\/wp-content\/uploads\/2022\/01\/luft-icon.png\" alt=\"\/wp-content\/uploads\/2022\/01\/luft-icon.png\">\r\n        <\/a>\r\n    <\/span><\/div><\/div><\/div><\/div><\/div><\/div><\/div><\/aside>\n\n<section class=\"ls     fejlec-cimsor\"\n         id=\"belso-lista\"\n\t\t\t>\n\t<h6 class=\"d-none\">Bels\u0151 oldal f\u0151c\u00edm sor<\/h6>\n\t\t<div class=\"container\">\n\t\t<div class=\"row\">\n\t\t\t<div class=\"col-xs-12 col-12\" >\n\t\t<h1 class=\"special-heading text-left\">\n\t\t<span class=\"\">\n\t\tP\u00e1ly\u00e1zatok\t<\/span>\n\t<\/h1>\n<p><a href=\"..\/\">HOME<\/a> <span class=\"elv\">\/ P\u00e1ly\u00e1zatok<\/span><\/p><\/div><!-- .col-* -->\n\t\t<\/div>\n\n\t<\/div>\n<\/section>\n\n<section class=\"ls     nyitoblokk-hosszuszoveg-balikon is\"\n         id=\"fbl_1\"\n\t\t\t>\n\t<h6 class=\"d-none\">Tartalom<\/h6>\n\t\t<div class=\"container\">\n\t\t<div class=\"row\">\n\t\t\t<div class=\"col-xs-12 col-12 col-lg-1 blokk-szamozas\" >\n\t\t<h4 class=\"special-heading text-center\">\n\t\t<span class=\"thin text-uppercase big\">\n\t\tK<br>i<br>a<br>d<br>v<br>\u00e1<br>n<br>y<br>o<br>k\t<\/span>\n\t<\/h4>\n<\/div><!-- .col-* -->\n<div class=\"col-xs-12 col-12 nyitoblokk-tartalom nosp\" >\n\t<ul id=\"tis\" class=\"letli\"><li><h3>Kooperat\u00edv Technol\u00f3gi\u00e1k Nemzeti Laborat\u00f3rium<\/h3><p><img decoding=\"async\" src=\"\/wp-content\/uploads\/2023\/10\/NKIFH.png\" alt=\"NKFIH\" \/><\/p><p class=\"kibo\"><a href=\"#toggle1\" class=\"fly\">B\u0151vebben<\/a><\/p><ul id=\"toggle1\" class=\"op1\"><li><table width=\"730\"><tbody><tr><td width=\"183\">Projektc\u00edm<\/td><td width=\"546\">Kooperat\u00edv Technol\u00f3gi\u00e1k Nemzeti Laborat\u00f3rium<\/td><\/tr><tr><td width=\"183\">Projektazonos\u00edt\u00f3<\/td><td width=\"546\">2022-2.1.1-NL-2022-00012<\/td><\/tr><tr><td width=\"183\">Honlap<\/td><td width=\"546\"><a href=\"https:\/\/techtra.hu\/kooperativ-technologiak-nemzeti-labor\">TECHTRA ZRT<\/a><\/td><\/tr><tr><td width=\"183\">F\u0151p\u00e1ly\u00e1z\u00f3<\/td><td width=\"546\">TECHTRA Technol\u00f3gia Transzfer Int\u00e9zet K\u00f6zhaszn\u00fa Nonprofit Zrt<\/td><\/tr><tr><td width=\"183\">Konzorciumi tagok<\/td><td width=\"546\">Budapesti M\u0171szaki \u00e9s Gazdas\u00e1gtudom\u00e1nyi Egyetem<br \/>CollMot Robotikai Kutat\u00f3-fejleszt\u0151 Korl\u00e1tolt Felel\u0151ss\u00e9g\u0171 T\u00e1rsas\u00e1g<br \/>Femtonics Kutat\u00f3 \u00e9s Fejleszt\u0151 Korl\u00e1tolt Felel\u0151ss\u00e9g\u0171 T\u00e1rsas\u00e1g<br \/>HM Elektronikai, Logisztikai \u00e9s Vagyonkezel\u0151 Z\u00e1rtk\u00f6r\u0171en M\u0171k\u00f6d\u0151 R\u00e9szv\u00e9nyt\u00e1rsas\u00e1g<br \/>HUN-REN Sz\u00e1m\u00edt\u00e1stechnikai \u00e9s Automatiz\u00e1l\u00e1si Kutat\u00f3int\u00e9zet<br \/>Magyar Agr\u00e1r- \u00e9s \u00c9lettudom\u00e1nyi Egyetem<br \/>MouldTech Systems Korl\u00e1tolt Felel\u0151ss\u00e9g\u0171 T\u00e1rsas\u00e1g<br \/>Nemzeti K\u00f6zszolg\u00e1lati Egyetem<br \/>P\u00e9csi Tudom\u00e1nyegyetem<br \/>Sz\u00e9chenyi Istv\u00e1n Egyetem<br \/>Szegedi Tudom\u00e1nyegyetem<br \/>ZalaZONE InnoTech Nonprofit Kft.<\/td><\/tr><tr><td width=\"183\">Projekt v\u00e9ge<\/td><td width=\"546\">2026.10.30.<\/td><\/tr><tr><td width=\"183\">\u00a0T\u00e1mogat\u00e1s \u00f6sszege<br \/>(j\u00f3v\u00e1hagyott, HUF)<\/td><td width=\"546\">10.000.000.000\u00a0Ft<\/td><\/tr><tr><td width=\"183\">HM EI Zrt. T\u00e1mogat\u00e1s \u00f6sszege<br \/>(j\u00f3v\u00e1hagyott, HUF)<\/td><td width=\"546\">250.000.000 Ft<\/td><\/tr><\/tbody><\/table><p>A projekt r\u00f6vid bemutat\u00e1sa:<\/p><p>A HM EI Zrt., mint konzorciumi tag 250 milli\u00f3 forintot nyert dr\u00f3ntechnol\u00f3gia fejleszt\u00e9s\u00e9re. A\u00a0Kooperat\u00edv Technol\u00f3gi\u00e1k Nemzeti Laborat\u00f3rium\u00a0t\u00f6bbc\u00e9l\u00fa ipari innov\u00e1ci\u00f3s kapacit\u00e1sok \u00e9s kompetenci\u00e1k fel\u00e9p\u00edt\u00e9s\u00e9t \u00e9s fejleszt\u00e9s\u00e9t v\u00e9gzi. F\u0151 c\u00e9lja olyan \u201einnov\u00e1ci\u00f3s t\u00e9r\u201d fizikai \u00e9s tartalmi megval\u00f3s\u00edt\u00e1sa, ami az ipar \u00e9s ennek meghat\u00e1roz\u00f3 elemek\u00e9nt a kapcsol\u00f3d\u00f3 t\u00f6bbc\u00e9l\u00fa ipar digitaliz\u00e1ci\u00f3j\u00e1ban, kutat\u00e1s\u00e1ban \u00e9s fejleszt\u00e9s\u00e9ben nemzeti \u00e9s region\u00e1lis szinten is kulcsszerepet j\u00e1tszik. A hazai t\u00f6bbc\u00e9l\u00fa innov\u00e1ci\u00f3s fejleszt\u00e9sek c\u00e9lja a kett\u0151s felhaszn\u00e1l\u00e1s\u00fa (katonai \u00e9s civil) term\u00e9keket el\u0151\u00e1ll\u00edt\u00f3, a hazai kutat\u00e1sokra \u00e9s tud\u00e1sb\u00e1zisra alapoz\u00f3 t\u00f6bbc\u00e9l\u00fa innov\u00e1ci\u00f3s rendszer (\u00f6kosziszt\u00e9ma) ki\u00e9p\u00edt\u00e9se, ami meghat\u00e1roz\u00f3 m\u0171szaki kompetencia \u00e9s tud\u00e1s, h\u00e1tt\u00e9r ig\u00e9nye miatt jelent\u0151s m\u00e9rt\u00e9kben t\u00e1maszkodik a hazai egyetemek \u00e9s kutat\u00f3int\u00e9zetek megl\u00e9v\u0151 \u00e9s tov\u00e1bb fejleszthet\u0151 kompetenci\u00e1ira, kapacit\u00e1saira, innovat\u00edv ipari partnereket is bevonva. A\u00a0Kooperat\u00edv Technol\u00f3gi\u00e1k Nemzeti Laborat\u00f3rium\u00a0a t\u00f6bbc\u00e9l\u00fa fejleszt\u00e9s szellemi, innov\u00e1ci\u00f3s \u00e9s koordinat\u00edv feladatait ell\u00e1t\u00f3 infrastruktur\u00e1lis \u00e9s szakmai b\u00e1zis\u00e1nak kifejleszt\u00e9s\u00e9hez illeszked\u0151 program, eszk\u00f6z.<\/p><p><u>Tov\u00e1bbi inform\u00e1ci\u00f3 k\u00e9rhet\u0151:<\/u><br \/><strong><em>Email: juhasz.zsuzsa@hmei.hu<\/em><\/strong><br \/><strong>Email: info@techtra.hu\u00a0<\/strong><br \/>Honlap:\u00a0<a href=\"https:\/\/ktnl.hu\/\">https:\/\/ktnl.hu\/<\/a><\/p><p><img decoding=\"async\" src=\"\/wp-content\/uploads\/2023\/10\/NKFIA_infoblokk_kerettel_program_allo_2019_HU-scaled.jpg\" alt=\"NKFIH\" \/><\/li><\/ul><\/li><\/ul><\/div><!-- .col-* -->\n\t\t<\/div>\n\n\t<\/div>\n<\/section>\n<aside class=\"shortcode-widget-area\"><\/aside>","protected":false},"excerpt":{"rendered":"<p>Fejl\u00e9c IS \u00fcres Szolg\u00e1ltat\u00e1s Slider Bels\u0151 oldal f\u0151c\u00edm sor P\u00e1ly\u00e1zatok C\u00edmlap \/ P\u00e1ly\u00e1zatok Tartalom Kiadv\u00e1nyok Kooperat\u00edv Technol\u00f3gi\u00e1k Nemzeti Laborat\u00f3riumB\u0151vebbenProjektc\u00edmKooperat\u00edv Technol\u00f3gi\u00e1k Nemzeti Laborat\u00f3riumProjektazonos\u00edt\u00f32022-2.1.1-NL-2022-00012HonlapTECHTRA ZRTF\u0151p\u00e1ly\u00e1z\u00f3TECHTRA Technol\u00f3gia Transzfer Int\u00e9zet K\u00f6zhaszn\u00fa Nonprofit ZrtKonzorciumi tagokBudapesti M\u0171szaki \u00e9s Gazdas\u00e1gtudom\u00e1nyi EgyetemCollMot Robotikai Kutat\u00f3-fejleszt\u0151 Korl\u00e1tolt Felel\u0151ss\u00e9g\u0171 T\u00e1rsas\u00e1gFemtonics Kutat\u00f3 \u00e9s Fejleszt\u0151 Korl\u00e1tolt Felel\u0151ss\u00e9g\u0171 T\u00e1rsas\u00e1gHM Elektronikai, Logisztikai \u00e9s Vagyonkezel\u0151 Z\u00e1rtk\u00f6r\u0171en M\u0171k\u00f6d\u0151 R\u00e9szv\u00e9nyt\u00e1rsas\u00e1gHUN-REN Sz\u00e1m\u00edt\u00e1stechnikai \u00e9s Automatiz\u00e1l\u00e1si [&hellip;]<\/p>\n","protected":false},"author":30,"featured_media":0,"parent":5269,"menu_order":0,"comment_status":"closed","ping_status":"closed","template":"page-templates\/full-width.php","meta":{"footnotes":""},"class_list":["post-8649","page","type-page","status-publish","hentry"],"_links":{"self":[{"href":"https:\/\/hmei.hu\/en\/wp-json\/wp\/v2\/pages\/8649","targetHints":{"allow":["GET"]}}],"collection":[{"href":"https:\/\/hmei.hu\/en\/wp-json\/wp\/v2\/pages"}],"about":[{"href":"https:\/\/hmei.hu\/en\/wp-json\/wp\/v2\/types\/page"}],"author":[{"embeddable":true,"href":"https:\/\/hmei.hu\/en\/wp-json\/wp\/v2\/users\/30"}],"replies":[{"embeddable":true,"href":"https:\/\/hmei.hu\/en\/wp-json\/wp\/v2\/comments?post=8649"}],"version-history":[{"count":19,"href":"https:\/\/hmei.hu\/en\/wp-json\/wp\/v2\/pages\/8649\/revisions"}],"predecessor-version":[{"id":9064,"href":"https:\/\/hmei.hu\/en\/wp-json\/wp\/v2\/pages\/8649\/revisions\/9064"}],"up":[{"embeddable":true,"href":"https:\/\/hmei.hu\/en\/wp-json\/wp\/v2\/pages\/5269"}],"wp:attachment":[{"href":"https:\/\/hmei.hu\/en\/wp-json\/wp\/v2\/media?parent=8649"}],"curies":[{"name":"wp","href":"https:\/\/api.w.org\/{rel}","templated":true}]}}